{"id":328,"date":"2024-04-07T15:37:23","date_gmt":"2024-04-07T07:37:23","guid":{"rendered":"https:\/\/test.3dptek.com\/?page_id=328"},"modified":"2024-05-22T13:58:48","modified_gmt":"2024-05-22T05:58:48","slug":"join-us","status":"publish","type":"page","link":"https:\/\/www.3dptek.com\/vi\/about-us\/join-us\/","title":{"rendered":"Tham gia c\u00f9ng ch\u00fang t\u00f4i"},"content":{"rendered":"","protected":false},"excerpt":{"rendered":"","protected":false},"author":1,"featured_media":0,"parent":316,"menu_order":0,"comment_status":"closed","ping_status":"closed","template":"","meta":{"_yoast_wpseo_focuskw":"","_yoast_wpseo_title":"\u4e09\u5e1d\u79d1\u6280\uff0c\u8bda\u8058\u82f1\u624d\uff0c\u671f\u5f85\u60a8\u7684\u52a0\u5165 %%sep%% %%sitename%%","_yoast_wpseo_metadesc":"\u62db\u52df3D\u6253\u5370\u3001\u589e\u6750\u5236\u9020\u884c\u4e1a\u4f18\u79c0\u4eba\u624d\uff0c\u53d1\u5e03\u6700\u65b0\u7684\u804c\u4f4d\u7a7a\u7f3a\u548c\u62db\u8058\u4fe1\u606f\u3002\u5e2e\u52a9\u6c42\u804c\u8005\u66f4\u597d\u5730\u4e86\u89e3\u516c\u53f8\u6587\u5316\u548c\u53d1\u5c55\u524d\u666f\u3002","footnotes":""},"class_list":["post-328","page","type-page","status-publish","hentry"],"acf":[],"yoast_head":"\n\u4e09\u5e1d\u79d1\u6280\uff0c\u8bda\u8058\u82f1\u624d\uff0c\u671f\u5f85\u60a8\u7684\u52a0\u5165 - \u4e09\u5e1d\u79d1\u6280\u80a1\u4efd\u6709\u9650\u516c\u53f8<\/title>\n<meta name=\"description\" content=\"\u62db\u52df3D\u6253\u5370\u3001\u589e\u6750\u5236\u9020\u884c\u4e1a\u4f18\u79c0\u4eba\u624d\uff0c\u53d1\u5e03\u6700\u65b0\u7684\u804c\u4f4d\u7a7a\u7f3a\u548c\u62db\u8058\u4fe1\u606f\u3002\u5e2e\u52a9\u6c42\u804c\u8005\u66f4\u597d\u5730\u4e86\u89e3\u516c\u53f8\u6587\u5316\u548c\u53d1\u5c55\u524d\u666f\u3002\" \/>\n<meta name=\"robots\" content=\"index, follow, max-snippet:-1, max-image-preview:large, max-video-preview:-1\" \/>\n<link rel=\"canonical\" href=\"https:\/\/www.3dptek.com\/vi\/about-us\/join-us\/\" \/>\n<meta property=\"og:locale\" content=\"vi_VN\" \/>\n<meta property=\"og:type\" content=\"article\" \/>\n<meta property=\"og:title\" content=\"\u52a0\u5165\u6211\u4eec\" \/>\n<meta property=\"og:description\" content=\"\u62db\u52df3D\u6253\u5370\u3001\u589e\u6750\u5236\u9020\u884c\u4e1a\u4f18\u79c0\u4eba\u624d\uff0c\u53d1\u5e03\u6700\u65b0\u7684\u804c\u4f4d\u7a7a\u7f3a\u548c\u62db\u8058\u4fe1\u606f\u3002\u5e2e\u52a9\u6c42\u804c\u8005\u66f4\u597d\u5730\u4e86\u89e3\u516c\u53f8\u6587\u5316\u548c\u53d1\u5c55\u524d\u666f\u3002\" \/>\n<meta property=\"og:url\" content=\"https:\/\/www.3dptek.com\/vi\/about-us\/join-us\/\" \/>\n<meta property=\"og:site_name\" content=\"\u4e09\u5e1d\u79d1\u6280\u80a1\u4efd\u6709\u9650\u516c\u53f8\" \/>\n<meta property=\"article:modified_time\" content=\"2024-05-22T05:58:48+00:00\" \/>\n<meta name=\"twitter:card\" content=\"summary_large_image\" \/>\n<meta name=\"twitter:label1\" content=\"\u01af\u1edbc t\u00ednh th\u1eddi gian \u0111\u1ecdc\" \/>\n\t<meta name=\"twitter:data1\" content=\"1 ph\u00fat\" \/>\n<script type=\"application\/ld+json\" class=\"yoast-schema-graph\">{\"@context\":\"https:\/\/schema.org\",\"@graph\":[{\"@type\":\"WebPage\",\"@id\":\"https:\/\/www.3dptek.com\/about-us\/join-us\/\",\"url\":\"https:\/\/www.3dptek.com\/about-us\/join-us\/\",\"name\":\"\u4e09\u5e1d\u79d1\u6280\uff0c\u8bda\u8058\u82f1\u624d\uff0c\u671f\u5f85\u60a8\u7684\u52a0\u5165 - \u4e09\u5e1d\u79d1\u6280\u80a1\u4efd\u6709\u9650\u516c\u53f8\",\"isPartOf\":{\"@id\":\"https:\/\/www.3dptek.com\/#website\"},\"datePublished\":\"2024-04-07T07:37:23+00:00\",\"dateModified\":\"2024-05-22T05:58:48+00:00\",\"description\":\"\u62db\u52df3D\u6253\u5370\u3001\u589e\u6750\u5236\u9020\u884c\u4e1a\u4f18\u79c0\u4eba\u624d\uff0c\u53d1\u5e03\u6700\u65b0\u7684\u804c\u4f4d\u7a7a\u7f3a\u548c\u62db\u8058\u4fe1\u606f\u3002\u5e2e\u52a9\u6c42\u804c\u8005\u66f4\u597d\u5730\u4e86\u89e3\u516c\u53f8\u6587\u5316\u548c\u53d1\u5c55\u524d\u666f\u3002\",\"breadcrumb\":{\"@id\":\"https:\/\/www.3dptek.com\/about-us\/join-us\/#breadcrumb\"},\"inLanguage\":\"vi\",\"potentialAction\":[{\"@type\":\"ReadAction\",\"target\":[\"https:\/\/www.3dptek.com\/about-us\/join-us\/\"]}]},{\"@type\":\"BreadcrumbList\",\"@id\":\"https:\/\/www.3dptek.com\/about-us\/join-us\/#breadcrumb\",\"itemListElement\":[{\"@type\":\"ListItem\",\"position\":1,\"name\":\"\u9996\u9875\",\"item\":\"https:\/\/www.3dptek.com\/\"},{\"@type\":\"ListItem\",\"position\":2,\"name\":\"\u5173\u4e8e\u6211\u4eec\",\"item\":\"https:\/\/www.3dptek.com\/about-us\/\"},{\"@type\":\"ListItem\",\"position\":3,\"name\":\"\u52a0\u5165\u6211\u4eec\"}]},{\"@type\":\"WebSite\",\"@id\":\"https:\/\/www.3dptek.com\/#website\",\"url\":\"https:\/\/www.3dptek.com\/\",\"name\":\"\u4e09\u5e1d\u79d1\u6280\u80a1\u4efd\u6709\u9650\u516c\u53f8\",\"description\":\"\",\"potentialAction\":[{\"@type\":\"SearchAction\",\"target\":{\"@type\":\"EntryPoint\",\"urlTemplate\":\"https:\/\/www.3dptek.com\/?s={search_term_string}\"},\"query-input\":{\"@type\":\"PropertyValueSpecification\",\"valueRequired\":true,\"valueName\":\"search_term_string\"}}],\"inLanguage\":\"vi\"}]}<\/script>\n<!-- \/ Yoast SEO Premium plugin. -->","yoast_head_json":{"title":"San Di Technology, ch\u00fang t\u00f4i \u0111ang t\u00ecm ki\u1ebfm nh\u1eefng t\u00e0i n\u0103ng xu\u1ea5t s\u1eafc, mong ch\u1edd s\u1ef1 gia nh\u1eadp c\u1ee7a b\u1ea1n - C\u00f4ng ty C\u1ed5 ph\u1ea7n C\u00f4ng ngh\u1ec7 San Di","description":"Tuy\u1ec3n d\u1ee5ng nh\u00e2n t\u00e0i xu\u1ea5t s\u1eafc trong ng\u00e0nh in 3D v\u00e0 s\u1ea3n xu\u1ea5t gia c\u00f4ng, c\u00f4ng b\u1ed1 c\u00e1c v\u1ecb tr\u00ed tuy\u1ec3n d\u1ee5ng v\u00e0 th\u00f4ng tin tuy\u1ec3n d\u1ee5ng m\u1edbi nh\u1ea5t. Gi\u00fap ng\u01b0\u1eddi t\u00ecm vi\u1ec7c hi\u1ec3u r\u00f5 h\u01a1n v\u1ec1 v\u0103n h\u00f3a c\u00f4ng ty v\u00e0 tri\u1ec3n v\u1ecdng ph\u00e1t tri\u1ec3n.","robots":{"index":"index","follow":"follow","max-snippet":"max-snippet:-1","max-image-preview":"max-image-preview:large","max-video-preview":"max-video-preview:-1"},"canonical":"https:\/\/www.3dptek.com\/vi\/about-us\/join-us\/","og_locale":"vi_VN","og_type":"article","og_title":"\u52a0\u5165\u6211\u4eec","og_description":"\u62db\u52df3D\u6253\u5370\u3001\u589e\u6750\u5236\u9020\u884c\u4e1a\u4f18\u79c0\u4eba\u624d\uff0c\u53d1\u5e03\u6700\u65b0\u7684\u804c\u4f4d\u7a7a\u7f3a\u548c\u62db\u8058\u4fe1\u606f\u3002\u5e2e\u52a9\u6c42\u804c\u8005\u66f4\u597d\u5730\u4e86\u89e3\u516c\u53f8\u6587\u5316\u548c\u53d1\u5c55\u524d\u666f\u3002","og_url":"https:\/\/www.3dptek.com\/vi\/about-us\/join-us\/","og_site_name":"\u4e09\u5e1d\u79d1\u6280\u80a1\u4efd\u6709\u9650\u516c\u53f8","article_modified_time":"2024-05-22T05:58:48+00:00","twitter_card":"summary_large_image","twitter_misc":{"\u01af\u1edbc t\u00ednh th\u1eddi gian \u0111\u1ecdc":"1 ph\u00fat"},"schema":{"@context":"https:\/\/schema.org","@graph":[{"@type":"WebPage","@id":"https:\/\/www.3dptek.com\/about-us\/join-us\/","url":"https:\/\/www.3dptek.com\/about-us\/join-us\/","name":"San Di Technology, ch\u00fang t\u00f4i \u0111ang t\u00ecm ki\u1ebfm nh\u1eefng t\u00e0i n\u0103ng xu\u1ea5t s\u1eafc, mong ch\u1edd s\u1ef1 gia nh\u1eadp c\u1ee7a b\u1ea1n - C\u00f4ng ty C\u1ed5 ph\u1ea7n C\u00f4ng ngh\u1ec7 San Di","isPartOf":{"@id":"https:\/\/www.3dptek.com\/#website"},"datePublished":"2024-04-07T07:37:23+00:00","dateModified":"2024-05-22T05:58:48+00:00","description":"Tuy\u1ec3n d\u1ee5ng nh\u00e2n t\u00e0i xu\u1ea5t s\u1eafc trong ng\u00e0nh in 3D v\u00e0 s\u1ea3n xu\u1ea5t gia c\u00f4ng, c\u00f4ng b\u1ed1 c\u00e1c v\u1ecb tr\u00ed tuy\u1ec3n d\u1ee5ng v\u00e0 th\u00f4ng tin tuy\u1ec3n d\u1ee5ng m\u1edbi nh\u1ea5t. Gi\u00fap ng\u01b0\u1eddi t\u00ecm vi\u1ec7c hi\u1ec3u r\u00f5 h\u01a1n v\u1ec1 v\u0103n h\u00f3a c\u00f4ng ty v\u00e0 tri\u1ec3n v\u1ecdng ph\u00e1t tri\u1ec3n.","breadcrumb":{"@id":"https:\/\/www.3dptek.com\/about-us\/join-us\/#breadcrumb"},"inLanguage":"vi","potentialAction":[{"@type":"ReadAction","target":["https:\/\/www.3dptek.com\/about-us\/join-us\/"]}]},{"@type":"BreadcrumbList","@id":"https:\/\/www.3dptek.com\/about-us\/join-us\/#breadcrumb","itemListElement":[{"@type":"ListItem","position":1,"name":"\u9996\u9875","item":"https:\/\/www.3dptek.com\/"},{"@type":"ListItem","position":2,"name":"\u5173\u4e8e\u6211\u4eec","item":"https:\/\/www.3dptek.com\/about-us\/"},{"@type":"ListItem","position":3,"name":"\u52a0\u5165\u6211\u4eec"}]},{"@type":"WebSite","@id":"https:\/\/www.3dptek.com\/#website","url":"https:\/\/www.3dptek.com\/","name":"C\u00f4ng ty C\u1ed5 ph\u1ea7n C\u00f4ng ngh\u1ec7 Tam \u0110\u1ebf","description":"","potentialAction":[{"@type":"SearchAction","target":{"@type":"EntryPoint","urlTemplate":"https:\/\/www.3dptek.com\/?s={search_term_string}"},"query-input":{"@type":"PropertyValueSpecification","valueRequired":true,"valueName":"search_term_string"}}],"inLanguage":"vi"}]}},"_links":{"self":[{"href":"https:\/\/www.3dptek.com\/vi\/wp-json\/wp\/v2\/pages\/328","targetHints":{"allow":["GET"]}}],"collection":[{"href":"https:\/\/www.3dptek.com\/vi\/wp-json\/wp\/v2\/pages"}],"about":[{"href":"https:\/\/www.3dptek.com\/vi\/wp-json\/wp\/v2\/types\/page"}],"author":[{"embeddable":true,"href":"https:\/\/www.3dptek.com\/vi\/wp-json\/wp\/v2\/users\/1"}],"replies":[{"embeddable":true,"href":"https:\/\/www.3dptek.com\/vi\/wp-json\/wp\/v2\/comments?post=328"}],"version-history":[{"count":1,"href":"https:\/\/www.3dptek.com\/vi\/wp-json\/wp\/v2\/pages\/328\/revisions"}],"predecessor-version":[{"id":329,"href":"https:\/\/www.3dptek.com\/vi\/wp-json\/wp\/v2\/pages\/328\/revisions\/329"}],"up":[{"embeddable":true,"href":"https:\/\/www.3dptek.com\/vi\/wp-json\/wp\/v2\/pages\/316"}],"wp:attachment":[{"href":"https:\/\/www.3dptek.com\/vi\/wp-json\/wp\/v2\/media?parent=328"}],"curies":[{"name":"wp","href":"https:\/\/api.w.org\/{rel}","templated":true}]}}