{"id":284,"date":"2024-04-07T10:44:00","date_gmt":"2024-04-07T02:44:00","guid":{"rendered":"https:\/\/test.3dptek.com\/?page_id=284"},"modified":"2024-05-22T15:33:14","modified_gmt":"2024-05-22T07:33:14","slug":"automotive","status":"publish","type":"page","link":"https:\/\/www.3dptek.com\/vi\/industry-applications\/automotive\/","title":{"rendered":"\u00d4 t\u00f4 (x\u0103ng\/n\u0103ng l\u01b0\u1ee3ng m\u1edbi)"},"content":{"rendered":"","protected":false},"excerpt":{"rendered":"","protected":false},"author":1,"featured_media":0,"parent":273,"menu_order":0,"comment_status":"closed","ping_status":"closed","template":"","meta":{"_yoast_wpseo_focuskw":"","_yoast_wpseo_title":"3D\u6253\u5370\u5728\u6c7d\u8f66\u4e0e\u65b0\u80fd\u6e90\u884c\u4e1a\uff1a3D\u6253\u5370\u9a71\u52a8\u7684\u521b\u65b0 %%sep%% %%sitename%%","_yoast_wpseo_metadesc":"3D\u6253\u5370\u6b63\u5728\u6539\u53d8\u6c7d\u8f66\u548c\u65b0\u80fd\u6e90\u884c\u4e1a\u3002\u4ece\u590d\u6742\u96f6\u4ef6\u5236\u9020\u5230\u7535\u52a8\u8f66\u52a8\u529b\u7cfb\u7edf\uff0c\u4e86\u89e33D\u6253\u5370\u5982\u4f55\u63d0\u5347\u6548\u7387\u548c\u53ef\u6301\u7eed\u6027\u3002","footnotes":""},"class_list":["post-284","page","type-page","status-publish","hentry"],"acf":[],"yoast_head":"\n3D\u6253\u5370\u5728\u6c7d\u8f66\u4e0e\u65b0\u80fd\u6e90\u884c\u4e1a\uff1a3D\u6253\u5370\u9a71\u52a8\u7684\u521b\u65b0 - \u4e09\u5e1d\u79d1\u6280\u80a1\u4efd\u6709\u9650\u516c\u53f8<\/title>\n<meta name=\"description\" content=\"3D\u6253\u5370\u6b63\u5728\u6539\u53d8\u6c7d\u8f66\u548c\u65b0\u80fd\u6e90\u884c\u4e1a\u3002\u4ece\u590d\u6742\u96f6\u4ef6\u5236\u9020\u5230\u7535\u52a8\u8f66\u52a8\u529b\u7cfb\u7edf\uff0c\u4e86\u89e33D\u6253\u5370\u5982\u4f55\u63d0\u5347\u6548\u7387\u548c\u53ef\u6301\u7eed\u6027\u3002\" \/>\n<meta name=\"robots\" content=\"index, follow, max-snippet:-1, max-image-preview:large, max-video-preview:-1\" \/>\n<link rel=\"canonical\" href=\"https:\/\/www.3dptek.com\/vi\/industry-applications\/automotive\/\" \/>\n<meta property=\"og:locale\" content=\"vi_VN\" \/>\n<meta property=\"og:type\" content=\"article\" \/>\n<meta property=\"og:title\" content=\"\u6c7d\u8f66\uff08\u71c3\u6cb9\/\u65b0\u80fd\u6e90\uff09\" \/>\n<meta property=\"og:description\" content=\"3D\u6253\u5370\u6b63\u5728\u6539\u53d8\u6c7d\u8f66\u548c\u65b0\u80fd\u6e90\u884c\u4e1a\u3002\u4ece\u590d\u6742\u96f6\u4ef6\u5236\u9020\u5230\u7535\u52a8\u8f66\u52a8\u529b\u7cfb\u7edf\uff0c\u4e86\u89e33D\u6253\u5370\u5982\u4f55\u63d0\u5347\u6548\u7387\u548c\u53ef\u6301\u7eed\u6027\u3002\" \/>\n<meta property=\"og:url\" content=\"https:\/\/www.3dptek.com\/vi\/industry-applications\/automotive\/\" \/>\n<meta property=\"og:site_name\" content=\"\u4e09\u5e1d\u79d1\u6280\u80a1\u4efd\u6709\u9650\u516c\u53f8\" \/>\n<meta property=\"article:modified_time\" content=\"2024-05-22T07:33:14+00:00\" \/>\n<meta name=\"twitter:card\" content=\"summary_large_image\" \/>\n<meta name=\"twitter:label1\" content=\"\u01af\u1edbc t\u00ednh th\u1eddi gian \u0111\u1ecdc\" \/>\n\t<meta name=\"twitter:data1\" content=\"1 ph\u00fat\" \/>\n<script type=\"application\/ld+json\" class=\"yoast-schema-graph\">{\"@context\":\"https:\/\/schema.org\",\"@graph\":[{\"@type\":\"WebPage\",\"@id\":\"https:\/\/www.3dptek.com\/industry-applications\/automotive\/\",\"url\":\"https:\/\/www.3dptek.com\/industry-applications\/automotive\/\",\"name\":\"3D\u6253\u5370\u5728\u6c7d\u8f66\u4e0e\u65b0\u80fd\u6e90\u884c\u4e1a\uff1a3D\u6253\u5370\u9a71\u52a8\u7684\u521b\u65b0 - \u4e09\u5e1d\u79d1\u6280\u80a1\u4efd\u6709\u9650\u516c\u53f8\",\"isPartOf\":{\"@id\":\"https:\/\/www.3dptek.com\/#website\"},\"datePublished\":\"2024-04-07T02:44:00+00:00\",\"dateModified\":\"2024-05-22T07:33:14+00:00\",\"description\":\"3D\u6253\u5370\u6b63\u5728\u6539\u53d8\u6c7d\u8f66\u548c\u65b0\u80fd\u6e90\u884c\u4e1a\u3002\u4ece\u590d\u6742\u96f6\u4ef6\u5236\u9020\u5230\u7535\u52a8\u8f66\u52a8\u529b\u7cfb\u7edf\uff0c\u4e86\u89e33D\u6253\u5370\u5982\u4f55\u63d0\u5347\u6548\u7387\u548c\u53ef\u6301\u7eed\u6027\u3002\",\"breadcrumb\":{\"@id\":\"https:\/\/www.3dptek.com\/industry-applications\/automotive\/#breadcrumb\"},\"inLanguage\":\"vi\",\"potentialAction\":[{\"@type\":\"ReadAction\",\"target\":[\"https:\/\/www.3dptek.com\/industry-applications\/automotive\/\"]}]},{\"@type\":\"BreadcrumbList\",\"@id\":\"https:\/\/www.3dptek.com\/industry-applications\/automotive\/#breadcrumb\",\"itemListElement\":[{\"@type\":\"ListItem\",\"position\":1,\"name\":\"\u9996\u9875\",\"item\":\"https:\/\/www.3dptek.com\/\"},{\"@type\":\"ListItem\",\"position\":2,\"name\":\"\u884c\u4e1a\u5e94\u7528\",\"item\":\"https:\/\/www.3dptek.com\/industry-applications\/\"},{\"@type\":\"ListItem\",\"position\":3,\"name\":\"\u6c7d\u8f66\uff08\u71c3\u6cb9\/\u65b0\u80fd\u6e90\uff09\"}]},{\"@type\":\"WebSite\",\"@id\":\"https:\/\/www.3dptek.com\/#website\",\"url\":\"https:\/\/www.3dptek.com\/\",\"name\":\"\u4e09\u5e1d\u79d1\u6280\u80a1\u4efd\u6709\u9650\u516c\u53f8\",\"description\":\"\",\"potentialAction\":[{\"@type\":\"SearchAction\",\"target\":{\"@type\":\"EntryPoint\",\"urlTemplate\":\"https:\/\/www.3dptek.com\/?s={search_term_string}\"},\"query-input\":{\"@type\":\"PropertyValueSpecification\",\"valueRequired\":true,\"valueName\":\"search_term_string\"}}],\"inLanguage\":\"vi\"}]}<\/script>\n<!-- \/ Yoast SEO Premium plugin. -->","yoast_head_json":{"title":"In \u1ea5n 3D trong ng\u00e0nh \u00f4 t\u00f4 v\u00e0 n\u0103ng l\u01b0\u1ee3ng m\u1edbi: S\u00e1ng t\u1ea1o \u0111\u01b0\u1ee3c th\u00fac \u0111\u1ea9y b\u1edfi in \u1ea5n 3D - C\u00f4ng ty C\u1ed5 ph\u1ea7n C\u00f4ng ngh\u1ec7 San Di","description":"In \u1ea5n 3D \u0111ang thay \u0111\u1ed5i ng\u00e0nh c\u00f4ng nghi\u1ec7p \u00f4 t\u00f4 v\u00e0 n\u0103ng l\u01b0\u1ee3ng m\u1edbi. T\u1eeb s\u1ea3n xu\u1ea5t c\u00e1c b\u1ed9 ph\u1eadn ph\u1ee9c t\u1ea1p \u0111\u1ebfn h\u1ec7 th\u1ed1ng truy\u1ec1n \u0111\u1ed9ng c\u1ee7a xe \u0111i\u1ec7n, h\u00e3y t\u00ecm hi\u1ec3u c\u00e1ch in \u1ea5n 3D n\u00e2ng cao hi\u1ec7u qu\u1ea3 v\u00e0 t\u00ednh b\u1ec1n v\u1eefng.","robots":{"index":"index","follow":"follow","max-snippet":"max-snippet:-1","max-image-preview":"max-image-preview:large","max-video-preview":"max-video-preview:-1"},"canonical":"https:\/\/www.3dptek.com\/vi\/industry-applications\/automotive\/","og_locale":"vi_VN","og_type":"article","og_title":"\u6c7d\u8f66\uff08\u71c3\u6cb9\/\u65b0\u80fd\u6e90\uff09","og_description":"3D\u6253\u5370\u6b63\u5728\u6539\u53d8\u6c7d\u8f66\u548c\u65b0\u80fd\u6e90\u884c\u4e1a\u3002\u4ece\u590d\u6742\u96f6\u4ef6\u5236\u9020\u5230\u7535\u52a8\u8f66\u52a8\u529b\u7cfb\u7edf\uff0c\u4e86\u89e33D\u6253\u5370\u5982\u4f55\u63d0\u5347\u6548\u7387\u548c\u53ef\u6301\u7eed\u6027\u3002","og_url":"https:\/\/www.3dptek.com\/vi\/industry-applications\/automotive\/","og_site_name":"\u4e09\u5e1d\u79d1\u6280\u80a1\u4efd\u6709\u9650\u516c\u53f8","article_modified_time":"2024-05-22T07:33:14+00:00","twitter_card":"summary_large_image","twitter_misc":{"\u01af\u1edbc t\u00ednh th\u1eddi gian \u0111\u1ecdc":"1 ph\u00fat"},"schema":{"@context":"https:\/\/schema.org","@graph":[{"@type":"WebPage","@id":"https:\/\/www.3dptek.com\/industry-applications\/automotive\/","url":"https:\/\/www.3dptek.com\/industry-applications\/automotive\/","name":"In \u1ea5n 3D trong ng\u00e0nh \u00f4 t\u00f4 v\u00e0 n\u0103ng l\u01b0\u1ee3ng m\u1edbi: S\u00e1ng t\u1ea1o \u0111\u01b0\u1ee3c th\u00fac \u0111\u1ea9y b\u1edfi in \u1ea5n 3D - C\u00f4ng ty C\u1ed5 ph\u1ea7n C\u00f4ng ngh\u1ec7 San Di","isPartOf":{"@id":"https:\/\/www.3dptek.com\/#website"},"datePublished":"2024-04-07T02:44:00+00:00","dateModified":"2024-05-22T07:33:14+00:00","description":"In \u1ea5n 3D \u0111ang thay \u0111\u1ed5i ng\u00e0nh c\u00f4ng nghi\u1ec7p \u00f4 t\u00f4 v\u00e0 n\u0103ng l\u01b0\u1ee3ng m\u1edbi. T\u1eeb s\u1ea3n xu\u1ea5t c\u00e1c b\u1ed9 ph\u1eadn ph\u1ee9c t\u1ea1p \u0111\u1ebfn h\u1ec7 th\u1ed1ng truy\u1ec1n \u0111\u1ed9ng c\u1ee7a xe \u0111i\u1ec7n, h\u00e3y t\u00ecm hi\u1ec3u c\u00e1ch in \u1ea5n 3D n\u00e2ng cao hi\u1ec7u qu\u1ea3 v\u00e0 t\u00ednh b\u1ec1n v\u1eefng.","breadcrumb":{"@id":"https:\/\/www.3dptek.com\/industry-applications\/automotive\/#breadcrumb"},"inLanguage":"vi","potentialAction":[{"@type":"ReadAction","target":["https:\/\/www.3dptek.com\/industry-applications\/automotive\/"]}]},{"@type":"BreadcrumbList","@id":"https:\/\/www.3dptek.com\/industry-applications\/automotive\/#breadcrumb","itemListElement":[{"@type":"ListItem","position":1,"name":"\u9996\u9875","item":"https:\/\/www.3dptek.com\/"},{"@type":"ListItem","position":2,"name":"\u884c\u4e1a\u5e94\u7528","item":"https:\/\/www.3dptek.com\/industry-applications\/"},{"@type":"ListItem","position":3,"name":"\u6c7d\u8f66\uff08\u71c3\u6cb9\/\u65b0\u80fd\u6e90\uff09"}]},{"@type":"WebSite","@id":"https:\/\/www.3dptek.com\/#website","url":"https:\/\/www.3dptek.com\/","name":"C\u00f4ng ty C\u1ed5 ph\u1ea7n C\u00f4ng ngh\u1ec7 Tam \u0110\u1ebf","description":"","potentialAction":[{"@type":"SearchAction","target":{"@type":"EntryPoint","urlTemplate":"https:\/\/www.3dptek.com\/?s={search_term_string}"},"query-input":{"@type":"PropertyValueSpecification","valueRequired":true,"valueName":"search_term_string"}}],"inLanguage":"vi"}]}},"_links":{"self":[{"href":"https:\/\/www.3dptek.com\/vi\/wp-json\/wp\/v2\/pages\/284","targetHints":{"allow":["GET"]}}],"collection":[{"href":"https:\/\/www.3dptek.com\/vi\/wp-json\/wp\/v2\/pages"}],"about":[{"href":"https:\/\/www.3dptek.com\/vi\/wp-json\/wp\/v2\/types\/page"}],"author":[{"embeddable":true,"href":"https:\/\/www.3dptek.com\/vi\/wp-json\/wp\/v2\/users\/1"}],"replies":[{"embeddable":true,"href":"https:\/\/www.3dptek.com\/vi\/wp-json\/wp\/v2\/comments?post=284"}],"version-history":[{"count":3,"href":"https:\/\/www.3dptek.com\/vi\/wp-json\/wp\/v2\/pages\/284\/revisions"}],"predecessor-version":[{"id":1414,"href":"https:\/\/www.3dptek.com\/vi\/wp-json\/wp\/v2\/pages\/284\/revisions\/1414"}],"up":[{"embeddable":true,"href":"https:\/\/www.3dptek.com\/vi\/wp-json\/wp\/v2\/pages\/273"}],"wp:attachment":[{"href":"https:\/\/www.3dptek.com\/vi\/wp-json\/wp\/v2\/media?parent=284"}],"curies":[{"name":"wp","href":"https:\/\/api.w.org\/{rel}","templated":true}]}}