{"id":282,"date":"2024-04-07T10:42:56","date_gmt":"2024-04-07T02:42:56","guid":{"rendered":"https:\/\/test.3dptek.com\/?page_id=282"},"modified":"2024-05-21T20:07:14","modified_gmt":"2024-05-21T12:07:14","slug":"industrial-machinery","status":"publish","type":"page","link":"https:\/\/www.3dptek.com\/vi\/industry-applications\/industrial-machinery\/","title":{"rendered":"M\u00e1y m\u00f3c c\u00f4ng nghi\u1ec7p\/B\u01a1m v\u00e0 van t\u00e0u th\u1ee7y"},"content":{"rendered":"","protected":false},"excerpt":{"rendered":"","protected":false},"author":1,"featured_media":0,"parent":273,"menu_order":0,"comment_status":"closed","ping_status":"closed","template":"","meta":{"_yoast_wpseo_focuskw":"","_yoast_wpseo_title":"3D\u6253\u5370\u5728\u5de5\u4e1a\u673a\u68b0\u4e0e\u8239\u8236\u6cf5\u9600\u884c\u4e1a\uff1a\u65b0\u6280\u672f\u63a8\u52a8\u521b\u65b0\u53d1\u5c55 %%sep%% %%sitename%%","_yoast_wpseo_metadesc":"3D\u6253\u5370\u6280\u672f\u4e3a\u5de5\u4e1a\u673a\u68b0\/\u8239\u8236\u6cf5\u9600\u884c\u4e1a\u63d0\u4f9b\u4e86\u8010\u7528\u3001\u590d\u6742\u548c\u6210\u672c\u6548\u76ca\u7684\u89e3\u51b3\u65b9\u6848\u3002\u5e2e\u52a9\u5ba2\u6237\u5b9e\u73b0\u4e86\u5c0f\u6279\u91cf\u591a\u54c1\u79cd\u3001\u590d\u6742\u7ed3\u6784\u4ea7\u54c1\u7684\u4e00\u4f53\u6210\u578b\uff0c\u65e0\u9700\u5f00\u6a21\uff0c\u7f29\u77ed\u4ea4\u671f\uff0c\u964d\u4f4e\u6210\u672c\u3002\u4e0e\u4f20\u7edf\u94f8\u9020\u5de5\u827a\u76f8\u6bd4\uff0c3D\u6253\u5370\u6280\u672f\u4e0d\u4ec5\u80fd\u591f\u89e3\u51b3\u6210\u54c1\u7387\u4f4e\u7b49\u95ee\u9898\uff0c\u8fd8\u80fd\u591f\u5e94\u5bf9\u5404\u79cd\u590d\u6742\u7684\u8bbe\u8ba1\u8981\u6c42\uff0c\u4e3a\u5ba2\u6237\u63d0\u4f9b\u66f4\u7075\u6d3b\u3001\u9ad8\u6548\u7684\u751f\u4ea7\u65b9\u6848\u3002","footnotes":""},"class_list":["post-282","page","type-page","status-publish","hentry"],"acf":[],"yoast_head":"\n3D\u6253\u5370\u5728\u5de5\u4e1a\u673a\u68b0\u4e0e\u8239\u8236\u6cf5\u9600\u884c\u4e1a\uff1a\u65b0\u6280\u672f\u63a8\u52a8\u521b\u65b0\u53d1\u5c55 - \u4e09\u5e1d\u79d1\u6280\u80a1\u4efd\u6709\u9650\u516c\u53f8<\/title>\n<meta name=\"description\" content=\"3D\u6253\u5370\u6280\u672f\u4e3a\u5de5\u4e1a\u673a\u68b0\/\u8239\u8236\u6cf5\u9600\u884c\u4e1a\u63d0\u4f9b\u4e86\u8010\u7528\u3001\u590d\u6742\u548c\u6210\u672c\u6548\u76ca\u7684\u89e3\u51b3\u65b9\u6848\u3002\u5e2e\u52a9\u5ba2\u6237\u5b9e\u73b0\u4e86\u5c0f\u6279\u91cf\u591a\u54c1\u79cd\u3001\u590d\u6742\u7ed3\u6784\u4ea7\u54c1\u7684\u4e00\u4f53\u6210\u578b\uff0c\u65e0\u9700\u5f00\u6a21\uff0c\u7f29\u77ed\u4ea4\u671f\uff0c\u964d\u4f4e\u6210\u672c\u3002\u4e0e\u4f20\u7edf\u94f8\u9020\u5de5\u827a\u76f8\u6bd4\uff0c3D\u6253\u5370\u6280\u672f\u4e0d\u4ec5\u80fd\u591f\u89e3\u51b3\u6210\u54c1\u7387\u4f4e\u7b49\u95ee\u9898\uff0c\u8fd8\u80fd\u591f\u5e94\u5bf9\u5404\u79cd\u590d\u6742\u7684\u8bbe\u8ba1\u8981\u6c42\uff0c\u4e3a\u5ba2\u6237\u63d0\u4f9b\u66f4\u7075\u6d3b\u3001\u9ad8\u6548\u7684\u751f\u4ea7\u65b9\u6848\u3002\" \/>\n<meta name=\"robots\" content=\"index, follow, max-snippet:-1, max-image-preview:large, max-video-preview:-1\" \/>\n<link rel=\"canonical\" href=\"https:\/\/www.3dptek.com\/vi\/industry-applications\/industrial-machinery\/\" \/>\n<meta property=\"og:locale\" content=\"vi_VN\" \/>\n<meta property=\"og:type\" content=\"article\" \/>\n<meta property=\"og:title\" content=\"\u5de5\u4e1a\u673a\u68b0\/\u8239\u8236\u6cf5\u9600\" \/>\n<meta property=\"og:description\" content=\"3D\u6253\u5370\u6280\u672f\u4e3a\u5de5\u4e1a\u673a\u68b0\/\u8239\u8236\u6cf5\u9600\u884c\u4e1a\u63d0\u4f9b\u4e86\u8010\u7528\u3001\u590d\u6742\u548c\u6210\u672c\u6548\u76ca\u7684\u89e3\u51b3\u65b9\u6848\u3002\u5e2e\u52a9\u5ba2\u6237\u5b9e\u73b0\u4e86\u5c0f\u6279\u91cf\u591a\u54c1\u79cd\u3001\u590d\u6742\u7ed3\u6784\u4ea7\u54c1\u7684\u4e00\u4f53\u6210\u578b\uff0c\u65e0\u9700\u5f00\u6a21\uff0c\u7f29\u77ed\u4ea4\u671f\uff0c\u964d\u4f4e\u6210\u672c\u3002\u4e0e\u4f20\u7edf\u94f8\u9020\u5de5\u827a\u76f8\u6bd4\uff0c3D\u6253\u5370\u6280\u672f\u4e0d\u4ec5\u80fd\u591f\u89e3\u51b3\u6210\u54c1\u7387\u4f4e\u7b49\u95ee\u9898\uff0c\u8fd8\u80fd\u591f\u5e94\u5bf9\u5404\u79cd\u590d\u6742\u7684\u8bbe\u8ba1\u8981\u6c42\uff0c\u4e3a\u5ba2\u6237\u63d0\u4f9b\u66f4\u7075\u6d3b\u3001\u9ad8\u6548\u7684\u751f\u4ea7\u65b9\u6848\u3002\" \/>\n<meta property=\"og:url\" content=\"https:\/\/www.3dptek.com\/vi\/industry-applications\/industrial-machinery\/\" \/>\n<meta property=\"og:site_name\" content=\"\u4e09\u5e1d\u79d1\u6280\u80a1\u4efd\u6709\u9650\u516c\u53f8\" \/>\n<meta property=\"article:modified_time\" content=\"2024-05-21T12:07:14+00:00\" \/>\n<meta name=\"twitter:card\" content=\"summary_large_image\" \/>\n<meta name=\"twitter:label1\" content=\"\u01af\u1edbc t\u00ednh th\u1eddi gian \u0111\u1ecdc\" \/>\n\t<meta name=\"twitter:data1\" content=\"1 ph\u00fat\" \/>\n<script type=\"application\/ld+json\" class=\"yoast-schema-graph\">{\"@context\":\"https:\/\/schema.org\",\"@graph\":[{\"@type\":\"WebPage\",\"@id\":\"https:\/\/www.3dptek.com\/industry-applications\/industrial-machinery\/\",\"url\":\"https:\/\/www.3dptek.com\/industry-applications\/industrial-machinery\/\",\"name\":\"3D\u6253\u5370\u5728\u5de5\u4e1a\u673a\u68b0\u4e0e\u8239\u8236\u6cf5\u9600\u884c\u4e1a\uff1a\u65b0\u6280\u672f\u63a8\u52a8\u521b\u65b0\u53d1\u5c55 - \u4e09\u5e1d\u79d1\u6280\u80a1\u4efd\u6709\u9650\u516c\u53f8\",\"isPartOf\":{\"@id\":\"https:\/\/www.3dptek.com\/#website\"},\"datePublished\":\"2024-04-07T02:42:56+00:00\",\"dateModified\":\"2024-05-21T12:07:14+00:00\",\"description\":\"3D\u6253\u5370\u6280\u672f\u4e3a\u5de5\u4e1a\u673a\u68b0\/\u8239\u8236\u6cf5\u9600\u884c\u4e1a\u63d0\u4f9b\u4e86\u8010\u7528\u3001\u590d\u6742\u548c\u6210\u672c\u6548\u76ca\u7684\u89e3\u51b3\u65b9\u6848\u3002\u5e2e\u52a9\u5ba2\u6237\u5b9e\u73b0\u4e86\u5c0f\u6279\u91cf\u591a\u54c1\u79cd\u3001\u590d\u6742\u7ed3\u6784\u4ea7\u54c1\u7684\u4e00\u4f53\u6210\u578b\uff0c\u65e0\u9700\u5f00\u6a21\uff0c\u7f29\u77ed\u4ea4\u671f\uff0c\u964d\u4f4e\u6210\u672c\u3002\u4e0e\u4f20\u7edf\u94f8\u9020\u5de5\u827a\u76f8\u6bd4\uff0c3D\u6253\u5370\u6280\u672f\u4e0d\u4ec5\u80fd\u591f\u89e3\u51b3\u6210\u54c1\u7387\u4f4e\u7b49\u95ee\u9898\uff0c\u8fd8\u80fd\u591f\u5e94\u5bf9\u5404\u79cd\u590d\u6742\u7684\u8bbe\u8ba1\u8981\u6c42\uff0c\u4e3a\u5ba2\u6237\u63d0\u4f9b\u66f4\u7075\u6d3b\u3001\u9ad8\u6548\u7684\u751f\u4ea7\u65b9\u6848\u3002\",\"breadcrumb\":{\"@id\":\"https:\/\/www.3dptek.com\/industry-applications\/industrial-machinery\/#breadcrumb\"},\"inLanguage\":\"vi\",\"potentialAction\":[{\"@type\":\"ReadAction\",\"target\":[\"https:\/\/www.3dptek.com\/industry-applications\/industrial-machinery\/\"]}]},{\"@type\":\"BreadcrumbList\",\"@id\":\"https:\/\/www.3dptek.com\/industry-applications\/industrial-machinery\/#breadcrumb\",\"itemListElement\":[{\"@type\":\"ListItem\",\"position\":1,\"name\":\"\u9996\u9875\",\"item\":\"https:\/\/www.3dptek.com\/\"},{\"@type\":\"ListItem\",\"position\":2,\"name\":\"\u884c\u4e1a\u5e94\u7528\",\"item\":\"https:\/\/www.3dptek.com\/industry-applications\/\"},{\"@type\":\"ListItem\",\"position\":3,\"name\":\"\u5de5\u4e1a\u673a\u68b0\/\u8239\u8236\u6cf5\u9600\"}]},{\"@type\":\"WebSite\",\"@id\":\"https:\/\/www.3dptek.com\/#website\",\"url\":\"https:\/\/www.3dptek.com\/\",\"name\":\"\u4e09\u5e1d\u79d1\u6280\u80a1\u4efd\u6709\u9650\u516c\u53f8\",\"description\":\"\",\"potentialAction\":[{\"@type\":\"SearchAction\",\"target\":{\"@type\":\"EntryPoint\",\"urlTemplate\":\"https:\/\/www.3dptek.com\/?s={search_term_string}\"},\"query-input\":{\"@type\":\"PropertyValueSpecification\",\"valueRequired\":true,\"valueName\":\"search_term_string\"}}],\"inLanguage\":\"vi\"}]}<\/script>\n<!-- \/ Yoast SEO Premium plugin. -->","yoast_head_json":{"title":"In \u1ea5n 3D trong ng\u00e0nh c\u01a1 kh\u00ed c\u00f4ng nghi\u1ec7p v\u00e0 van b\u01a1m t\u00e0u th\u1ee7y: C\u00f4ng ngh\u1ec7 m\u1edbi th\u00fac \u0111\u1ea9y s\u1ef1 ph\u00e1t tri\u1ec3n s\u00e1ng t\u1ea1o - C\u00f4ng ty C\u1ed5 ph\u1ea7n C\u00f4ng ngh\u1ec7 San Di","description":"C\u00f4ng ngh\u1ec7 in 3D cung c\u1ea5p c\u00e1c gi\u1ea3i ph\u00e1p b\u1ec1n b\u1ec9, ph\u1ee9c t\u1ea1p v\u00e0 hi\u1ec7u qu\u1ea3 v\u1ec1 chi ph\u00ed cho ng\u00e0nh c\u00f4ng nghi\u1ec7p m\u00e1y m\u00f3c\/b\u01a1m van t\u00e0u th\u1ee7y. Gi\u00fap kh\u00e1ch h\u00e0ng th\u1ef1c hi\u1ec7n s\u1ea3n xu\u1ea5t h\u00e0ng lo\u1ea1t nh\u1ecf v\u1edbi nhi\u1ec1u ch\u1ee7ng lo\u1ea1i, s\u1ea3n ph\u1ea9m c\u00f3 c\u1ea5u tr\u00fac ph\u1ee9c t\u1ea1p m\u00e0 kh\u00f4ng c\u1ea7n m\u1edf khu\u00f4n, r\u00fat ng\u1eafn th\u1eddi gian giao h\u00e0ng v\u00e0 gi\u1ea3m chi ph\u00ed. So v\u1edbi quy tr\u00ecnh \u0111\u00fac truy\u1ec1n th\u1ed1ng, c\u00f4ng ngh\u1ec7 in 3D kh\u00f4ng ch\u1ec9 gi\u1ea3i quy\u1ebft \u0111\u01b0\u1ee3c v\u1ea5n \u0111\u1ec1 t\u1ef7 l\u1ec7 th\u00e0nh ph\u1ea9m th\u1ea5p m\u00e0 c\u00f2n \u0111\u00e1p \u1ee9ng \u0111\u01b0\u1ee3c c\u00e1c y\u00eau c\u1ea7u thi\u1ebft k\u1ebf ph\u1ee9c t\u1ea1p, mang \u0111\u1ebfn cho kh\u00e1ch h\u00e0ng c\u00e1c gi\u1ea3i ph\u00e1p s\u1ea3n xu\u1ea5t linh ho\u1ea1t v\u00e0 hi\u1ec7u qu\u1ea3 h\u01a1n.","robots":{"index":"index","follow":"follow","max-snippet":"max-snippet:-1","max-image-preview":"max-image-preview:large","max-video-preview":"max-video-preview:-1"},"canonical":"https:\/\/www.3dptek.com\/vi\/industry-applications\/industrial-machinery\/","og_locale":"vi_VN","og_type":"article","og_title":"\u5de5\u4e1a\u673a\u68b0\/\u8239\u8236\u6cf5\u9600","og_description":"3D\u6253\u5370\u6280\u672f\u4e3a\u5de5\u4e1a\u673a\u68b0\/\u8239\u8236\u6cf5\u9600\u884c\u4e1a\u63d0\u4f9b\u4e86\u8010\u7528\u3001\u590d\u6742\u548c\u6210\u672c\u6548\u76ca\u7684\u89e3\u51b3\u65b9\u6848\u3002\u5e2e\u52a9\u5ba2\u6237\u5b9e\u73b0\u4e86\u5c0f\u6279\u91cf\u591a\u54c1\u79cd\u3001\u590d\u6742\u7ed3\u6784\u4ea7\u54c1\u7684\u4e00\u4f53\u6210\u578b\uff0c\u65e0\u9700\u5f00\u6a21\uff0c\u7f29\u77ed\u4ea4\u671f\uff0c\u964d\u4f4e\u6210\u672c\u3002\u4e0e\u4f20\u7edf\u94f8\u9020\u5de5\u827a\u76f8\u6bd4\uff0c3D\u6253\u5370\u6280\u672f\u4e0d\u4ec5\u80fd\u591f\u89e3\u51b3\u6210\u54c1\u7387\u4f4e\u7b49\u95ee\u9898\uff0c\u8fd8\u80fd\u591f\u5e94\u5bf9\u5404\u79cd\u590d\u6742\u7684\u8bbe\u8ba1\u8981\u6c42\uff0c\u4e3a\u5ba2\u6237\u63d0\u4f9b\u66f4\u7075\u6d3b\u3001\u9ad8\u6548\u7684\u751f\u4ea7\u65b9\u6848\u3002","og_url":"https:\/\/www.3dptek.com\/vi\/industry-applications\/industrial-machinery\/","og_site_name":"\u4e09\u5e1d\u79d1\u6280\u80a1\u4efd\u6709\u9650\u516c\u53f8","article_modified_time":"2024-05-21T12:07:14+00:00","twitter_card":"summary_large_image","twitter_misc":{"\u01af\u1edbc t\u00ednh th\u1eddi gian \u0111\u1ecdc":"1 ph\u00fat"},"schema":{"@context":"https:\/\/schema.org","@graph":[{"@type":"WebPage","@id":"https:\/\/www.3dptek.com\/industry-applications\/industrial-machinery\/","url":"https:\/\/www.3dptek.com\/industry-applications\/industrial-machinery\/","name":"In \u1ea5n 3D trong ng\u00e0nh c\u01a1 kh\u00ed c\u00f4ng nghi\u1ec7p v\u00e0 van b\u01a1m t\u00e0u th\u1ee7y: C\u00f4ng ngh\u1ec7 m\u1edbi th\u00fac \u0111\u1ea9y s\u1ef1 ph\u00e1t tri\u1ec3n s\u00e1ng t\u1ea1o - C\u00f4ng ty C\u1ed5 ph\u1ea7n C\u00f4ng ngh\u1ec7 San Di","isPartOf":{"@id":"https:\/\/www.3dptek.com\/#website"},"datePublished":"2024-04-07T02:42:56+00:00","dateModified":"2024-05-21T12:07:14+00:00","description":"C\u00f4ng ngh\u1ec7 in 3D cung c\u1ea5p c\u00e1c gi\u1ea3i ph\u00e1p b\u1ec1n b\u1ec9, ph\u1ee9c t\u1ea1p v\u00e0 hi\u1ec7u qu\u1ea3 v\u1ec1 chi ph\u00ed cho ng\u00e0nh c\u00f4ng nghi\u1ec7p m\u00e1y m\u00f3c\/b\u01a1m van t\u00e0u th\u1ee7y. Gi\u00fap kh\u00e1ch h\u00e0ng th\u1ef1c hi\u1ec7n s\u1ea3n xu\u1ea5t h\u00e0ng lo\u1ea1t nh\u1ecf v\u1edbi nhi\u1ec1u ch\u1ee7ng lo\u1ea1i, s\u1ea3n ph\u1ea9m c\u00f3 c\u1ea5u tr\u00fac ph\u1ee9c t\u1ea1p m\u00e0 kh\u00f4ng c\u1ea7n m\u1edf khu\u00f4n, r\u00fat ng\u1eafn th\u1eddi gian giao h\u00e0ng v\u00e0 gi\u1ea3m chi ph\u00ed. So v\u1edbi quy tr\u00ecnh \u0111\u00fac truy\u1ec1n th\u1ed1ng, c\u00f4ng ngh\u1ec7 in 3D kh\u00f4ng ch\u1ec9 gi\u1ea3i quy\u1ebft \u0111\u01b0\u1ee3c v\u1ea5n \u0111\u1ec1 t\u1ef7 l\u1ec7 th\u00e0nh ph\u1ea9m th\u1ea5p m\u00e0 c\u00f2n \u0111\u00e1p \u1ee9ng \u0111\u01b0\u1ee3c c\u00e1c y\u00eau c\u1ea7u thi\u1ebft k\u1ebf ph\u1ee9c t\u1ea1p, mang \u0111\u1ebfn cho kh\u00e1ch h\u00e0ng c\u00e1c gi\u1ea3i ph\u00e1p s\u1ea3n xu\u1ea5t linh ho\u1ea1t v\u00e0 hi\u1ec7u qu\u1ea3 h\u01a1n.","breadcrumb":{"@id":"https:\/\/www.3dptek.com\/industry-applications\/industrial-machinery\/#breadcrumb"},"inLanguage":"vi","potentialAction":[{"@type":"ReadAction","target":["https:\/\/www.3dptek.com\/industry-applications\/industrial-machinery\/"]}]},{"@type":"BreadcrumbList","@id":"https:\/\/www.3dptek.com\/industry-applications\/industrial-machinery\/#breadcrumb","itemListElement":[{"@type":"ListItem","position":1,"name":"\u9996\u9875","item":"https:\/\/www.3dptek.com\/"},{"@type":"ListItem","position":2,"name":"\u884c\u4e1a\u5e94\u7528","item":"https:\/\/www.3dptek.com\/industry-applications\/"},{"@type":"ListItem","position":3,"name":"\u5de5\u4e1a\u673a\u68b0\/\u8239\u8236\u6cf5\u9600"}]},{"@type":"WebSite","@id":"https:\/\/www.3dptek.com\/#website","url":"https:\/\/www.3dptek.com\/","name":"C\u00f4ng ty C\u1ed5 ph\u1ea7n C\u00f4ng ngh\u1ec7 Tam \u0110\u1ebf","description":"","potentialAction":[{"@type":"SearchAction","target":{"@type":"EntryPoint","urlTemplate":"https:\/\/www.3dptek.com\/?s={search_term_string}"},"query-input":{"@type":"PropertyValueSpecification","valueRequired":true,"valueName":"search_term_string"}}],"inLanguage":"vi"}]}},"_links":{"self":[{"href":"https:\/\/www.3dptek.com\/vi\/wp-json\/wp\/v2\/pages\/282","targetHints":{"allow":["GET"]}}],"collection":[{"href":"https:\/\/www.3dptek.com\/vi\/wp-json\/wp\/v2\/pages"}],"about":[{"href":"https:\/\/www.3dptek.com\/vi\/wp-json\/wp\/v2\/types\/page"}],"author":[{"embeddable":true,"href":"https:\/\/www.3dptek.com\/vi\/wp-json\/wp\/v2\/users\/1"}],"replies":[{"embeddable":true,"href":"https:\/\/www.3dptek.com\/vi\/wp-json\/wp\/v2\/comments?post=282"}],"version-history":[{"count":2,"href":"https:\/\/www.3dptek.com\/vi\/wp-json\/wp\/v2\/pages\/282\/revisions"}],"predecessor-version":[{"id":870,"href":"https:\/\/www.3dptek.com\/vi\/wp-json\/wp\/v2\/pages\/282\/revisions\/870"}],"up":[{"embeddable":true,"href":"https:\/\/www.3dptek.com\/vi\/wp-json\/wp\/v2\/pages\/273"}],"wp:attachment":[{"href":"https:\/\/www.3dptek.com\/vi\/wp-json\/wp\/v2\/media?parent=282"}],"curies":[{"name":"wp","href":"https:\/\/api.w.org\/{rel}","templated":true}]}}