{"id":273,"date":"2024-04-07T10:17:20","date_gmt":"2024-04-07T02:17:20","guid":{"rendered":"https:\/\/test.3dptek.com\/?page_id=273"},"modified":"2024-05-21T20:01:56","modified_gmt":"2024-05-21T12:01:56","slug":"industry-applications","status":"publish","type":"page","link":"https:\/\/www.3dptek.com\/vi\/industry-applications\/","title":{"rendered":"\u1ee8ng d\u1ee5ng trong ng\u00e0nh"},"content":{"rendered":"","protected":false},"excerpt":{"rendered":"","protected":false},"author":1,"featured_media":0,"parent":0,"menu_order":0,"comment_status":"closed","ping_status":"closed","template":"","meta":{"_yoast_wpseo_focuskw":"","_yoast_wpseo_title":"\u63a2\u7d223D\u6253\u5370\u7684\u65e0\u9650\u53ef\u80fd\uff1a\u884c\u4e1a\u5e94\u7528\u5168\u9762\u89e3\u6790 %%sep%% %%sitename%%","_yoast_wpseo_metadesc":"\u4e09\u5e1d\u79d1\u6280\u540c\u65f6\u62e5\u6709\u6fc0\u5149\u548c\u7c98\u7ed3\u5242\u55b7\u5c043D\u6253\u5370\u8bbe\u5907\u548c\u6750\u6599\u6280\u672f\u53ca\u5e94\u7528\u5de5\u827a\uff0c\u4e1a\u52a1\u6db5\u76d63D\u6253\u5370\u88c5\u5907\u3001\u539f\u6750\u6599\u7684\u7814\u53d1\u53ca\u751f\u4ea7\u3001\u91d1\u5c5e\u6210\u54c1\u4ef6\u5feb\u901f\u5236\u9020\u670d\u52a1\u30013D\u6253\u5370\u5de5\u827a\u6280\u672f\u652f\u6301\u670d\u52a1\u7b49\uff0c\u5efa\u7acb\u4e86\u5b8c\u6574\u76843D\u6253\u5370\u5feb\u901f\u5236\u9020\u4ea7\u4e1a\u94fe\uff0c\u5e7f\u6cdb\u5e94\u7528\u4e8e\u822a\u7a7a\u822a\u5929\u3001\u8239\u8236\u6cf5\u9600\u3001\u6c7d\u8f66\u3001\u80fd\u6e90\u52a8\u529b\u3001\u5de5\u4e1a\u673a\u68b0\u3001\u8f68\u9053\u4ea4\u901a\u30013C\u7535\u5b50\u3001\u6559\u80b2\u79d1\u7814\u3001\u96d5\u5851\u6587\u521b\u3001\u5eb7\u590d\u533b\u7597\u7b49\u884c\u4e1a\u3002","footnotes":""},"class_list":["post-273","page","type-page","status-publish","hentry"],"acf":[],"yoast_head":"\n\u63a2\u7d223D\u6253\u5370\u7684\u65e0\u9650\u53ef\u80fd\uff1a\u884c\u4e1a\u5e94\u7528\u5168\u9762\u89e3\u6790 - \u4e09\u5e1d\u79d1\u6280\u80a1\u4efd\u6709\u9650\u516c\u53f8<\/title>\n<meta name=\"description\" content=\"\u4e09\u5e1d\u79d1\u6280\u540c\u65f6\u62e5\u6709\u6fc0\u5149\u548c\u7c98\u7ed3\u5242\u55b7\u5c043D\u6253\u5370\u8bbe\u5907\u548c\u6750\u6599\u6280\u672f\u53ca\u5e94\u7528\u5de5\u827a\uff0c\u4e1a\u52a1\u6db5\u76d63D\u6253\u5370\u88c5\u5907\u3001\u539f\u6750\u6599\u7684\u7814\u53d1\u53ca\u751f\u4ea7\u3001\u91d1\u5c5e\u6210\u54c1\u4ef6\u5feb\u901f\u5236\u9020\u670d\u52a1\u30013D\u6253\u5370\u5de5\u827a\u6280\u672f\u652f\u6301\u670d\u52a1\u7b49\uff0c\u5efa\u7acb\u4e86\u5b8c\u6574\u76843D\u6253\u5370\u5feb\u901f\u5236\u9020\u4ea7\u4e1a\u94fe\uff0c\u5e7f\u6cdb\u5e94\u7528\u4e8e\u822a\u7a7a\u822a\u5929\u3001\u8239\u8236\u6cf5\u9600\u3001\u6c7d\u8f66\u3001\u80fd\u6e90\u52a8\u529b\u3001\u5de5\u4e1a\u673a\u68b0\u3001\u8f68\u9053\u4ea4\u901a\u30013C\u7535\u5b50\u3001\u6559\u80b2\u79d1\u7814\u3001\u96d5\u5851\u6587\u521b\u3001\u5eb7\u590d\u533b\u7597\u7b49\u884c\u4e1a\u3002\" \/>\n<meta name=\"robots\" content=\"index, follow, max-snippet:-1, max-image-preview:large, max-video-preview:-1\" \/>\n<link rel=\"canonical\" href=\"https:\/\/www.3dptek.com\/vi\/industry-applications\/\" \/>\n<meta property=\"og:locale\" content=\"vi_VN\" \/>\n<meta property=\"og:type\" content=\"article\" \/>\n<meta property=\"og:title\" content=\"\u884c\u4e1a\u5e94\u7528\" \/>\n<meta property=\"og:description\" content=\"\u4e09\u5e1d\u79d1\u6280\u540c\u65f6\u62e5\u6709\u6fc0\u5149\u548c\u7c98\u7ed3\u5242\u55b7\u5c043D\u6253\u5370\u8bbe\u5907\u548c\u6750\u6599\u6280\u672f\u53ca\u5e94\u7528\u5de5\u827a\uff0c\u4e1a\u52a1\u6db5\u76d63D\u6253\u5370\u88c5\u5907\u3001\u539f\u6750\u6599\u7684\u7814\u53d1\u53ca\u751f\u4ea7\u3001\u91d1\u5c5e\u6210\u54c1\u4ef6\u5feb\u901f\u5236\u9020\u670d\u52a1\u30013D\u6253\u5370\u5de5\u827a\u6280\u672f\u652f\u6301\u670d\u52a1\u7b49\uff0c\u5efa\u7acb\u4e86\u5b8c\u6574\u76843D\u6253\u5370\u5feb\u901f\u5236\u9020\u4ea7\u4e1a\u94fe\uff0c\u5e7f\u6cdb\u5e94\u7528\u4e8e\u822a\u7a7a\u822a\u5929\u3001\u8239\u8236\u6cf5\u9600\u3001\u6c7d\u8f66\u3001\u80fd\u6e90\u52a8\u529b\u3001\u5de5\u4e1a\u673a\u68b0\u3001\u8f68\u9053\u4ea4\u901a\u30013C\u7535\u5b50\u3001\u6559\u80b2\u79d1\u7814\u3001\u96d5\u5851\u6587\u521b\u3001\u5eb7\u590d\u533b\u7597\u7b49\u884c\u4e1a\u3002\" \/>\n<meta property=\"og:url\" content=\"https:\/\/www.3dptek.com\/vi\/industry-applications\/\" \/>\n<meta property=\"og:site_name\" content=\"\u4e09\u5e1d\u79d1\u6280\u80a1\u4efd\u6709\u9650\u516c\u53f8\" \/>\n<meta property=\"article:modified_time\" content=\"2024-05-21T12:01:56+00:00\" \/>\n<meta name=\"twitter:card\" content=\"summary_large_image\" \/>\n<meta name=\"twitter:label1\" content=\"\u01af\u1edbc t\u00ednh th\u1eddi gian \u0111\u1ecdc\" \/>\n\t<meta name=\"twitter:data1\" content=\"2 ph\u00fat\" \/>\n<script type=\"application\/ld+json\" class=\"yoast-schema-graph\">{\"@context\":\"https:\/\/schema.org\",\"@graph\":[{\"@type\":\"WebPage\",\"@id\":\"https:\/\/www.3dptek.com\/industry-applications\/\",\"url\":\"https:\/\/www.3dptek.com\/industry-applications\/\",\"name\":\"\u63a2\u7d223D\u6253\u5370\u7684\u65e0\u9650\u53ef\u80fd\uff1a\u884c\u4e1a\u5e94\u7528\u5168\u9762\u89e3\u6790 - \u4e09\u5e1d\u79d1\u6280\u80a1\u4efd\u6709\u9650\u516c\u53f8\",\"isPartOf\":{\"@id\":\"https:\/\/www.3dptek.com\/#website\"},\"datePublished\":\"2024-04-07T02:17:20+00:00\",\"dateModified\":\"2024-05-21T12:01:56+00:00\",\"description\":\"\u4e09\u5e1d\u79d1\u6280\u540c\u65f6\u62e5\u6709\u6fc0\u5149\u548c\u7c98\u7ed3\u5242\u55b7\u5c043D\u6253\u5370\u8bbe\u5907\u548c\u6750\u6599\u6280\u672f\u53ca\u5e94\u7528\u5de5\u827a\uff0c\u4e1a\u52a1\u6db5\u76d63D\u6253\u5370\u88c5\u5907\u3001\u539f\u6750\u6599\u7684\u7814\u53d1\u53ca\u751f\u4ea7\u3001\u91d1\u5c5e\u6210\u54c1\u4ef6\u5feb\u901f\u5236\u9020\u670d\u52a1\u30013D\u6253\u5370\u5de5\u827a\u6280\u672f\u652f\u6301\u670d\u52a1\u7b49\uff0c\u5efa\u7acb\u4e86\u5b8c\u6574\u76843D\u6253\u5370\u5feb\u901f\u5236\u9020\u4ea7\u4e1a\u94fe\uff0c\u5e7f\u6cdb\u5e94\u7528\u4e8e\u822a\u7a7a\u822a\u5929\u3001\u8239\u8236\u6cf5\u9600\u3001\u6c7d\u8f66\u3001\u80fd\u6e90\u52a8\u529b\u3001\u5de5\u4e1a\u673a\u68b0\u3001\u8f68\u9053\u4ea4\u901a\u30013C\u7535\u5b50\u3001\u6559\u80b2\u79d1\u7814\u3001\u96d5\u5851\u6587\u521b\u3001\u5eb7\u590d\u533b\u7597\u7b49\u884c\u4e1a\u3002\",\"breadcrumb\":{\"@id\":\"https:\/\/www.3dptek.com\/industry-applications\/#breadcrumb\"},\"inLanguage\":\"vi\",\"potentialAction\":[{\"@type\":\"ReadAction\",\"target\":[\"https:\/\/www.3dptek.com\/industry-applications\/\"]}]},{\"@type\":\"BreadcrumbList\",\"@id\":\"https:\/\/www.3dptek.com\/industry-applications\/#breadcrumb\",\"itemListElement\":[{\"@type\":\"ListItem\",\"position\":1,\"name\":\"\u9996\u9875\",\"item\":\"https:\/\/www.3dptek.com\/\"},{\"@type\":\"ListItem\",\"position\":2,\"name\":\"\u884c\u4e1a\u5e94\u7528\"}]},{\"@type\":\"WebSite\",\"@id\":\"https:\/\/www.3dptek.com\/#website\",\"url\":\"https:\/\/www.3dptek.com\/\",\"name\":\"\u4e09\u5e1d\u79d1\u6280\u80a1\u4efd\u6709\u9650\u516c\u53f8\",\"description\":\"\",\"potentialAction\":[{\"@type\":\"SearchAction\",\"target\":{\"@type\":\"EntryPoint\",\"urlTemplate\":\"https:\/\/www.3dptek.com\/?s={search_term_string}\"},\"query-input\":{\"@type\":\"PropertyValueSpecification\",\"valueRequired\":true,\"valueName\":\"search_term_string\"}}],\"inLanguage\":\"vi\"}]}<\/script>\n<!-- \/ Yoast SEO Premium plugin. -->","yoast_head_json":{"title":"Kh\u00e1m ph\u00e1 ti\u1ec1m n\u0103ng v\u00f4 h\u1ea1n c\u1ee7a in 3D: Ph\u00e2n t\u00edch to\u00e0n di\u1ec7n v\u1ec1 \u1ee9ng d\u1ee5ng trong ng\u00e0nh - C\u00f4ng ty C\u1ed5 ph\u1ea7n C\u00f4ng ngh\u1ec7 San Di","description":"C\u00f4ng ty C\u00f4ng ngh\u1ec7 San Di s\u1edf h\u1eefu c\u1ea3 c\u00f4ng ngh\u1ec7 v\u00e0 quy tr\u00ecnh \u1ee9ng d\u1ee5ng c\u1ee7a thi\u1ebft b\u1ecb in 3D b\u1eb1ng tia laser v\u00e0 phun keo, c\u0169ng nh\u01b0 v\u1eadt li\u1ec7u in 3D. Ho\u1ea1t \u0111\u1ed9ng kinh doanh c\u1ee7a c\u00f4ng ty bao g\u1ed3m nghi\u00ean c\u1ee9u v\u00e0 ph\u00e1t tri\u1ec3n, s\u1ea3n xu\u1ea5t thi\u1ebft b\u1ecb in 3D v\u00e0 nguy\u00ean li\u1ec7u th\u00f4, d\u1ecbch v\u1ee5 s\u1ea3n xu\u1ea5t nhanh c\u00e1c b\u1ed9 ph\u1eadn kim lo\u1ea1i ho\u00e0n ch\u1ec9nh, d\u1ecbch v\u1ee5 h\u1ed7 tr\u1ee3 k\u1ef9 thu\u1eadt in 3D, v.v. C\u00f4ng ty \u0111\u00e3 x\u00e2y d\u1ef1ng m\u1ed9t chu\u1ed7i cung \u1ee9ng s\u1ea3n xu\u1ea5t nhanh in 3D ho\u00e0n ch\u1ec9nh, \u0111\u01b0\u1ee3c \u1ee9ng d\u1ee5ng r\u1ed9ng r\u00e3i trong c\u00e1c ng\u00e0nh h\u00e0ng kh\u00f4ng v\u0169 tr\u1ee5, b\u01a1m van t\u00e0u th\u1ee7y, \u00f4 t\u00f4, n\u0103ng l\u01b0\u1ee3ng v\u00e0 \u0111\u1ed9ng l\u1ef1c, m\u00e1y m\u00f3c c\u00f4ng nghi\u1ec7p, giao th\u00f4ng \u0111\u01b0\u1eddng s\u1eaft, \u0111i\u1ec7n t\u1eed 3C, gi\u00e1o d\u1ee5c khoa h\u1ecdc, \u0111i\u00eau kh\u1eafc v\u0103n h\u00f3a s\u00e1ng t\u1ea1o, y t\u1ebf ph\u1ee5c h\u1ed3i ch\u1ee9c n\u0103ng, v.v.","robots":{"index":"index","follow":"follow","max-snippet":"max-snippet:-1","max-image-preview":"max-image-preview:large","max-video-preview":"max-video-preview:-1"},"canonical":"https:\/\/www.3dptek.com\/vi\/industry-applications\/","og_locale":"vi_VN","og_type":"article","og_title":"\u884c\u4e1a\u5e94\u7528","og_description":"\u4e09\u5e1d\u79d1\u6280\u540c\u65f6\u62e5\u6709\u6fc0\u5149\u548c\u7c98\u7ed3\u5242\u55b7\u5c043D\u6253\u5370\u8bbe\u5907\u548c\u6750\u6599\u6280\u672f\u53ca\u5e94\u7528\u5de5\u827a\uff0c\u4e1a\u52a1\u6db5\u76d63D\u6253\u5370\u88c5\u5907\u3001\u539f\u6750\u6599\u7684\u7814\u53d1\u53ca\u751f\u4ea7\u3001\u91d1\u5c5e\u6210\u54c1\u4ef6\u5feb\u901f\u5236\u9020\u670d\u52a1\u30013D\u6253\u5370\u5de5\u827a\u6280\u672f\u652f\u6301\u670d\u52a1\u7b49\uff0c\u5efa\u7acb\u4e86\u5b8c\u6574\u76843D\u6253\u5370\u5feb\u901f\u5236\u9020\u4ea7\u4e1a\u94fe\uff0c\u5e7f\u6cdb\u5e94\u7528\u4e8e\u822a\u7a7a\u822a\u5929\u3001\u8239\u8236\u6cf5\u9600\u3001\u6c7d\u8f66\u3001\u80fd\u6e90\u52a8\u529b\u3001\u5de5\u4e1a\u673a\u68b0\u3001\u8f68\u9053\u4ea4\u901a\u30013C\u7535\u5b50\u3001\u6559\u80b2\u79d1\u7814\u3001\u96d5\u5851\u6587\u521b\u3001\u5eb7\u590d\u533b\u7597\u7b49\u884c\u4e1a\u3002","og_url":"https:\/\/www.3dptek.com\/vi\/industry-applications\/","og_site_name":"\u4e09\u5e1d\u79d1\u6280\u80a1\u4efd\u6709\u9650\u516c\u53f8","article_modified_time":"2024-05-21T12:01:56+00:00","twitter_card":"summary_large_image","twitter_misc":{"\u01af\u1edbc t\u00ednh th\u1eddi gian \u0111\u1ecdc":"2 ph\u00fat"},"schema":{"@context":"https:\/\/schema.org","@graph":[{"@type":"WebPage","@id":"https:\/\/www.3dptek.com\/industry-applications\/","url":"https:\/\/www.3dptek.com\/industry-applications\/","name":"Kh\u00e1m ph\u00e1 ti\u1ec1m n\u0103ng v\u00f4 h\u1ea1n c\u1ee7a in 3D: Ph\u00e2n t\u00edch to\u00e0n di\u1ec7n v\u1ec1 \u1ee9ng d\u1ee5ng trong ng\u00e0nh - C\u00f4ng ty C\u1ed5 ph\u1ea7n C\u00f4ng ngh\u1ec7 San Di","isPartOf":{"@id":"https:\/\/www.3dptek.com\/#website"},"datePublished":"2024-04-07T02:17:20+00:00","dateModified":"2024-05-21T12:01:56+00:00","description":"C\u00f4ng ty C\u00f4ng ngh\u1ec7 San Di s\u1edf h\u1eefu c\u1ea3 c\u00f4ng ngh\u1ec7 v\u00e0 quy tr\u00ecnh \u1ee9ng d\u1ee5ng c\u1ee7a thi\u1ebft b\u1ecb in 3D b\u1eb1ng tia laser v\u00e0 phun keo, c\u0169ng nh\u01b0 v\u1eadt li\u1ec7u in 3D. Ho\u1ea1t \u0111\u1ed9ng kinh doanh c\u1ee7a c\u00f4ng ty bao g\u1ed3m nghi\u00ean c\u1ee9u v\u00e0 ph\u00e1t tri\u1ec3n, s\u1ea3n xu\u1ea5t thi\u1ebft b\u1ecb in 3D v\u00e0 nguy\u00ean li\u1ec7u th\u00f4, d\u1ecbch v\u1ee5 s\u1ea3n xu\u1ea5t nhanh c\u00e1c b\u1ed9 ph\u1eadn kim lo\u1ea1i ho\u00e0n ch\u1ec9nh, d\u1ecbch v\u1ee5 h\u1ed7 tr\u1ee3 k\u1ef9 thu\u1eadt in 3D, v.v. C\u00f4ng ty \u0111\u00e3 x\u00e2y d\u1ef1ng m\u1ed9t chu\u1ed7i cung \u1ee9ng s\u1ea3n xu\u1ea5t nhanh in 3D ho\u00e0n ch\u1ec9nh, \u0111\u01b0\u1ee3c \u1ee9ng d\u1ee5ng r\u1ed9ng r\u00e3i trong c\u00e1c ng\u00e0nh h\u00e0ng kh\u00f4ng v\u0169 tr\u1ee5, b\u01a1m van t\u00e0u th\u1ee7y, \u00f4 t\u00f4, n\u0103ng l\u01b0\u1ee3ng v\u00e0 \u0111\u1ed9ng l\u1ef1c, m\u00e1y m\u00f3c c\u00f4ng nghi\u1ec7p, giao th\u00f4ng \u0111\u01b0\u1eddng s\u1eaft, \u0111i\u1ec7n t\u1eed 3C, gi\u00e1o d\u1ee5c khoa h\u1ecdc, \u0111i\u00eau kh\u1eafc v\u0103n h\u00f3a s\u00e1ng t\u1ea1o, y t\u1ebf ph\u1ee5c h\u1ed3i ch\u1ee9c n\u0103ng, v.v.","breadcrumb":{"@id":"https:\/\/www.3dptek.com\/industry-applications\/#breadcrumb"},"inLanguage":"vi","potentialAction":[{"@type":"ReadAction","target":["https:\/\/www.3dptek.com\/industry-applications\/"]}]},{"@type":"BreadcrumbList","@id":"https:\/\/www.3dptek.com\/industry-applications\/#breadcrumb","itemListElement":[{"@type":"ListItem","position":1,"name":"\u9996\u9875","item":"https:\/\/www.3dptek.com\/"},{"@type":"ListItem","position":2,"name":"\u884c\u4e1a\u5e94\u7528"}]},{"@type":"WebSite","@id":"https:\/\/www.3dptek.com\/#website","url":"https:\/\/www.3dptek.com\/","name":"C\u00f4ng ty C\u1ed5 ph\u1ea7n C\u00f4ng ngh\u1ec7 Tam \u0110\u1ebf","description":"","potentialAction":[{"@type":"SearchAction","target":{"@type":"EntryPoint","urlTemplate":"https:\/\/www.3dptek.com\/?s={search_term_string}"},"query-input":{"@type":"PropertyValueSpecification","valueRequired":true,"valueName":"search_term_string"}}],"inLanguage":"vi"}]}},"_links":{"self":[{"href":"https:\/\/www.3dptek.com\/vi\/wp-json\/wp\/v2\/pages\/273","targetHints":{"allow":["GET"]}}],"collection":[{"href":"https:\/\/www.3dptek.com\/vi\/wp-json\/wp\/v2\/pages"}],"about":[{"href":"https:\/\/www.3dptek.com\/vi\/wp-json\/wp\/v2\/types\/page"}],"author":[{"embeddable":true,"href":"https:\/\/www.3dptek.com\/vi\/wp-json\/wp\/v2\/users\/1"}],"replies":[{"embeddable":true,"href":"https:\/\/www.3dptek.com\/vi\/wp-json\/wp\/v2\/comments?post=273"}],"version-history":[{"count":1,"href":"https:\/\/www.3dptek.com\/vi\/wp-json\/wp\/v2\/pages\/273\/revisions"}],"predecessor-version":[{"id":274,"href":"https:\/\/www.3dptek.com\/vi\/wp-json\/wp\/v2\/pages\/273\/revisions\/274"}],"wp:attachment":[{"href":"https:\/\/www.3dptek.com\/vi\/wp-json\/wp\/v2\/media?parent=273"}],"curies":[{"name":"wp","href":"https:\/\/api.w.org\/{rel}","templated":true}]}}