{"id":173,"date":"2024-04-01T10:53:52","date_gmt":"2024-04-01T02:53:52","guid":{"rendered":"https:\/\/test.3dptek.com\/?page_id=173"},"modified":"2024-05-21T17:39:06","modified_gmt":"2024-05-21T09:39:06","slug":"3d3c","status":"publish","type":"page","link":"https:\/\/www.3dptek.com\/vi\/3d-printed-manufacturing\/3d3c\/","title":{"rendered":"\u0110i\u1ec7n t\u1eed 3D"},"content":{"rendered":"","protected":false},"excerpt":{"rendered":"","protected":false},"author":1,"featured_media":0,"parent":49,"menu_order":0,"comment_status":"closed","ping_status":"closed","template":"","meta":{"_yoast_wpseo_focuskw":"","_yoast_wpseo_title":"3C\u7535\u5b50\u4e13\u75283D\u6253\u5370\u8bbe\u5907\u3001\u5de5\u827a |\u5feb\u901f\u8fed\u4ee3\u4e28\u6d88\u8d39\u7535\u5b50 %%sep%% %%sitename%%","_yoast_wpseo_metadesc":"\u4e09\u5e1d\u79d1\u901a\u8fc7\u7814\u53d13C\u4e13\u75283D\u6253\u5370\u7cfb\u7edf\u53ca\u6750\u6599\u5de5\u827a\uff0c\u4e3a3C\u7535\u5b50\u884c\u4e1a\u63d0\u4f9b\u5b9a\u5236\u5316\u76843D\u6253\u5370\u670d\u52a1\uff0c\u4e0d\u4ec5\u80fd\u591f\u6ee1\u8db3\u5ba2\u6237\u4e2a\u6027\u5316\u7684\u9700\u6c42\uff0c\u8fd8\u80fd\u591f\u5feb\u901f\u54cd\u5e94\u5e02\u573a\u53d8\u5316\uff0c\u52a0\u901f\u4ea7\u54c1\u7814\u53d1\u548c\u4e0a\u5e02\u8fdb\u7a0b\u3002","footnotes":""},"class_list":["post-173","page","type-page","status-publish","hentry"],"acf":[],"yoast_head":"\n3C\u7535\u5b50\u4e13\u75283D\u6253\u5370\u8bbe\u5907\u3001\u5de5\u827a |\u5feb\u901f\u8fed\u4ee3\u4e28\u6d88\u8d39\u7535\u5b50 - \u4e09\u5e1d\u79d1\u6280\u80a1\u4efd\u6709\u9650\u516c\u53f8<\/title>\n<meta name=\"description\" content=\"\u4e09\u5e1d\u79d1\u901a\u8fc7\u7814\u53d13C\u4e13\u75283D\u6253\u5370\u7cfb\u7edf\u53ca\u6750\u6599\u5de5\u827a\uff0c\u4e3a3C\u7535\u5b50\u884c\u4e1a\u63d0\u4f9b\u5b9a\u5236\u5316\u76843D\u6253\u5370\u670d\u52a1\uff0c\u4e0d\u4ec5\u80fd\u591f\u6ee1\u8db3\u5ba2\u6237\u4e2a\u6027\u5316\u7684\u9700\u6c42\uff0c\u8fd8\u80fd\u591f\u5feb\u901f\u54cd\u5e94\u5e02\u573a\u53d8\u5316\uff0c\u52a0\u901f\u4ea7\u54c1\u7814\u53d1\u548c\u4e0a\u5e02\u8fdb\u7a0b\u3002\" \/>\n<meta name=\"robots\" content=\"index, follow, max-snippet:-1, max-image-preview:large, max-video-preview:-1\" \/>\n<link rel=\"canonical\" href=\"https:\/\/www.3dptek.com\/vi\/3d-printed-manufacturing\/3d3c\/\" \/>\n<meta property=\"og:locale\" content=\"vi_VN\" \/>\n<meta property=\"og:type\" content=\"article\" \/>\n<meta property=\"og:title\" content=\"3D\u7535\u5b50\" \/>\n<meta property=\"og:description\" content=\"\u4e09\u5e1d\u79d1\u901a\u8fc7\u7814\u53d13C\u4e13\u75283D\u6253\u5370\u7cfb\u7edf\u53ca\u6750\u6599\u5de5\u827a\uff0c\u4e3a3C\u7535\u5b50\u884c\u4e1a\u63d0\u4f9b\u5b9a\u5236\u5316\u76843D\u6253\u5370\u670d\u52a1\uff0c\u4e0d\u4ec5\u80fd\u591f\u6ee1\u8db3\u5ba2\u6237\u4e2a\u6027\u5316\u7684\u9700\u6c42\uff0c\u8fd8\u80fd\u591f\u5feb\u901f\u54cd\u5e94\u5e02\u573a\u53d8\u5316\uff0c\u52a0\u901f\u4ea7\u54c1\u7814\u53d1\u548c\u4e0a\u5e02\u8fdb\u7a0b\u3002\" \/>\n<meta property=\"og:url\" content=\"https:\/\/www.3dptek.com\/vi\/3d-printed-manufacturing\/3d3c\/\" \/>\n<meta property=\"og:site_name\" content=\"\u4e09\u5e1d\u79d1\u6280\u80a1\u4efd\u6709\u9650\u516c\u53f8\" \/>\n<meta property=\"article:modified_time\" content=\"2024-05-21T09:39:06+00:00\" \/>\n<meta name=\"twitter:card\" content=\"summary_large_image\" \/>\n<meta name=\"twitter:label1\" content=\"\u01af\u1edbc t\u00ednh th\u1eddi gian \u0111\u1ecdc\" \/>\n\t<meta name=\"twitter:data1\" content=\"1 ph\u00fat\" \/>\n<script type=\"application\/ld+json\" class=\"yoast-schema-graph\">{\"@context\":\"https:\/\/schema.org\",\"@graph\":[{\"@type\":\"WebPage\",\"@id\":\"https:\/\/www.3dptek.com\/3d-printed-manufacturing\/3d3c\/\",\"url\":\"https:\/\/www.3dptek.com\/3d-printed-manufacturing\/3d3c\/\",\"name\":\"3C\u7535\u5b50\u4e13\u75283D\u6253\u5370\u8bbe\u5907\u3001\u5de5\u827a |\u5feb\u901f\u8fed\u4ee3\u4e28\u6d88\u8d39\u7535\u5b50 - \u4e09\u5e1d\u79d1\u6280\u80a1\u4efd\u6709\u9650\u516c\u53f8\",\"isPartOf\":{\"@id\":\"https:\/\/www.3dptek.com\/#website\"},\"datePublished\":\"2024-04-01T02:53:52+00:00\",\"dateModified\":\"2024-05-21T09:39:06+00:00\",\"description\":\"\u4e09\u5e1d\u79d1\u901a\u8fc7\u7814\u53d13C\u4e13\u75283D\u6253\u5370\u7cfb\u7edf\u53ca\u6750\u6599\u5de5\u827a\uff0c\u4e3a3C\u7535\u5b50\u884c\u4e1a\u63d0\u4f9b\u5b9a\u5236\u5316\u76843D\u6253\u5370\u670d\u52a1\uff0c\u4e0d\u4ec5\u80fd\u591f\u6ee1\u8db3\u5ba2\u6237\u4e2a\u6027\u5316\u7684\u9700\u6c42\uff0c\u8fd8\u80fd\u591f\u5feb\u901f\u54cd\u5e94\u5e02\u573a\u53d8\u5316\uff0c\u52a0\u901f\u4ea7\u54c1\u7814\u53d1\u548c\u4e0a\u5e02\u8fdb\u7a0b\u3002\",\"breadcrumb\":{\"@id\":\"https:\/\/www.3dptek.com\/3d-printed-manufacturing\/3d3c\/#breadcrumb\"},\"inLanguage\":\"vi\",\"potentialAction\":[{\"@type\":\"ReadAction\",\"target\":[\"https:\/\/www.3dptek.com\/3d-printed-manufacturing\/3d3c\/\"]}]},{\"@type\":\"BreadcrumbList\",\"@id\":\"https:\/\/www.3dptek.com\/3d-printed-manufacturing\/3d3c\/#breadcrumb\",\"itemListElement\":[{\"@type\":\"ListItem\",\"position\":1,\"name\":\"\u9996\u9875\",\"item\":\"https:\/\/www.3dptek.com\/\"},{\"@type\":\"ListItem\",\"position\":2,\"name\":\"3D\u5236\u9020\",\"item\":\"https:\/\/www.3dptek.com\/3d-printed-manufacturing\/\"},{\"@type\":\"ListItem\",\"position\":3,\"name\":\"3D\u7535\u5b50\"}]},{\"@type\":\"WebSite\",\"@id\":\"https:\/\/www.3dptek.com\/#website\",\"url\":\"https:\/\/www.3dptek.com\/\",\"name\":\"\u4e09\u5e1d\u79d1\u6280\u80a1\u4efd\u6709\u9650\u516c\u53f8\",\"description\":\"\",\"potentialAction\":[{\"@type\":\"SearchAction\",\"target\":{\"@type\":\"EntryPoint\",\"urlTemplate\":\"https:\/\/www.3dptek.com\/?s={search_term_string}\"},\"query-input\":{\"@type\":\"PropertyValueSpecification\",\"valueRequired\":true,\"valueName\":\"search_term_string\"}}],\"inLanguage\":\"vi\"}]}<\/script>\n<!-- \/ Yoast SEO Premium plugin. -->","yoast_head_json":{"title":"Thi\u1ebft b\u1ecb v\u00e0 quy tr\u00ecnh in 3D chuy\u00ean d\u1ee5ng cho \u0111i\u1ec7n t\u1eed 3C | L\u1eb7p l\u1ea1i nhanh ch\u00f3ng | \u0110i\u1ec7n t\u1eed ti\u00eau d\u00f9ng - C\u00f4ng ty C\u1ed5 ph\u1ea7n C\u00f4ng ngh\u1ec7 SanDee","description":"Sande Technology cung c\u1ea5p d\u1ecbch v\u1ee5 in 3D t\u00f9y ch\u1ec9nh cho ng\u00e0nh c\u00f4ng nghi\u1ec7p \u0111i\u1ec7n t\u1eed 3C th\u00f4ng qua vi\u1ec7c nghi\u00ean c\u1ee9u v\u00e0 ph\u00e1t tri\u1ec3n h\u1ec7 th\u1ed1ng in 3D chuy\u00ean d\u1ee5ng cho 3C v\u00e0 c\u00f4ng ngh\u1ec7 v\u1eadt li\u1ec7u. \u0110i\u1ec1u n\u00e0y kh\u00f4ng ch\u1ec9 \u0111\u00e1p \u1ee9ng nhu c\u1ea7u c\u00e1 nh\u00e2n h\u00f3a c\u1ee7a kh\u00e1ch h\u00e0ng m\u00e0 c\u00f2n cho ph\u00e9p ph\u1ea3n \u1ee9ng nhanh ch\u00f3ng v\u1edbi s\u1ef1 thay \u0111\u1ed5i c\u1ee7a th\u1ecb tr\u01b0\u1eddng, \u0111\u1ed3ng th\u1eddi \u0111\u1ea9y nhanh qu\u00e1 tr\u00ecnh nghi\u00ean c\u1ee9u v\u00e0 ph\u00e1t tri\u1ec3n s\u1ea3n ph\u1ea9m c\u0169ng nh\u01b0 qu\u00e1 tr\u00ecnh \u0111\u01b0a s\u1ea3n ph\u1ea9m ra th\u1ecb tr\u01b0\u1eddng.","robots":{"index":"index","follow":"follow","max-snippet":"max-snippet:-1","max-image-preview":"max-image-preview:large","max-video-preview":"max-video-preview:-1"},"canonical":"https:\/\/www.3dptek.com\/vi\/3d-printed-manufacturing\/3d3c\/","og_locale":"vi_VN","og_type":"article","og_title":"3D\u7535\u5b50","og_description":"\u4e09\u5e1d\u79d1\u901a\u8fc7\u7814\u53d13C\u4e13\u75283D\u6253\u5370\u7cfb\u7edf\u53ca\u6750\u6599\u5de5\u827a\uff0c\u4e3a3C\u7535\u5b50\u884c\u4e1a\u63d0\u4f9b\u5b9a\u5236\u5316\u76843D\u6253\u5370\u670d\u52a1\uff0c\u4e0d\u4ec5\u80fd\u591f\u6ee1\u8db3\u5ba2\u6237\u4e2a\u6027\u5316\u7684\u9700\u6c42\uff0c\u8fd8\u80fd\u591f\u5feb\u901f\u54cd\u5e94\u5e02\u573a\u53d8\u5316\uff0c\u52a0\u901f\u4ea7\u54c1\u7814\u53d1\u548c\u4e0a\u5e02\u8fdb\u7a0b\u3002","og_url":"https:\/\/www.3dptek.com\/vi\/3d-printed-manufacturing\/3d3c\/","og_site_name":"\u4e09\u5e1d\u79d1\u6280\u80a1\u4efd\u6709\u9650\u516c\u53f8","article_modified_time":"2024-05-21T09:39:06+00:00","twitter_card":"summary_large_image","twitter_misc":{"\u01af\u1edbc t\u00ednh th\u1eddi gian \u0111\u1ecdc":"1 ph\u00fat"},"schema":{"@context":"https:\/\/schema.org","@graph":[{"@type":"WebPage","@id":"https:\/\/www.3dptek.com\/3d-printed-manufacturing\/3d3c\/","url":"https:\/\/www.3dptek.com\/3d-printed-manufacturing\/3d3c\/","name":"Thi\u1ebft b\u1ecb v\u00e0 quy tr\u00ecnh in 3D chuy\u00ean d\u1ee5ng cho \u0111i\u1ec7n t\u1eed 3C | L\u1eb7p l\u1ea1i nhanh ch\u00f3ng | \u0110i\u1ec7n t\u1eed ti\u00eau d\u00f9ng - C\u00f4ng ty C\u1ed5 ph\u1ea7n C\u00f4ng ngh\u1ec7 SanDee","isPartOf":{"@id":"https:\/\/www.3dptek.com\/#website"},"datePublished":"2024-04-01T02:53:52+00:00","dateModified":"2024-05-21T09:39:06+00:00","description":"Sande Technology cung c\u1ea5p d\u1ecbch v\u1ee5 in 3D t\u00f9y ch\u1ec9nh cho ng\u00e0nh c\u00f4ng nghi\u1ec7p \u0111i\u1ec7n t\u1eed 3C th\u00f4ng qua vi\u1ec7c nghi\u00ean c\u1ee9u v\u00e0 ph\u00e1t tri\u1ec3n h\u1ec7 th\u1ed1ng in 3D chuy\u00ean d\u1ee5ng cho 3C v\u00e0 c\u00f4ng ngh\u1ec7 v\u1eadt li\u1ec7u. \u0110i\u1ec1u n\u00e0y kh\u00f4ng ch\u1ec9 \u0111\u00e1p \u1ee9ng nhu c\u1ea7u c\u00e1 nh\u00e2n h\u00f3a c\u1ee7a kh\u00e1ch h\u00e0ng m\u00e0 c\u00f2n cho ph\u00e9p ph\u1ea3n \u1ee9ng nhanh ch\u00f3ng v\u1edbi s\u1ef1 thay \u0111\u1ed5i c\u1ee7a th\u1ecb tr\u01b0\u1eddng, \u0111\u1ed3ng th\u1eddi \u0111\u1ea9y nhanh qu\u00e1 tr\u00ecnh nghi\u00ean c\u1ee9u v\u00e0 ph\u00e1t tri\u1ec3n s\u1ea3n ph\u1ea9m c\u0169ng nh\u01b0 qu\u00e1 tr\u00ecnh \u0111\u01b0a s\u1ea3n ph\u1ea9m ra th\u1ecb tr\u01b0\u1eddng.","breadcrumb":{"@id":"https:\/\/www.3dptek.com\/3d-printed-manufacturing\/3d3c\/#breadcrumb"},"inLanguage":"vi","potentialAction":[{"@type":"ReadAction","target":["https:\/\/www.3dptek.com\/3d-printed-manufacturing\/3d3c\/"]}]},{"@type":"BreadcrumbList","@id":"https:\/\/www.3dptek.com\/3d-printed-manufacturing\/3d3c\/#breadcrumb","itemListElement":[{"@type":"ListItem","position":1,"name":"\u9996\u9875","item":"https:\/\/www.3dptek.com\/"},{"@type":"ListItem","position":2,"name":"3D\u5236\u9020","item":"https:\/\/www.3dptek.com\/3d-printed-manufacturing\/"},{"@type":"ListItem","position":3,"name":"3D\u7535\u5b50"}]},{"@type":"WebSite","@id":"https:\/\/www.3dptek.com\/#website","url":"https:\/\/www.3dptek.com\/","name":"C\u00f4ng ty C\u1ed5 ph\u1ea7n C\u00f4ng ngh\u1ec7 Tam \u0110\u1ebf","description":"","potentialAction":[{"@type":"SearchAction","target":{"@type":"EntryPoint","urlTemplate":"https:\/\/www.3dptek.com\/?s={search_term_string}"},"query-input":{"@type":"PropertyValueSpecification","valueRequired":true,"valueName":"search_term_string"}}],"inLanguage":"vi"}]}},"_links":{"self":[{"href":"https:\/\/www.3dptek.com\/vi\/wp-json\/wp\/v2\/pages\/173","targetHints":{"allow":["GET"]}}],"collection":[{"href":"https:\/\/www.3dptek.com\/vi\/wp-json\/wp\/v2\/pages"}],"about":[{"href":"https:\/\/www.3dptek.com\/vi\/wp-json\/wp\/v2\/types\/page"}],"author":[{"embeddable":true,"href":"https:\/\/www.3dptek.com\/vi\/wp-json\/wp\/v2\/users\/1"}],"replies":[{"embeddable":true,"href":"https:\/\/www.3dptek.com\/vi\/wp-json\/wp\/v2\/comments?post=173"}],"version-history":[{"count":2,"href":"https:\/\/www.3dptek.com\/vi\/wp-json\/wp\/v2\/pages\/173\/revisions"}],"predecessor-version":[{"id":942,"href":"https:\/\/www.3dptek.com\/vi\/wp-json\/wp\/v2\/pages\/173\/revisions\/942"}],"up":[{"embeddable":true,"href":"https:\/\/www.3dptek.com\/vi\/wp-json\/wp\/v2\/pages\/49"}],"wp:attachment":[{"href":"https:\/\/www.3dptek.com\/vi\/wp-json\/wp\/v2\/media?parent=173"}],"curies":[{"name":"wp","href":"https:\/\/api.w.org\/{rel}","templated":true}]}}