{"id":164,"date":"2024-03-29T16:48:24","date_gmt":"2024-03-29T08:48:24","guid":{"rendered":"https:\/\/test.3dptek.com\/?page_id=164"},"modified":"2024-05-30T10:21:04","modified_gmt":"2024-05-30T02:21:04","slug":"3d-sand-castings","status":"publish","type":"page","link":"https:\/\/www.3dptek.com\/vi\/3d-printed-manufacturing\/3d-casting\/3d-sand-castings\/","title":{"rendered":"\u0110\u00fac khu\u00f4n c\u00e1t 3D"},"content":{"rendered":"","protected":false},"excerpt":{"rendered":"","protected":false},"author":1,"featured_media":0,"parent":151,"menu_order":0,"comment_status":"closed","ping_status":"closed","template":"","meta":{"_yoast_wpseo_focuskw":"","_yoast_wpseo_title":"3D\u6253\u5370\u7802\u578b\u94f8\u9020 | \u5feb\u901f\u94f8\u9020\u89e3\u51b3\u65b9\u6848\u4e28\u5de8\u578b\u94f8\u9020\u4e28\u5927\u5c3a\u5bf8\u94f8\u4ef6\u5236\u9020\u4f18\u9009 %%sep%% %%sitename%%","_yoast_wpseo_metadesc":"\u4e09\u5e1d\u79d1\u6280\u901a\u8fc73D\u6253\u5370\u6280\u672f\uff0c\u63d0\u4f9b\u5feb\u901f\u3001\u7ecf\u6d4e\u7684\u94f8\u9020\u6a21\u5177\u5236\u9020\u670d\u52a1\uff0c\u53ef\u663e\u8457\u7f29\u77ed\u751f\u4ea7\u5468\u671f\u5e76\u964d\u4f4e\u6210\u672c\uff0c\u5b9e\u73b0\u5927\u5c3a\u5bf8\u94f8\u4ef6\u7684\u5feb\u901f\u5236\u9020\u3002","footnotes":""},"class_list":["post-164","page","type-page","status-publish","hentry"],"acf":[],"yoast_head":"\n3D\u6253\u5370\u7802\u578b\u94f8\u9020 | \u5feb\u901f\u94f8\u9020\u89e3\u51b3\u65b9\u6848\u4e28\u5de8\u578b\u94f8\u9020\u4e28\u5927\u5c3a\u5bf8\u94f8\u4ef6\u5236\u9020\u4f18\u9009 - \u4e09\u5e1d\u79d1\u6280\u80a1\u4efd\u6709\u9650\u516c\u53f8<\/title>\n<meta name=\"description\" content=\"\u4e09\u5e1d\u79d1\u6280\u901a\u8fc73D\u6253\u5370\u6280\u672f\uff0c\u63d0\u4f9b\u5feb\u901f\u3001\u7ecf\u6d4e\u7684\u94f8\u9020\u6a21\u5177\u5236\u9020\u670d\u52a1\uff0c\u53ef\u663e\u8457\u7f29\u77ed\u751f\u4ea7\u5468\u671f\u5e76\u964d\u4f4e\u6210\u672c\uff0c\u5b9e\u73b0\u5927\u5c3a\u5bf8\u94f8\u4ef6\u7684\u5feb\u901f\u5236\u9020\u3002\" \/>\n<meta name=\"robots\" content=\"index, follow, max-snippet:-1, max-image-preview:large, max-video-preview:-1\" \/>\n<link rel=\"canonical\" href=\"https:\/\/www.3dptek.com\/vi\/3d-printed-manufacturing\/3d-casting\/3d-sand-castings\/\" \/>\n<meta property=\"og:locale\" content=\"vi_VN\" \/>\n<meta property=\"og:type\" content=\"article\" \/>\n<meta property=\"og:title\" content=\"3D\u7802\u578b\u94f8\u9020\" \/>\n<meta property=\"og:description\" content=\"\u4e09\u5e1d\u79d1\u6280\u901a\u8fc73D\u6253\u5370\u6280\u672f\uff0c\u63d0\u4f9b\u5feb\u901f\u3001\u7ecf\u6d4e\u7684\u94f8\u9020\u6a21\u5177\u5236\u9020\u670d\u52a1\uff0c\u53ef\u663e\u8457\u7f29\u77ed\u751f\u4ea7\u5468\u671f\u5e76\u964d\u4f4e\u6210\u672c\uff0c\u5b9e\u73b0\u5927\u5c3a\u5bf8\u94f8\u4ef6\u7684\u5feb\u901f\u5236\u9020\u3002\" \/>\n<meta property=\"og:url\" content=\"https:\/\/www.3dptek.com\/vi\/3d-printed-manufacturing\/3d-casting\/3d-sand-castings\/\" \/>\n<meta property=\"og:site_name\" content=\"\u4e09\u5e1d\u79d1\u6280\u80a1\u4efd\u6709\u9650\u516c\u53f8\" \/>\n<meta property=\"article:modified_time\" content=\"2024-05-30T02:21:04+00:00\" \/>\n<meta name=\"twitter:card\" content=\"summary_large_image\" \/>\n<meta name=\"twitter:label1\" content=\"\u01af\u1edbc t\u00ednh th\u1eddi gian \u0111\u1ecdc\" \/>\n\t<meta name=\"twitter:data1\" content=\"7 ph\u00fat\" \/>\n<script type=\"application\/ld+json\" class=\"yoast-schema-graph\">{\"@context\":\"https:\/\/schema.org\",\"@graph\":[{\"@type\":\"WebPage\",\"@id\":\"https:\/\/www.3dptek.com\/3d-printed-manufacturing\/3d-casting\/3d-sand-castings\/\",\"url\":\"https:\/\/www.3dptek.com\/3d-printed-manufacturing\/3d-casting\/3d-sand-castings\/\",\"name\":\"3D\u6253\u5370\u7802\u578b\u94f8\u9020 | \u5feb\u901f\u94f8\u9020\u89e3\u51b3\u65b9\u6848\u4e28\u5de8\u578b\u94f8\u9020\u4e28\u5927\u5c3a\u5bf8\u94f8\u4ef6\u5236\u9020\u4f18\u9009 - \u4e09\u5e1d\u79d1\u6280\u80a1\u4efd\u6709\u9650\u516c\u53f8\",\"isPartOf\":{\"@id\":\"https:\/\/www.3dptek.com\/#website\"},\"datePublished\":\"2024-03-29T08:48:24+00:00\",\"dateModified\":\"2024-05-30T02:21:04+00:00\",\"description\":\"\u4e09\u5e1d\u79d1\u6280\u901a\u8fc73D\u6253\u5370\u6280\u672f\uff0c\u63d0\u4f9b\u5feb\u901f\u3001\u7ecf\u6d4e\u7684\u94f8\u9020\u6a21\u5177\u5236\u9020\u670d\u52a1\uff0c\u53ef\u663e\u8457\u7f29\u77ed\u751f\u4ea7\u5468\u671f\u5e76\u964d\u4f4e\u6210\u672c\uff0c\u5b9e\u73b0\u5927\u5c3a\u5bf8\u94f8\u4ef6\u7684\u5feb\u901f\u5236\u9020\u3002\",\"breadcrumb\":{\"@id\":\"https:\/\/www.3dptek.com\/3d-printed-manufacturing\/3d-casting\/3d-sand-castings\/#breadcrumb\"},\"inLanguage\":\"vi\",\"potentialAction\":[{\"@type\":\"ReadAction\",\"target\":[\"https:\/\/www.3dptek.com\/3d-printed-manufacturing\/3d-casting\/3d-sand-castings\/\"]}]},{\"@type\":\"BreadcrumbList\",\"@id\":\"https:\/\/www.3dptek.com\/3d-printed-manufacturing\/3d-casting\/3d-sand-castings\/#breadcrumb\",\"itemListElement\":[{\"@type\":\"ListItem\",\"position\":1,\"name\":\"\u9996\u9875\",\"item\":\"https:\/\/www.3dptek.com\/\"},{\"@type\":\"ListItem\",\"position\":2,\"name\":\"3D\u5236\u9020\",\"item\":\"https:\/\/www.3dptek.com\/3d-printed-manufacturing\/\"},{\"@type\":\"ListItem\",\"position\":3,\"name\":\"3D\u94f8\u9020\",\"item\":\"https:\/\/www.3dptek.com\/3d-printed-manufacturing\/3d-casting\/\"},{\"@type\":\"ListItem\",\"position\":4,\"name\":\"3D\u7802\u578b\u94f8\u9020\"}]},{\"@type\":\"WebSite\",\"@id\":\"https:\/\/www.3dptek.com\/#website\",\"url\":\"https:\/\/www.3dptek.com\/\",\"name\":\"\u4e09\u5e1d\u79d1\u6280\u80a1\u4efd\u6709\u9650\u516c\u53f8\",\"description\":\"\",\"potentialAction\":[{\"@type\":\"SearchAction\",\"target\":{\"@type\":\"EntryPoint\",\"urlTemplate\":\"https:\/\/www.3dptek.com\/?s={search_term_string}\"},\"query-input\":{\"@type\":\"PropertyValueSpecification\",\"valueRequired\":true,\"valueName\":\"search_term_string\"}}],\"inLanguage\":\"vi\"}]}<\/script>\n<!-- \/ Yoast SEO Premium plugin. -->","yoast_head_json":{"title":"In 3D sand casting | Gi\u1ea3i ph\u00e1p \u0111\u00fac nhanh | \u0110\u00fac quy m\u00f4 l\u1edbn | L\u1ef1a ch\u1ecdn h\u00e0ng \u0111\u1ea7u cho s\u1ea3n xu\u1ea5t c\u00e1c chi ti\u1ebft \u0111\u00fac k\u00edch th\u01b0\u1edbc l\u1edbn - C\u00f4ng ty C\u1ed5 ph\u1ea7n C\u00f4ng ngh\u1ec7 San Di","description":"Sandee Technology cung c\u1ea5p d\u1ecbch v\u1ee5 s\u1ea3n xu\u1ea5t khu\u00f4n \u0111\u00fac nhanh ch\u00f3ng v\u00e0 ti\u1ebft ki\u1ec7m chi ph\u00ed th\u00f4ng qua c\u00f4ng ngh\u1ec7 in 3D, gi\u00fap r\u00fat ng\u1eafn \u0111\u00e1ng k\u1ec3 chu k\u1ef3 s\u1ea3n xu\u1ea5t v\u00e0 gi\u1ea3m chi ph\u00ed, \u0111\u1ed3ng th\u1eddi th\u1ef1c hi\u1ec7n s\u1ea3n xu\u1ea5t nhanh ch\u00f3ng c\u00e1c chi ti\u1ebft \u0111\u00fac c\u00f3 k\u00edch th\u01b0\u1edbc l\u1edbn.","robots":{"index":"index","follow":"follow","max-snippet":"max-snippet:-1","max-image-preview":"max-image-preview:large","max-video-preview":"max-video-preview:-1"},"canonical":"https:\/\/www.3dptek.com\/vi\/3d-printed-manufacturing\/3d-casting\/3d-sand-castings\/","og_locale":"vi_VN","og_type":"article","og_title":"3D\u7802\u578b\u94f8\u9020","og_description":"\u4e09\u5e1d\u79d1\u6280\u901a\u8fc73D\u6253\u5370\u6280\u672f\uff0c\u63d0\u4f9b\u5feb\u901f\u3001\u7ecf\u6d4e\u7684\u94f8\u9020\u6a21\u5177\u5236\u9020\u670d\u52a1\uff0c\u53ef\u663e\u8457\u7f29\u77ed\u751f\u4ea7\u5468\u671f\u5e76\u964d\u4f4e\u6210\u672c\uff0c\u5b9e\u73b0\u5927\u5c3a\u5bf8\u94f8\u4ef6\u7684\u5feb\u901f\u5236\u9020\u3002","og_url":"https:\/\/www.3dptek.com\/vi\/3d-printed-manufacturing\/3d-casting\/3d-sand-castings\/","og_site_name":"\u4e09\u5e1d\u79d1\u6280\u80a1\u4efd\u6709\u9650\u516c\u53f8","article_modified_time":"2024-05-30T02:21:04+00:00","twitter_card":"summary_large_image","twitter_misc":{"\u01af\u1edbc t\u00ednh th\u1eddi gian \u0111\u1ecdc":"7 ph\u00fat"},"schema":{"@context":"https:\/\/schema.org","@graph":[{"@type":"WebPage","@id":"https:\/\/www.3dptek.com\/3d-printed-manufacturing\/3d-casting\/3d-sand-castings\/","url":"https:\/\/www.3dptek.com\/3d-printed-manufacturing\/3d-casting\/3d-sand-castings\/","name":"In 3D sand casting | Gi\u1ea3i ph\u00e1p \u0111\u00fac nhanh | \u0110\u00fac quy m\u00f4 l\u1edbn | L\u1ef1a ch\u1ecdn h\u00e0ng \u0111\u1ea7u cho s\u1ea3n xu\u1ea5t c\u00e1c chi ti\u1ebft \u0111\u00fac k\u00edch th\u01b0\u1edbc l\u1edbn - C\u00f4ng ty C\u1ed5 ph\u1ea7n C\u00f4ng ngh\u1ec7 San Di","isPartOf":{"@id":"https:\/\/www.3dptek.com\/#website"},"datePublished":"2024-03-29T08:48:24+00:00","dateModified":"2024-05-30T02:21:04+00:00","description":"Sandee Technology cung c\u1ea5p d\u1ecbch v\u1ee5 s\u1ea3n xu\u1ea5t khu\u00f4n \u0111\u00fac nhanh ch\u00f3ng v\u00e0 ti\u1ebft ki\u1ec7m chi ph\u00ed th\u00f4ng qua c\u00f4ng ngh\u1ec7 in 3D, gi\u00fap r\u00fat ng\u1eafn \u0111\u00e1ng k\u1ec3 chu k\u1ef3 s\u1ea3n xu\u1ea5t v\u00e0 gi\u1ea3m chi ph\u00ed, \u0111\u1ed3ng th\u1eddi th\u1ef1c hi\u1ec7n s\u1ea3n xu\u1ea5t nhanh ch\u00f3ng c\u00e1c chi ti\u1ebft \u0111\u00fac c\u00f3 k\u00edch th\u01b0\u1edbc l\u1edbn.","breadcrumb":{"@id":"https:\/\/www.3dptek.com\/3d-printed-manufacturing\/3d-casting\/3d-sand-castings\/#breadcrumb"},"inLanguage":"vi","potentialAction":[{"@type":"ReadAction","target":["https:\/\/www.3dptek.com\/3d-printed-manufacturing\/3d-casting\/3d-sand-castings\/"]}]},{"@type":"BreadcrumbList","@id":"https:\/\/www.3dptek.com\/3d-printed-manufacturing\/3d-casting\/3d-sand-castings\/#breadcrumb","itemListElement":[{"@type":"ListItem","position":1,"name":"\u9996\u9875","item":"https:\/\/www.3dptek.com\/"},{"@type":"ListItem","position":2,"name":"3D\u5236\u9020","item":"https:\/\/www.3dptek.com\/3d-printed-manufacturing\/"},{"@type":"ListItem","position":3,"name":"3D\u94f8\u9020","item":"https:\/\/www.3dptek.com\/3d-printed-manufacturing\/3d-casting\/"},{"@type":"ListItem","position":4,"name":"3D\u7802\u578b\u94f8\u9020"}]},{"@type":"WebSite","@id":"https:\/\/www.3dptek.com\/#website","url":"https:\/\/www.3dptek.com\/","name":"C\u00f4ng ty C\u1ed5 ph\u1ea7n C\u00f4ng ngh\u1ec7 Tam \u0110\u1ebf","description":"","potentialAction":[{"@type":"SearchAction","target":{"@type":"EntryPoint","urlTemplate":"https:\/\/www.3dptek.com\/?s={search_term_string}"},"query-input":{"@type":"PropertyValueSpecification","valueRequired":true,"valueName":"search_term_string"}}],"inLanguage":"vi"}]}},"_links":{"self":[{"href":"https:\/\/www.3dptek.com\/vi\/wp-json\/wp\/v2\/pages\/164","targetHints":{"allow":["GET"]}}],"collection":[{"href":"https:\/\/www.3dptek.com\/vi\/wp-json\/wp\/v2\/pages"}],"about":[{"href":"https:\/\/www.3dptek.com\/vi\/wp-json\/wp\/v2\/types\/page"}],"author":[{"embeddable":true,"href":"https:\/\/www.3dptek.com\/vi\/wp-json\/wp\/v2\/users\/1"}],"replies":[{"embeddable":true,"href":"https:\/\/www.3dptek.com\/vi\/wp-json\/wp\/v2\/comments?post=164"}],"version-history":[{"count":1,"href":"https:\/\/www.3dptek.com\/vi\/wp-json\/wp\/v2\/pages\/164\/revisions"}],"predecessor-version":[{"id":165,"href":"https:\/\/www.3dptek.com\/vi\/wp-json\/wp\/v2\/pages\/164\/revisions\/165"}],"up":[{"embeddable":true,"href":"https:\/\/www.3dptek.com\/vi\/wp-json\/wp\/v2\/pages\/151"}],"wp:attachment":[{"href":"https:\/\/www.3dptek.com\/vi\/wp-json\/wp\/v2\/media?parent=164"}],"curies":[{"name":"wp","href":"https:\/\/api.w.org\/{rel}","templated":true}]}}