{"id":151,"date":"2024-03-29T11:27:52","date_gmt":"2024-03-29T03:27:52","guid":{"rendered":"https:\/\/test.3dptek.com\/?page_id=151"},"modified":"2024-11-26T16:33:49","modified_gmt":"2024-11-26T08:33:49","slug":"3d-casting","status":"publish","type":"page","link":"https:\/\/www.3dptek.com\/vi\/3d-printed-manufacturing\/3d-casting\/","title":{"rendered":"\u0110\u00fac 3D"},"content":{"rendered":"","protected":false},"excerpt":{"rendered":"","protected":false},"author":1,"featured_media":1732,"parent":49,"menu_order":0,"comment_status":"closed","ping_status":"closed","template":"","meta":{"_yoast_wpseo_focuskw":"","_yoast_wpseo_title":"3D\u6253\u5370\u7802\u578b\u3001\u8721\u6a21\u94f8\u9020 | \u9769\u65b0\u4f20\u7edf\u94f8\u9020\u5de5\u827a %%sep%% %%sitename%%","_yoast_wpseo_metadesc":"\u4e09\u5e1d\u79d1\u6280\u62e5\u6709\u8fd1 30 \u5e74\u7684 3D \u6253\u5370\u670d\u52a1\u7ecf\u9a8c\u53ca\u94f8\u9020\u7ecf\u9a8c\uff0c\u57fa\u4e8e\u201c\u5de5\u827a\u8bbe\u8ba1\u30013D \u6253\u5370\u3001\u94f8\u9020\u3001\u673a\u52a0\u5de5\u53ca\u68c0\u6d4b\u201d\u7b49\u4e00\u4f53\u5316\u6280\u672f\u5de5\u827a\uff0c\u53ef\u63d0\u4f9b\u9ad8\u8d28\u91cf\u7684\u7814\u53d1\u8bd5\u5236\u3001\u5c0f\u6279\u91cf\u591a\u54c1\u79cd\u3001\u590d\u6742\u7ed3\u6784\u91d1\u5c5e\u4ea7\u54c1\u7684\u5feb\u901f\u5236\u9020\u670d\u52a1\u3002\u53ef\u4e3a\u822a\u7a7a\u822a\u5929\u3001\u6c7d\u8f66\u3001\u8f68\u9053\u4ea4\u901a\u3001\u8239\u8236\u6cf5\u9600\u3001\u5de5\u7a0b\u673a\u68b0\u3001\u827a\u672f\u94f8\u9020\u3001\u91d1\u5c5e\u52a0\u5de5\u7b49\u7528\u6237\u63d0\u4f9b\u94dd\u5408\u91d1\u3001\u94dc\u5408\u91d1\u3001\u94f8\u94c1\u3001\u94f8\u94a2\u3001\u9541\u5408\u91d1\u3001\u9ad8\u6e29\u5408\u91d1\u3001\u949b\u5408\u91d1\u7b49\u7684\u5feb\u901f\u5236\u9020\u670d\u52a1\u3002","footnotes":""},"class_list":["post-151","page","type-page","status-publish","has-post-thumbnail","hentry"],"acf":[],"yoast_head":"\n3D\u6253\u5370\u7802\u578b\u3001\u8721\u6a21\u94f8\u9020 | \u9769\u65b0\u4f20\u7edf\u94f8\u9020\u5de5\u827a - \u4e09\u5e1d\u79d1\u6280\u80a1\u4efd\u6709\u9650\u516c\u53f8<\/title>\n<meta name=\"description\" content=\"\u4e09\u5e1d\u79d1\u6280\u62e5\u6709\u8fd1 30 \u5e74\u7684 3D \u6253\u5370\u670d\u52a1\u7ecf\u9a8c\u53ca\u94f8\u9020\u7ecf\u9a8c\uff0c\u57fa\u4e8e\u201c\u5de5\u827a\u8bbe\u8ba1\u30013D \u6253\u5370\u3001\u94f8\u9020\u3001\u673a\u52a0\u5de5\u53ca\u68c0\u6d4b\u201d\u7b49\u4e00\u4f53\u5316\u6280\u672f\u5de5\u827a\uff0c\u53ef\u63d0\u4f9b\u9ad8\u8d28\u91cf\u7684\u7814\u53d1\u8bd5\u5236\u3001\u5c0f\u6279\u91cf\u591a\u54c1\u79cd\u3001\u590d\u6742\u7ed3\u6784\u91d1\u5c5e\u4ea7\u54c1\u7684\u5feb\u901f\u5236\u9020\u670d\u52a1\u3002\u53ef\u4e3a\u822a\u7a7a\u822a\u5929\u3001\u6c7d\u8f66\u3001\u8f68\u9053\u4ea4\u901a\u3001\u8239\u8236\u6cf5\u9600\u3001\u5de5\u7a0b\u673a\u68b0\u3001\u827a\u672f\u94f8\u9020\u3001\u91d1\u5c5e\u52a0\u5de5\u7b49\u7528\u6237\u63d0\u4f9b\u94dd\u5408\u91d1\u3001\u94dc\u5408\u91d1\u3001\u94f8\u94c1\u3001\u94f8\u94a2\u3001\u9541\u5408\u91d1\u3001\u9ad8\u6e29\u5408\u91d1\u3001\u949b\u5408\u91d1\u7b49\u7684\u5feb\u901f\u5236\u9020\u670d\u52a1\u3002\" \/>\n<meta name=\"robots\" content=\"index, follow, max-snippet:-1, max-image-preview:large, max-video-preview:-1\" \/>\n<link rel=\"canonical\" href=\"https:\/\/www.3dptek.com\/vi\/3d-printed-manufacturing\/3d-casting\/\" \/>\n<meta property=\"og:locale\" content=\"vi_VN\" \/>\n<meta property=\"og:type\" content=\"article\" \/>\n<meta property=\"og:title\" content=\"3D\u94f8\u9020\" \/>\n<meta property=\"og:description\" content=\"\u4e09\u5e1d\u79d1\u6280\u62e5\u6709\u8fd1 30 \u5e74\u7684 3D \u6253\u5370\u670d\u52a1\u7ecf\u9a8c\u53ca\u94f8\u9020\u7ecf\u9a8c\uff0c\u57fa\u4e8e\u201c\u5de5\u827a\u8bbe\u8ba1\u30013D \u6253\u5370\u3001\u94f8\u9020\u3001\u673a\u52a0\u5de5\u53ca\u68c0\u6d4b\u201d\u7b49\u4e00\u4f53\u5316\u6280\u672f\u5de5\u827a\uff0c\u53ef\u63d0\u4f9b\u9ad8\u8d28\u91cf\u7684\u7814\u53d1\u8bd5\u5236\u3001\u5c0f\u6279\u91cf\u591a\u54c1\u79cd\u3001\u590d\u6742\u7ed3\u6784\u91d1\u5c5e\u4ea7\u54c1\u7684\u5feb\u901f\u5236\u9020\u670d\u52a1\u3002\u53ef\u4e3a\u822a\u7a7a\u822a\u5929\u3001\u6c7d\u8f66\u3001\u8f68\u9053\u4ea4\u901a\u3001\u8239\u8236\u6cf5\u9600\u3001\u5de5\u7a0b\u673a\u68b0\u3001\u827a\u672f\u94f8\u9020\u3001\u91d1\u5c5e\u52a0\u5de5\u7b49\u7528\u6237\u63d0\u4f9b\u94dd\u5408\u91d1\u3001\u94dc\u5408\u91d1\u3001\u94f8\u94c1\u3001\u94f8\u94a2\u3001\u9541\u5408\u91d1\u3001\u9ad8\u6e29\u5408\u91d1\u3001\u949b\u5408\u91d1\u7b49\u7684\u5feb\u901f\u5236\u9020\u670d\u52a1\u3002\" \/>\n<meta property=\"og:url\" content=\"https:\/\/www.3dptek.com\/vi\/3d-printed-manufacturing\/3d-casting\/\" \/>\n<meta property=\"og:site_name\" content=\"\u4e09\u5e1d\u79d1\u6280\u80a1\u4efd\u6709\u9650\u516c\u53f8\" \/>\n<meta property=\"article:modified_time\" content=\"2024-11-26T08:33:49+00:00\" \/>\n<meta property=\"og:image\" content=\"https:\/\/www.3dptek.com\/wp-content\/uploads\/2024\/10\/low-volume-production.jpg\" \/>\n\t<meta property=\"og:image:width\" content=\"800\" \/>\n\t<meta property=\"og:image:height\" content=\"600\" \/>\n\t<meta property=\"og:image:type\" content=\"image\/jpeg\" \/>\n<meta name=\"twitter:card\" content=\"summary_large_image\" \/>\n<meta name=\"twitter:label1\" content=\"\u01af\u1edbc t\u00ednh th\u1eddi gian \u0111\u1ecdc\" \/>\n\t<meta name=\"twitter:data1\" content=\"5 ph\u00fat\" \/>\n<script type=\"application\/ld+json\" class=\"yoast-schema-graph\">{\"@context\":\"https:\/\/schema.org\",\"@graph\":[{\"@type\":\"WebPage\",\"@id\":\"https:\/\/www.3dptek.com\/3d-printed-manufacturing\/3d-casting\/\",\"url\":\"https:\/\/www.3dptek.com\/3d-printed-manufacturing\/3d-casting\/\",\"name\":\"3D\u6253\u5370\u7802\u578b\u3001\u8721\u6a21\u94f8\u9020 | \u9769\u65b0\u4f20\u7edf\u94f8\u9020\u5de5\u827a - \u4e09\u5e1d\u79d1\u6280\u80a1\u4efd\u6709\u9650\u516c\u53f8\",\"isPartOf\":{\"@id\":\"https:\/\/www.3dptek.com\/#website\"},\"primaryImageOfPage\":{\"@id\":\"https:\/\/www.3dptek.com\/3d-printed-manufacturing\/3d-casting\/#primaryimage\"},\"image\":{\"@id\":\"https:\/\/www.3dptek.com\/3d-printed-manufacturing\/3d-casting\/#primaryimage\"},\"thumbnailUrl\":\"https:\/\/www.3dptek.com\/wp-content\/uploads\/2024\/10\/low-volume-production.jpg\",\"datePublished\":\"2024-03-29T03:27:52+00:00\",\"dateModified\":\"2024-11-26T08:33:49+00:00\",\"description\":\"\u4e09\u5e1d\u79d1\u6280\u62e5\u6709\u8fd1 30 \u5e74\u7684 3D \u6253\u5370\u670d\u52a1\u7ecf\u9a8c\u53ca\u94f8\u9020\u7ecf\u9a8c\uff0c\u57fa\u4e8e\u201c\u5de5\u827a\u8bbe\u8ba1\u30013D \u6253\u5370\u3001\u94f8\u9020\u3001\u673a\u52a0\u5de5\u53ca\u68c0\u6d4b\u201d\u7b49\u4e00\u4f53\u5316\u6280\u672f\u5de5\u827a\uff0c\u53ef\u63d0\u4f9b\u9ad8\u8d28\u91cf\u7684\u7814\u53d1\u8bd5\u5236\u3001\u5c0f\u6279\u91cf\u591a\u54c1\u79cd\u3001\u590d\u6742\u7ed3\u6784\u91d1\u5c5e\u4ea7\u54c1\u7684\u5feb\u901f\u5236\u9020\u670d\u52a1\u3002\u53ef\u4e3a\u822a\u7a7a\u822a\u5929\u3001\u6c7d\u8f66\u3001\u8f68\u9053\u4ea4\u901a\u3001\u8239\u8236\u6cf5\u9600\u3001\u5de5\u7a0b\u673a\u68b0\u3001\u827a\u672f\u94f8\u9020\u3001\u91d1\u5c5e\u52a0\u5de5\u7b49\u7528\u6237\u63d0\u4f9b\u94dd\u5408\u91d1\u3001\u94dc\u5408\u91d1\u3001\u94f8\u94c1\u3001\u94f8\u94a2\u3001\u9541\u5408\u91d1\u3001\u9ad8\u6e29\u5408\u91d1\u3001\u949b\u5408\u91d1\u7b49\u7684\u5feb\u901f\u5236\u9020\u670d\u52a1\u3002\",\"breadcrumb\":{\"@id\":\"https:\/\/www.3dptek.com\/3d-printed-manufacturing\/3d-casting\/#breadcrumb\"},\"inLanguage\":\"vi\",\"potentialAction\":[{\"@type\":\"ReadAction\",\"target\":[\"https:\/\/www.3dptek.com\/3d-printed-manufacturing\/3d-casting\/\"]}]},{\"@type\":\"ImageObject\",\"inLanguage\":\"vi\",\"@id\":\"https:\/\/www.3dptek.com\/3d-printed-manufacturing\/3d-casting\/#primaryimage\",\"url\":\"https:\/\/www.3dptek.com\/wp-content\/uploads\/2024\/10\/low-volume-production.jpg\",\"contentUrl\":\"https:\/\/www.3dptek.com\/wp-content\/uploads\/2024\/10\/low-volume-production.jpg\",\"width\":800,\"height\":600,\"caption\":\"\u5c0f\u6279\u91cf\u4e2a\u6027\u5316\u94f8\u9020\"},{\"@type\":\"BreadcrumbList\",\"@id\":\"https:\/\/www.3dptek.com\/3d-printed-manufacturing\/3d-casting\/#breadcrumb\",\"itemListElement\":[{\"@type\":\"ListItem\",\"position\":1,\"name\":\"\u9996\u9875\",\"item\":\"https:\/\/www.3dptek.com\/\"},{\"@type\":\"ListItem\",\"position\":2,\"name\":\"3D\u5236\u9020\",\"item\":\"https:\/\/www.3dptek.com\/3d-printed-manufacturing\/\"},{\"@type\":\"ListItem\",\"position\":3,\"name\":\"3D\u94f8\u9020\"}]},{\"@type\":\"WebSite\",\"@id\":\"https:\/\/www.3dptek.com\/#website\",\"url\":\"https:\/\/www.3dptek.com\/\",\"name\":\"\u4e09\u5e1d\u79d1\u6280\u80a1\u4efd\u6709\u9650\u516c\u53f8\",\"description\":\"\",\"potentialAction\":[{\"@type\":\"SearchAction\",\"target\":{\"@type\":\"EntryPoint\",\"urlTemplate\":\"https:\/\/www.3dptek.com\/?s={search_term_string}\"},\"query-input\":{\"@type\":\"PropertyValueSpecification\",\"valueRequired\":true,\"valueName\":\"search_term_string\"}}],\"inLanguage\":\"vi\"}]}<\/script>\n<!-- \/ Yoast SEO Premium plugin. -->","yoast_head_json":{"title":"In 3D khu\u00f4n c\u00e1t, \u0111\u00fac khu\u00f4n s\u00e1p | C\u00e1ch m\u1ea1ng h\u00f3a quy tr\u00ecnh \u0111\u00fac truy\u1ec1n th\u1ed1ng - C\u00f4ng ty C\u1ed5 ph\u1ea7n C\u00f4ng ngh\u1ec7 San Di","description":"San Di Technology c\u00f3 g\u1ea7n 30 n\u0103m kinh nghi\u1ec7m trong l\u0129nh v\u1ef1c d\u1ecbch v\u1ee5 in 3D v\u00e0 \u0111\u00fac, d\u1ef1a tr\u00ean c\u00f4ng ngh\u1ec7 t\u00edch h\u1ee3p \"thi\u1ebft k\u1ebf c\u00f4ng ngh\u1ec7, in 3D, \u0111\u00fac, gia c\u00f4ng c\u01a1 kh\u00ed v\u00e0 ki\u1ec3m tra\", c\u00f3 th\u1ec3 cung c\u1ea5p d\u1ecbch v\u1ee5 s\u1ea3n xu\u1ea5t nhanh ch\u00f3ng c\u00e1c s\u1ea3n ph\u1ea9m kim lo\u1ea1i c\u00f3 c\u1ea5u tr\u00fac ph\u1ee9c t\u1ea1p, \u0111a d\u1ea1ng v\u1ec1 ch\u1ee7ng lo\u1ea1i v\u00e0 s\u1ed1 l\u01b0\u1ee3ng nh\u1ecf, c\u0169ng nh\u01b0 d\u1ecbch v\u1ee5 nghi\u00ean c\u1ee9u v\u00e0 ph\u00e1t tri\u1ec3n th\u1eed nghi\u1ec7m ch\u1ea5t l\u01b0\u1ee3ng cao. C\u00f4ng ty c\u00f3 th\u1ec3 cung c\u1ea5p d\u1ecbch v\u1ee5 s\u1ea3n xu\u1ea5t nhanh c\u00e1c s\u1ea3n ph\u1ea9m b\u1eb1ng h\u1ee3p kim nh\u00f4m, h\u1ee3p kim \u0111\u1ed3ng, gang, th\u00e9p \u0111\u00fac, h\u1ee3p kim magi\u00ea, h\u1ee3p kim nhi\u1ec7t \u0111\u1ed9 cao, h\u1ee3p kim titan, v.v. cho c\u00e1c kh\u00e1ch h\u00e0ng trong l\u0129nh v\u1ef1c h\u00e0ng kh\u00f4ng v\u0169 tr\u1ee5, \u00f4 t\u00f4, giao th\u00f4ng \u0111\u01b0\u1eddng s\u1eaft, b\u01a1m v\u00e0 van t\u00e0u th\u1ee7y, m\u00e1y m\u00f3c c\u00f4ng tr\u00ecnh, \u0111\u00fac ngh\u1ec7 thu\u1eadt, gia c\u00f4ng kim lo\u1ea1i, v.v.","robots":{"index":"index","follow":"follow","max-snippet":"max-snippet:-1","max-image-preview":"max-image-preview:large","max-video-preview":"max-video-preview:-1"},"canonical":"https:\/\/www.3dptek.com\/vi\/3d-printed-manufacturing\/3d-casting\/","og_locale":"vi_VN","og_type":"article","og_title":"3D\u94f8\u9020","og_description":"\u4e09\u5e1d\u79d1\u6280\u62e5\u6709\u8fd1 30 \u5e74\u7684 3D \u6253\u5370\u670d\u52a1\u7ecf\u9a8c\u53ca\u94f8\u9020\u7ecf\u9a8c\uff0c\u57fa\u4e8e\u201c\u5de5\u827a\u8bbe\u8ba1\u30013D \u6253\u5370\u3001\u94f8\u9020\u3001\u673a\u52a0\u5de5\u53ca\u68c0\u6d4b\u201d\u7b49\u4e00\u4f53\u5316\u6280\u672f\u5de5\u827a\uff0c\u53ef\u63d0\u4f9b\u9ad8\u8d28\u91cf\u7684\u7814\u53d1\u8bd5\u5236\u3001\u5c0f\u6279\u91cf\u591a\u54c1\u79cd\u3001\u590d\u6742\u7ed3\u6784\u91d1\u5c5e\u4ea7\u54c1\u7684\u5feb\u901f\u5236\u9020\u670d\u52a1\u3002\u53ef\u4e3a\u822a\u7a7a\u822a\u5929\u3001\u6c7d\u8f66\u3001\u8f68\u9053\u4ea4\u901a\u3001\u8239\u8236\u6cf5\u9600\u3001\u5de5\u7a0b\u673a\u68b0\u3001\u827a\u672f\u94f8\u9020\u3001\u91d1\u5c5e\u52a0\u5de5\u7b49\u7528\u6237\u63d0\u4f9b\u94dd\u5408\u91d1\u3001\u94dc\u5408\u91d1\u3001\u94f8\u94c1\u3001\u94f8\u94a2\u3001\u9541\u5408\u91d1\u3001\u9ad8\u6e29\u5408\u91d1\u3001\u949b\u5408\u91d1\u7b49\u7684\u5feb\u901f\u5236\u9020\u670d\u52a1\u3002","og_url":"https:\/\/www.3dptek.com\/vi\/3d-printed-manufacturing\/3d-casting\/","og_site_name":"\u4e09\u5e1d\u79d1\u6280\u80a1\u4efd\u6709\u9650\u516c\u53f8","article_modified_time":"2024-11-26T08:33:49+00:00","og_image":[{"width":800,"height":600,"url":"https:\/\/www.3dptek.com\/wp-content\/uploads\/2024\/10\/low-volume-production.jpg","type":"image\/jpeg"}],"twitter_card":"summary_large_image","twitter_misc":{"\u01af\u1edbc t\u00ednh th\u1eddi gian \u0111\u1ecdc":"5 ph\u00fat"},"schema":{"@context":"https:\/\/schema.org","@graph":[{"@type":"WebPage","@id":"https:\/\/www.3dptek.com\/3d-printed-manufacturing\/3d-casting\/","url":"https:\/\/www.3dptek.com\/3d-printed-manufacturing\/3d-casting\/","name":"In 3D khu\u00f4n c\u00e1t, \u0111\u00fac khu\u00f4n s\u00e1p | C\u00e1ch m\u1ea1ng h\u00f3a quy tr\u00ecnh \u0111\u00fac truy\u1ec1n th\u1ed1ng - C\u00f4ng ty C\u1ed5 ph\u1ea7n C\u00f4ng ngh\u1ec7 San Di","isPartOf":{"@id":"https:\/\/www.3dptek.com\/#website"},"primaryImageOfPage":{"@id":"https:\/\/www.3dptek.com\/3d-printed-manufacturing\/3d-casting\/#primaryimage"},"image":{"@id":"https:\/\/www.3dptek.com\/3d-printed-manufacturing\/3d-casting\/#primaryimage"},"thumbnailUrl":"https:\/\/www.3dptek.com\/wp-content\/uploads\/2024\/10\/low-volume-production.jpg","datePublished":"2024-03-29T03:27:52+00:00","dateModified":"2024-11-26T08:33:49+00:00","description":"San Di Technology c\u00f3 g\u1ea7n 30 n\u0103m kinh nghi\u1ec7m trong l\u0129nh v\u1ef1c d\u1ecbch v\u1ee5 in 3D v\u00e0 \u0111\u00fac, d\u1ef1a tr\u00ean c\u00f4ng ngh\u1ec7 t\u00edch h\u1ee3p \"thi\u1ebft k\u1ebf c\u00f4ng ngh\u1ec7, in 3D, \u0111\u00fac, gia c\u00f4ng c\u01a1 kh\u00ed v\u00e0 ki\u1ec3m tra\", c\u00f3 th\u1ec3 cung c\u1ea5p d\u1ecbch v\u1ee5 s\u1ea3n xu\u1ea5t nhanh ch\u00f3ng c\u00e1c s\u1ea3n ph\u1ea9m kim lo\u1ea1i c\u00f3 c\u1ea5u tr\u00fac ph\u1ee9c t\u1ea1p, \u0111a d\u1ea1ng v\u1ec1 ch\u1ee7ng lo\u1ea1i v\u00e0 s\u1ed1 l\u01b0\u1ee3ng nh\u1ecf, c\u0169ng nh\u01b0 d\u1ecbch v\u1ee5 nghi\u00ean c\u1ee9u v\u00e0 ph\u00e1t tri\u1ec3n th\u1eed nghi\u1ec7m ch\u1ea5t l\u01b0\u1ee3ng cao. C\u00f4ng ty c\u00f3 th\u1ec3 cung c\u1ea5p d\u1ecbch v\u1ee5 s\u1ea3n xu\u1ea5t nhanh c\u00e1c s\u1ea3n ph\u1ea9m b\u1eb1ng h\u1ee3p kim nh\u00f4m, h\u1ee3p kim \u0111\u1ed3ng, gang, th\u00e9p \u0111\u00fac, h\u1ee3p kim magi\u00ea, h\u1ee3p kim nhi\u1ec7t \u0111\u1ed9 cao, h\u1ee3p kim titan, v.v. cho c\u00e1c kh\u00e1ch h\u00e0ng trong l\u0129nh v\u1ef1c h\u00e0ng kh\u00f4ng v\u0169 tr\u1ee5, \u00f4 t\u00f4, giao th\u00f4ng \u0111\u01b0\u1eddng s\u1eaft, b\u01a1m v\u00e0 van t\u00e0u th\u1ee7y, m\u00e1y m\u00f3c c\u00f4ng tr\u00ecnh, \u0111\u00fac ngh\u1ec7 thu\u1eadt, gia c\u00f4ng kim lo\u1ea1i, v.v.","breadcrumb":{"@id":"https:\/\/www.3dptek.com\/3d-printed-manufacturing\/3d-casting\/#breadcrumb"},"inLanguage":"vi","potentialAction":[{"@type":"ReadAction","target":["https:\/\/www.3dptek.com\/3d-printed-manufacturing\/3d-casting\/"]}]},{"@type":"ImageObject","inLanguage":"vi","@id":"https:\/\/www.3dptek.com\/3d-printed-manufacturing\/3d-casting\/#primaryimage","url":"https:\/\/www.3dptek.com\/wp-content\/uploads\/2024\/10\/low-volume-production.jpg","contentUrl":"https:\/\/www.3dptek.com\/wp-content\/uploads\/2024\/10\/low-volume-production.jpg","width":800,"height":600,"caption":"\u5c0f\u6279\u91cf\u4e2a\u6027\u5316\u94f8\u9020"},{"@type":"BreadcrumbList","@id":"https:\/\/www.3dptek.com\/3d-printed-manufacturing\/3d-casting\/#breadcrumb","itemListElement":[{"@type":"ListItem","position":1,"name":"\u9996\u9875","item":"https:\/\/www.3dptek.com\/"},{"@type":"ListItem","position":2,"name":"3D\u5236\u9020","item":"https:\/\/www.3dptek.com\/3d-printed-manufacturing\/"},{"@type":"ListItem","position":3,"name":"3D\u94f8\u9020"}]},{"@type":"WebSite","@id":"https:\/\/www.3dptek.com\/#website","url":"https:\/\/www.3dptek.com\/","name":"C\u00f4ng ty C\u1ed5 ph\u1ea7n C\u00f4ng ngh\u1ec7 Tam \u0110\u1ebf","description":"","potentialAction":[{"@type":"SearchAction","target":{"@type":"EntryPoint","urlTemplate":"https:\/\/www.3dptek.com\/?s={search_term_string}"},"query-input":{"@type":"PropertyValueSpecification","valueRequired":true,"valueName":"search_term_string"}}],"inLanguage":"vi"}]}},"_links":{"self":[{"href":"https:\/\/www.3dptek.com\/vi\/wp-json\/wp\/v2\/pages\/151","targetHints":{"allow":["GET"]}}],"collection":[{"href":"https:\/\/www.3dptek.com\/vi\/wp-json\/wp\/v2\/pages"}],"about":[{"href":"https:\/\/www.3dptek.com\/vi\/wp-json\/wp\/v2\/types\/page"}],"author":[{"embeddable":true,"href":"https:\/\/www.3dptek.com\/vi\/wp-json\/wp\/v2\/users\/1"}],"replies":[{"embeddable":true,"href":"https:\/\/www.3dptek.com\/vi\/wp-json\/wp\/v2\/comments?post=151"}],"version-history":[{"count":1,"href":"https:\/\/www.3dptek.com\/vi\/wp-json\/wp\/v2\/pages\/151\/revisions"}],"predecessor-version":[{"id":152,"href":"https:\/\/www.3dptek.com\/vi\/wp-json\/wp\/v2\/pages\/151\/revisions\/152"}],"up":[{"embeddable":true,"href":"https:\/\/www.3dptek.com\/vi\/wp-json\/wp\/v2\/pages\/49"}],"wp:featuredmedia":[{"embeddable":true,"href":"https:\/\/www.3dptek.com\/vi\/wp-json\/wp\/v2\/media\/1732"}],"wp:attachment":[{"href":"https:\/\/www.3dptek.com\/vi\/wp-json\/wp\/v2\/media?parent=151"}],"curies":[{"name":"wp","href":"https:\/\/api.w.org\/{rel}","templated":true}]}}