{"id":379,"date":"2024-04-10T11:44:32","date_gmt":"2024-04-10T03:44:32","guid":{"rendered":"https:\/\/test.3dptek.com\/?page_id=379"},"modified":"2026-04-23T17:07:52","modified_gmt":"2026-04-23T09:07:52","slug":"3dptek-j400p","status":"publish","type":"page","link":"https:\/\/www.3dptek.com\/tr\/industrial-3d-printers\/binder-jet-metal-3d-printers\/3dptek-j400p\/","title":{"rendered":"BJ Binder Jet Metal 3D Yaz\u0131c\u0131: 3DPTEK-J400P"},"content":{"rendered":"","protected":false},"excerpt":{"rendered":"","protected":false},"author":1,"featured_media":0,"parent":256,"menu_order":0,"comment_status":"closed","ping_status":"closed","template":"","meta":{"_yoast_wpseo_focuskw":"","_yoast_wpseo_title":"3DPTEK-J400P \u9ad8\u7aef\u751f\u4ea7\u578b\u8bbe\u5907 %%sep%% %%sitename%%","_yoast_wpseo_metadesc":"3DPTEK-J400P\u8bbe\u5907\u662f\u9762\u5411 MIM\u3001\u6a21\u5177\u3001\u5200\u5177\u7b49\u884c\u4e1a\u7684\u751f\u4ea7\u578b\u8bbe\u5907\u3002\u8be5\u7cfb\u5217\u8bbe\u5907\u91c7\u7528\u6700\u65b0\u7684\u4e0a\u9001\u7c89\u5f0f\u5355\u7f38\u7ed3\u6784\uff0c\u914d\u5907V+\u7cbe\u51c6\u843d\u7c89\u7cfb\u7edf\u3001\u53cc\u8f8a\u590d\u5408\u9ad8\u81f4\u5bc6\u94fa\u7c89\u7cfb\u7edf\u3001\u55b7\u5934\u767d\u52a8\u6e05\u6d17\u3001\u5185\u7f6e\u7a7a\u6c14\u51c0\u5316\u7cfb\u7edf\u7b49\u88c5\u7f6e\uff0c\u64cd\u4f5c\u65b9\u4fbf\u5feb\u6377\u3001\u53ef\u7075\u6d3b\u66f4\u6362\u7c89\u672a\u6750\u6599\u548c\u7c98\u7ed3\u5242\u58a8\u6c34\uff0c\u6709\u6548\u4fdd\u969c\u751f\u4ea7\u6548\u7387\u3002","footnotes":""},"class_list":["post-379","page","type-page","status-publish","hentry"],"acf":[],"yoast_head":"\n3DPTEK-J400P \u9ad8\u7aef\u751f\u4ea7\u578b\u8bbe\u5907 - \u4e09\u5e1d\u79d1\u6280\u80a1\u4efd\u6709\u9650\u516c\u53f8<\/title>\n<meta name=\"description\" content=\"3DPTEK-J400P\u8bbe\u5907\u662f\u9762\u5411 MIM\u3001\u6a21\u5177\u3001\u5200\u5177\u7b49\u884c\u4e1a\u7684\u751f\u4ea7\u578b\u8bbe\u5907\u3002\u8be5\u7cfb\u5217\u8bbe\u5907\u91c7\u7528\u6700\u65b0\u7684\u4e0a\u9001\u7c89\u5f0f\u5355\u7f38\u7ed3\u6784\uff0c\u914d\u5907V+\u7cbe\u51c6\u843d\u7c89\u7cfb\u7edf\u3001\u53cc\u8f8a\u590d\u5408\u9ad8\u81f4\u5bc6\u94fa\u7c89\u7cfb\u7edf\u3001\u55b7\u5934\u767d\u52a8\u6e05\u6d17\u3001\u5185\u7f6e\u7a7a\u6c14\u51c0\u5316\u7cfb\u7edf\u7b49\u88c5\u7f6e\uff0c\u64cd\u4f5c\u65b9\u4fbf\u5feb\u6377\u3001\u53ef\u7075\u6d3b\u66f4\u6362\u7c89\u672a\u6750\u6599\u548c\u7c98\u7ed3\u5242\u58a8\u6c34\uff0c\u6709\u6548\u4fdd\u969c\u751f\u4ea7\u6548\u7387\u3002\" \/>\n<meta name=\"robots\" content=\"index, follow, max-snippet:-1, max-image-preview:large, max-video-preview:-1\" \/>\n<link rel=\"canonical\" href=\"https:\/\/www.3dptek.com\/tr\/industrial-3d-printers\/binder-jet-metal-3d-printers\/3dptek-j400p\/\" \/>\n<meta property=\"og:locale\" content=\"tr_TR\" \/>\n<meta property=\"og:type\" content=\"article\" \/>\n<meta property=\"og:title\" content=\"BJ\u7c98\u7ed3\u5242\u55b7\u5c04\u91d1\u5c5e3D\u6253\u5370\u673a\uff1a3DPTEK-J400P\" \/>\n<meta property=\"og:description\" content=\"3DPTEK-J400P\u8bbe\u5907\u662f\u9762\u5411 MIM\u3001\u6a21\u5177\u3001\u5200\u5177\u7b49\u884c\u4e1a\u7684\u751f\u4ea7\u578b\u8bbe\u5907\u3002\u8be5\u7cfb\u5217\u8bbe\u5907\u91c7\u7528\u6700\u65b0\u7684\u4e0a\u9001\u7c89\u5f0f\u5355\u7f38\u7ed3\u6784\uff0c\u914d\u5907V+\u7cbe\u51c6\u843d\u7c89\u7cfb\u7edf\u3001\u53cc\u8f8a\u590d\u5408\u9ad8\u81f4\u5bc6\u94fa\u7c89\u7cfb\u7edf\u3001\u55b7\u5934\u767d\u52a8\u6e05\u6d17\u3001\u5185\u7f6e\u7a7a\u6c14\u51c0\u5316\u7cfb\u7edf\u7b49\u88c5\u7f6e\uff0c\u64cd\u4f5c\u65b9\u4fbf\u5feb\u6377\u3001\u53ef\u7075\u6d3b\u66f4\u6362\u7c89\u672a\u6750\u6599\u548c\u7c98\u7ed3\u5242\u58a8\u6c34\uff0c\u6709\u6548\u4fdd\u969c\u751f\u4ea7\u6548\u7387\u3002\" \/>\n<meta property=\"og:url\" content=\"https:\/\/www.3dptek.com\/tr\/industrial-3d-printers\/binder-jet-metal-3d-printers\/3dptek-j400p\/\" \/>\n<meta property=\"og:site_name\" content=\"\u4e09\u5e1d\u79d1\u6280\u80a1\u4efd\u6709\u9650\u516c\u53f8\" \/>\n<meta property=\"article:modified_time\" content=\"2026-04-23T09:07:52+00:00\" \/>\n<meta name=\"twitter:card\" content=\"summary_large_image\" \/>\n<meta name=\"twitter:label1\" content=\"Tahmini okuma s\u00fcresi\" \/>\n\t<meta name=\"twitter:data1\" content=\"2 dakika\" \/>\n<script type=\"application\/ld+json\" class=\"yoast-schema-graph\">{\"@context\":\"https:\/\/schema.org\",\"@graph\":[{\"@type\":\"WebPage\",\"@id\":\"https:\/\/www.3dptek.com\/industrial-3d-printers\/binder-jet-metal-3d-printers\/3dptek-j400p\/\",\"url\":\"https:\/\/www.3dptek.com\/industrial-3d-printers\/binder-jet-metal-3d-printers\/3dptek-j400p\/\",\"name\":\"3DPTEK-J400P \u9ad8\u7aef\u751f\u4ea7\u578b\u8bbe\u5907 - \u4e09\u5e1d\u79d1\u6280\u80a1\u4efd\u6709\u9650\u516c\u53f8\",\"isPartOf\":{\"@id\":\"https:\/\/www.3dptek.com\/#website\"},\"datePublished\":\"2024-04-10T03:44:32+00:00\",\"dateModified\":\"2026-04-23T09:07:52+00:00\",\"description\":\"3DPTEK-J400P\u8bbe\u5907\u662f\u9762\u5411 MIM\u3001\u6a21\u5177\u3001\u5200\u5177\u7b49\u884c\u4e1a\u7684\u751f\u4ea7\u578b\u8bbe\u5907\u3002\u8be5\u7cfb\u5217\u8bbe\u5907\u91c7\u7528\u6700\u65b0\u7684\u4e0a\u9001\u7c89\u5f0f\u5355\u7f38\u7ed3\u6784\uff0c\u914d\u5907V+\u7cbe\u51c6\u843d\u7c89\u7cfb\u7edf\u3001\u53cc\u8f8a\u590d\u5408\u9ad8\u81f4\u5bc6\u94fa\u7c89\u7cfb\u7edf\u3001\u55b7\u5934\u767d\u52a8\u6e05\u6d17\u3001\u5185\u7f6e\u7a7a\u6c14\u51c0\u5316\u7cfb\u7edf\u7b49\u88c5\u7f6e\uff0c\u64cd\u4f5c\u65b9\u4fbf\u5feb\u6377\u3001\u53ef\u7075\u6d3b\u66f4\u6362\u7c89\u672a\u6750\u6599\u548c\u7c98\u7ed3\u5242\u58a8\u6c34\uff0c\u6709\u6548\u4fdd\u969c\u751f\u4ea7\u6548\u7387\u3002\",\"breadcrumb\":{\"@id\":\"https:\/\/www.3dptek.com\/industrial-3d-printers\/binder-jet-metal-3d-printers\/3dptek-j400p\/#breadcrumb\"},\"inLanguage\":\"tr\",\"potentialAction\":[{\"@type\":\"ReadAction\",\"target\":[\"https:\/\/www.3dptek.com\/industrial-3d-printers\/binder-jet-metal-3d-printers\/3dptek-j400p\/\"]}]},{\"@type\":\"BreadcrumbList\",\"@id\":\"https:\/\/www.3dptek.com\/industrial-3d-printers\/binder-jet-metal-3d-printers\/3dptek-j400p\/#breadcrumb\",\"itemListElement\":[{\"@type\":\"ListItem\",\"position\":1,\"name\":\"\u9996\u9875\",\"item\":\"https:\/\/www.3dptek.com\/\"},{\"@type\":\"ListItem\",\"position\":2,\"name\":\"\u5de5\u4e1a3D\u6253\u5370\u673a\",\"item\":\"https:\/\/www.3dptek.com\/industrial-3d-printers\/\"},{\"@type\":\"ListItem\",\"position\":3,\"name\":\"BJ\u7c98\u7ed3\u5242\u55b7\u5c04\u91d1\u5c5e3D\u6253\u5370\u673a\",\"item\":\"https:\/\/www.3dptek.com\/industrial-3d-printers\/binder-jet-metal-3d-printers\/\"},{\"@type\":\"ListItem\",\"position\":4,\"name\":\"BJ\u7c98\u7ed3\u5242\u55b7\u5c04\u91d1\u5c5e3D\u6253\u5370\u673a\uff1a3DPTEK-J400P\"}]},{\"@type\":\"WebSite\",\"@id\":\"https:\/\/www.3dptek.com\/#website\",\"url\":\"https:\/\/www.3dptek.com\/\",\"name\":\"\u4e09\u5e1d\u79d1\u6280\u80a1\u4efd\u6709\u9650\u516c\u53f8\",\"description\":\"\",\"potentialAction\":[{\"@type\":\"SearchAction\",\"target\":{\"@type\":\"EntryPoint\",\"urlTemplate\":\"https:\/\/www.3dptek.com\/?s={search_term_string}\"},\"query-input\":{\"@type\":\"PropertyValueSpecification\",\"valueRequired\":true,\"valueName\":\"search_term_string\"}}],\"inLanguage\":\"tr\"}]}<\/script>\n<!-- \/ Yoast SEO Premium plugin. -->","yoast_head_json":{"title":"3DPTEK-J400P \u00dcst D\u00fczey \u00dcretim Ekipman\u0131 - SANDY TECHNOLOGY CO.","description":"3DPTEK-J400P makineleri MIM, kal\u0131p ve tak\u0131m end\u00fcstrileri i\u00e7in \u00fcretim makineleridir. Bu ekipman serisi, V + hassas toz d\u00fc\u015f\u00fcrme sistemi, \u00e7ift silindirli kompozit y\u00fcksek yo\u011funluklu toz yayma sistemi, nozul beyaz temizleme, dahili hava temizleme sistemi ve di\u011fer cihazlar, kullan\u0131m\u0131 kolay, toz malzeme ve ba\u011flay\u0131c\u0131 m\u00fcrekkebin esnek de\u011fi\u015fimi ile donat\u0131lm\u0131\u015f en yeni yukar\u0131 besleme tek silindirli yap\u0131y\u0131 benimser ve \u00fcretim verimlili\u011fini etkili bir \u015fekilde garanti eder.","robots":{"index":"index","follow":"follow","max-snippet":"max-snippet:-1","max-image-preview":"max-image-preview:large","max-video-preview":"max-video-preview:-1"},"canonical":"https:\/\/www.3dptek.com\/tr\/industrial-3d-printers\/binder-jet-metal-3d-printers\/3dptek-j400p\/","og_locale":"tr_TR","og_type":"article","og_title":"BJ\u7c98\u7ed3\u5242\u55b7\u5c04\u91d1\u5c5e3D\u6253\u5370\u673a\uff1a3DPTEK-J400P","og_description":"3DPTEK-J400P\u8bbe\u5907\u662f\u9762\u5411 MIM\u3001\u6a21\u5177\u3001\u5200\u5177\u7b49\u884c\u4e1a\u7684\u751f\u4ea7\u578b\u8bbe\u5907\u3002\u8be5\u7cfb\u5217\u8bbe\u5907\u91c7\u7528\u6700\u65b0\u7684\u4e0a\u9001\u7c89\u5f0f\u5355\u7f38\u7ed3\u6784\uff0c\u914d\u5907V+\u7cbe\u51c6\u843d\u7c89\u7cfb\u7edf\u3001\u53cc\u8f8a\u590d\u5408\u9ad8\u81f4\u5bc6\u94fa\u7c89\u7cfb\u7edf\u3001\u55b7\u5934\u767d\u52a8\u6e05\u6d17\u3001\u5185\u7f6e\u7a7a\u6c14\u51c0\u5316\u7cfb\u7edf\u7b49\u88c5\u7f6e\uff0c\u64cd\u4f5c\u65b9\u4fbf\u5feb\u6377\u3001\u53ef\u7075\u6d3b\u66f4\u6362\u7c89\u672a\u6750\u6599\u548c\u7c98\u7ed3\u5242\u58a8\u6c34\uff0c\u6709\u6548\u4fdd\u969c\u751f\u4ea7\u6548\u7387\u3002","og_url":"https:\/\/www.3dptek.com\/tr\/industrial-3d-printers\/binder-jet-metal-3d-printers\/3dptek-j400p\/","og_site_name":"\u4e09\u5e1d\u79d1\u6280\u80a1\u4efd\u6709\u9650\u516c\u53f8","article_modified_time":"2026-04-23T09:07:52+00:00","twitter_card":"summary_large_image","twitter_misc":{"Tahmini okuma s\u00fcresi":"2 dakika"},"schema":{"@context":"https:\/\/schema.org","@graph":[{"@type":"WebPage","@id":"https:\/\/www.3dptek.com\/industrial-3d-printers\/binder-jet-metal-3d-printers\/3dptek-j400p\/","url":"https:\/\/www.3dptek.com\/industrial-3d-printers\/binder-jet-metal-3d-printers\/3dptek-j400p\/","name":"3DPTEK-J400P \u00dcst D\u00fczey \u00dcretim Ekipman\u0131 - SANDY TECHNOLOGY CO.","isPartOf":{"@id":"https:\/\/www.3dptek.com\/#website"},"datePublished":"2024-04-10T03:44:32+00:00","dateModified":"2026-04-23T09:07:52+00:00","description":"3DPTEK-J400P makineleri MIM, kal\u0131p ve tak\u0131m end\u00fcstrileri i\u00e7in \u00fcretim makineleridir. Bu ekipman serisi, V + hassas toz d\u00fc\u015f\u00fcrme sistemi, \u00e7ift silindirli kompozit y\u00fcksek yo\u011funluklu toz yayma sistemi, nozul beyaz temizleme, dahili hava temizleme sistemi ve di\u011fer cihazlar, kullan\u0131m\u0131 kolay, toz malzeme ve ba\u011flay\u0131c\u0131 m\u00fcrekkebin esnek de\u011fi\u015fimi ile donat\u0131lm\u0131\u015f en yeni yukar\u0131 besleme tek silindirli yap\u0131y\u0131 benimser ve \u00fcretim verimlili\u011fini etkili bir \u015fekilde garanti eder.","breadcrumb":{"@id":"https:\/\/www.3dptek.com\/industrial-3d-printers\/binder-jet-metal-3d-printers\/3dptek-j400p\/#breadcrumb"},"inLanguage":"tr","potentialAction":[{"@type":"ReadAction","target":["https:\/\/www.3dptek.com\/industrial-3d-printers\/binder-jet-metal-3d-printers\/3dptek-j400p\/"]}]},{"@type":"BreadcrumbList","@id":"https:\/\/www.3dptek.com\/industrial-3d-printers\/binder-jet-metal-3d-printers\/3dptek-j400p\/#breadcrumb","itemListElement":[{"@type":"ListItem","position":1,"name":"\u9996\u9875","item":"https:\/\/www.3dptek.com\/"},{"@type":"ListItem","position":2,"name":"\u5de5\u4e1a3D\u6253\u5370\u673a","item":"https:\/\/www.3dptek.com\/industrial-3d-printers\/"},{"@type":"ListItem","position":3,"name":"BJ\u7c98\u7ed3\u5242\u55b7\u5c04\u91d1\u5c5e3D\u6253\u5370\u673a","item":"https:\/\/www.3dptek.com\/industrial-3d-printers\/binder-jet-metal-3d-printers\/"},{"@type":"ListItem","position":4,"name":"BJ\u7c98\u7ed3\u5242\u55b7\u5c04\u91d1\u5c5e3D\u6253\u5370\u673a\uff1a3DPTEK-J400P"}]},{"@type":"WebSite","@id":"https:\/\/www.3dptek.com\/#website","url":"https:\/\/www.3dptek.com\/","name":"3D Printing Technology, Inc.","description":"","potentialAction":[{"@type":"SearchAction","target":{"@type":"EntryPoint","urlTemplate":"https:\/\/www.3dptek.com\/?s={search_term_string}"},"query-input":{"@type":"PropertyValueSpecification","valueRequired":true,"valueName":"search_term_string"}}],"inLanguage":"tr"}]}},"_links":{"self":[{"href":"https:\/\/www.3dptek.com\/tr\/wp-json\/wp\/v2\/pages\/379","targetHints":{"allow":["GET"]}}],"collection":[{"href":"https:\/\/www.3dptek.com\/tr\/wp-json\/wp\/v2\/pages"}],"about":[{"href":"https:\/\/www.3dptek.com\/tr\/wp-json\/wp\/v2\/types\/page"}],"author":[{"embeddable":true,"href":"https:\/\/www.3dptek.com\/tr\/wp-json\/wp\/v2\/users\/1"}],"replies":[{"embeddable":true,"href":"https:\/\/www.3dptek.com\/tr\/wp-json\/wp\/v2\/comments?post=379"}],"version-history":[{"count":8,"href":"https:\/\/www.3dptek.com\/tr\/wp-json\/wp\/v2\/pages\/379\/revisions"}],"predecessor-version":[{"id":2673,"href":"https:\/\/www.3dptek.com\/tr\/wp-json\/wp\/v2\/pages\/379\/revisions\/2673"}],"up":[{"embeddable":true,"href":"https:\/\/www.3dptek.com\/tr\/wp-json\/wp\/v2\/pages\/256"}],"wp:attachment":[{"href":"https:\/\/www.3dptek.com\/tr\/wp-json\/wp\/v2\/media?parent=379"}],"curies":[{"name":"wp","href":"https:\/\/api.w.org\/{rel}","templated":true}]}}