{"id":288,"date":"2024-04-07T10:46:04","date_gmt":"2024-04-07T02:46:04","guid":{"rendered":"https:\/\/test.3dptek.com\/?page_id=288"},"modified":"2024-05-21T20:03:17","modified_gmt":"2024-05-21T12:03:17","slug":"3c","status":"publish","type":"page","link":"https:\/\/www.3dptek.com\/tr\/industry-applications\/3c\/","title":{"rendered":"3C elektronik"},"content":{"rendered":"","protected":false},"excerpt":{"rendered":"","protected":false},"author":1,"featured_media":0,"parent":273,"menu_order":0,"comment_status":"closed","ping_status":"closed","template":"","meta":{"_yoast_wpseo_focuskw":"","_yoast_wpseo_title":"3D\u6253\u5370\u57283C\u7535\u5b50\u884c\u4e1a\u7684\u521b\u65b0\u5e94\u7528 %%sep%% %%sitename%%","_yoast_wpseo_metadesc":"\u4e09\u5e1d\u79d1\u6280\u79ef\u6781\u63a8\u8fdb3D\u6253\u5370\u57283C\u9886\u57df\u7684\u5e94\u7528\uff083D3C\uff09\uff0c\u5e76\u4e0e\u82f9\u679c\u3001\u4e09\u661f\u7b49\u4f9b\u5e94\u5546\u6210\u7acb\u5408\u8d44\u4f01\u4e1a\uff0c\u4e13\u6ce8\u7814\u53d13C\u4e13\u75283D\u6253\u5370\u7cfb\u7edf\u53ca\u6750\u6599\u5de5\u827a\uff0c\u4f7f\u5f97SLM\u548cBJ\u6280\u672f\u5728\u81ea\u52a8\u5316\u5927\u89c4\u6a213D\u6253\u5370\u751f\u4ea7\u6210\u4e3a\u53ef\u80fd\u3002","footnotes":""},"class_list":["post-288","page","type-page","status-publish","hentry"],"acf":[],"yoast_head":"\n3D\u6253\u5370\u57283C\u7535\u5b50\u884c\u4e1a\u7684\u521b\u65b0\u5e94\u7528 - \u4e09\u5e1d\u79d1\u6280\u80a1\u4efd\u6709\u9650\u516c\u53f8<\/title>\n<meta name=\"description\" content=\"\u4e09\u5e1d\u79d1\u6280\u79ef\u6781\u63a8\u8fdb3D\u6253\u5370\u57283C\u9886\u57df\u7684\u5e94\u7528\uff083D3C\uff09\uff0c\u5e76\u4e0e\u82f9\u679c\u3001\u4e09\u661f\u7b49\u4f9b\u5e94\u5546\u6210\u7acb\u5408\u8d44\u4f01\u4e1a\uff0c\u4e13\u6ce8\u7814\u53d13C\u4e13\u75283D\u6253\u5370\u7cfb\u7edf\u53ca\u6750\u6599\u5de5\u827a\uff0c\u4f7f\u5f97SLM\u548cBJ\u6280\u672f\u5728\u81ea\u52a8\u5316\u5927\u89c4\u6a213D\u6253\u5370\u751f\u4ea7\u6210\u4e3a\u53ef\u80fd\u3002\" \/>\n<meta name=\"robots\" content=\"index, follow, max-snippet:-1, max-image-preview:large, max-video-preview:-1\" \/>\n<link rel=\"canonical\" href=\"https:\/\/www.3dptek.com\/tr\/industry-applications\/3c\/\" \/>\n<meta property=\"og:locale\" content=\"tr_TR\" \/>\n<meta property=\"og:type\" content=\"article\" \/>\n<meta property=\"og:title\" content=\"3C\u7535\u5b50\" \/>\n<meta property=\"og:description\" content=\"\u4e09\u5e1d\u79d1\u6280\u79ef\u6781\u63a8\u8fdb3D\u6253\u5370\u57283C\u9886\u57df\u7684\u5e94\u7528\uff083D3C\uff09\uff0c\u5e76\u4e0e\u82f9\u679c\u3001\u4e09\u661f\u7b49\u4f9b\u5e94\u5546\u6210\u7acb\u5408\u8d44\u4f01\u4e1a\uff0c\u4e13\u6ce8\u7814\u53d13C\u4e13\u75283D\u6253\u5370\u7cfb\u7edf\u53ca\u6750\u6599\u5de5\u827a\uff0c\u4f7f\u5f97SLM\u548cBJ\u6280\u672f\u5728\u81ea\u52a8\u5316\u5927\u89c4\u6a213D\u6253\u5370\u751f\u4ea7\u6210\u4e3a\u53ef\u80fd\u3002\" \/>\n<meta property=\"og:url\" content=\"https:\/\/www.3dptek.com\/tr\/industry-applications\/3c\/\" \/>\n<meta property=\"og:site_name\" content=\"\u4e09\u5e1d\u79d1\u6280\u80a1\u4efd\u6709\u9650\u516c\u53f8\" \/>\n<meta property=\"article:modified_time\" content=\"2024-05-21T12:03:17+00:00\" \/>\n<meta name=\"twitter:card\" content=\"summary_large_image\" \/>\n<meta name=\"twitter:label1\" content=\"Tahmini okuma s\u00fcresi\" \/>\n\t<meta name=\"twitter:data1\" content=\"1 dakika\" \/>\n<script type=\"application\/ld+json\" class=\"yoast-schema-graph\">{\"@context\":\"https:\/\/schema.org\",\"@graph\":[{\"@type\":\"WebPage\",\"@id\":\"https:\/\/www.3dptek.com\/industry-applications\/3c\/\",\"url\":\"https:\/\/www.3dptek.com\/industry-applications\/3c\/\",\"name\":\"3D\u6253\u5370\u57283C\u7535\u5b50\u884c\u4e1a\u7684\u521b\u65b0\u5e94\u7528 - \u4e09\u5e1d\u79d1\u6280\u80a1\u4efd\u6709\u9650\u516c\u53f8\",\"isPartOf\":{\"@id\":\"https:\/\/www.3dptek.com\/#website\"},\"datePublished\":\"2024-04-07T02:46:04+00:00\",\"dateModified\":\"2024-05-21T12:03:17+00:00\",\"description\":\"\u4e09\u5e1d\u79d1\u6280\u79ef\u6781\u63a8\u8fdb3D\u6253\u5370\u57283C\u9886\u57df\u7684\u5e94\u7528\uff083D3C\uff09\uff0c\u5e76\u4e0e\u82f9\u679c\u3001\u4e09\u661f\u7b49\u4f9b\u5e94\u5546\u6210\u7acb\u5408\u8d44\u4f01\u4e1a\uff0c\u4e13\u6ce8\u7814\u53d13C\u4e13\u75283D\u6253\u5370\u7cfb\u7edf\u53ca\u6750\u6599\u5de5\u827a\uff0c\u4f7f\u5f97SLM\u548cBJ\u6280\u672f\u5728\u81ea\u52a8\u5316\u5927\u89c4\u6a213D\u6253\u5370\u751f\u4ea7\u6210\u4e3a\u53ef\u80fd\u3002\",\"breadcrumb\":{\"@id\":\"https:\/\/www.3dptek.com\/industry-applications\/3c\/#breadcrumb\"},\"inLanguage\":\"tr\",\"potentialAction\":[{\"@type\":\"ReadAction\",\"target\":[\"https:\/\/www.3dptek.com\/industry-applications\/3c\/\"]}]},{\"@type\":\"BreadcrumbList\",\"@id\":\"https:\/\/www.3dptek.com\/industry-applications\/3c\/#breadcrumb\",\"itemListElement\":[{\"@type\":\"ListItem\",\"position\":1,\"name\":\"\u9996\u9875\",\"item\":\"https:\/\/www.3dptek.com\/\"},{\"@type\":\"ListItem\",\"position\":2,\"name\":\"\u884c\u4e1a\u5e94\u7528\",\"item\":\"https:\/\/www.3dptek.com\/industry-applications\/\"},{\"@type\":\"ListItem\",\"position\":3,\"name\":\"3C\u7535\u5b50\"}]},{\"@type\":\"WebSite\",\"@id\":\"https:\/\/www.3dptek.com\/#website\",\"url\":\"https:\/\/www.3dptek.com\/\",\"name\":\"\u4e09\u5e1d\u79d1\u6280\u80a1\u4efd\u6709\u9650\u516c\u53f8\",\"description\":\"\",\"potentialAction\":[{\"@type\":\"SearchAction\",\"target\":{\"@type\":\"EntryPoint\",\"urlTemplate\":\"https:\/\/www.3dptek.com\/?s={search_term_string}\"},\"query-input\":{\"@type\":\"PropertyValueSpecification\",\"valueRequired\":true,\"valueName\":\"search_term_string\"}}],\"inLanguage\":\"tr\"}]}<\/script>\n<!-- \/ Yoast SEO Premium plugin. -->","yoast_head_json":{"title":"3C Elektronik End\u00fcstrisinde 3D Bask\u0131n\u0131n Yenilik\u00e7i Uygulamas\u0131 - SANDY TECHNOLOGY CO.","description":"SANDI Technology, 3C alan\u0131nda (3D3C) 3D bask\u0131 uygulamas\u0131n\u0131 aktif olarak te\u015fvik etmektedir ve SLM ve BJ teknolojileriyle b\u00fcy\u00fck \u00f6l\u00e7ekli 3D bask\u0131 \u00fcretimini otomatikle\u015ftirmeyi m\u00fcmk\u00fcn k\u0131lan 3C'ye \u00f6zg\u00fc 3D bask\u0131 sistemleri ve malzeme s\u00fcre\u00e7lerinin geli\u015ftirilmesine odaklanmak i\u00e7in Apple, Samsung ve di\u011fer tedarik\u00e7ilerle ortak giri\u015fimler kurmu\u015ftur.","robots":{"index":"index","follow":"follow","max-snippet":"max-snippet:-1","max-image-preview":"max-image-preview:large","max-video-preview":"max-video-preview:-1"},"canonical":"https:\/\/www.3dptek.com\/tr\/industry-applications\/3c\/","og_locale":"tr_TR","og_type":"article","og_title":"3C\u7535\u5b50","og_description":"\u4e09\u5e1d\u79d1\u6280\u79ef\u6781\u63a8\u8fdb3D\u6253\u5370\u57283C\u9886\u57df\u7684\u5e94\u7528\uff083D3C\uff09\uff0c\u5e76\u4e0e\u82f9\u679c\u3001\u4e09\u661f\u7b49\u4f9b\u5e94\u5546\u6210\u7acb\u5408\u8d44\u4f01\u4e1a\uff0c\u4e13\u6ce8\u7814\u53d13C\u4e13\u75283D\u6253\u5370\u7cfb\u7edf\u53ca\u6750\u6599\u5de5\u827a\uff0c\u4f7f\u5f97SLM\u548cBJ\u6280\u672f\u5728\u81ea\u52a8\u5316\u5927\u89c4\u6a213D\u6253\u5370\u751f\u4ea7\u6210\u4e3a\u53ef\u80fd\u3002","og_url":"https:\/\/www.3dptek.com\/tr\/industry-applications\/3c\/","og_site_name":"\u4e09\u5e1d\u79d1\u6280\u80a1\u4efd\u6709\u9650\u516c\u53f8","article_modified_time":"2024-05-21T12:03:17+00:00","twitter_card":"summary_large_image","twitter_misc":{"Tahmini okuma s\u00fcresi":"1 dakika"},"schema":{"@context":"https:\/\/schema.org","@graph":[{"@type":"WebPage","@id":"https:\/\/www.3dptek.com\/industry-applications\/3c\/","url":"https:\/\/www.3dptek.com\/industry-applications\/3c\/","name":"3C Elektronik End\u00fcstrisinde 3D Bask\u0131n\u0131n Yenilik\u00e7i Uygulamas\u0131 - SANDY TECHNOLOGY CO.","isPartOf":{"@id":"https:\/\/www.3dptek.com\/#website"},"datePublished":"2024-04-07T02:46:04+00:00","dateModified":"2024-05-21T12:03:17+00:00","description":"SANDI Technology, 3C alan\u0131nda (3D3C) 3D bask\u0131 uygulamas\u0131n\u0131 aktif olarak te\u015fvik etmektedir ve SLM ve BJ teknolojileriyle b\u00fcy\u00fck \u00f6l\u00e7ekli 3D bask\u0131 \u00fcretimini otomatikle\u015ftirmeyi m\u00fcmk\u00fcn k\u0131lan 3C'ye \u00f6zg\u00fc 3D bask\u0131 sistemleri ve malzeme s\u00fcre\u00e7lerinin geli\u015ftirilmesine odaklanmak i\u00e7in Apple, Samsung ve di\u011fer tedarik\u00e7ilerle ortak giri\u015fimler kurmu\u015ftur.","breadcrumb":{"@id":"https:\/\/www.3dptek.com\/industry-applications\/3c\/#breadcrumb"},"inLanguage":"tr","potentialAction":[{"@type":"ReadAction","target":["https:\/\/www.3dptek.com\/industry-applications\/3c\/"]}]},{"@type":"BreadcrumbList","@id":"https:\/\/www.3dptek.com\/industry-applications\/3c\/#breadcrumb","itemListElement":[{"@type":"ListItem","position":1,"name":"\u9996\u9875","item":"https:\/\/www.3dptek.com\/"},{"@type":"ListItem","position":2,"name":"\u884c\u4e1a\u5e94\u7528","item":"https:\/\/www.3dptek.com\/industry-applications\/"},{"@type":"ListItem","position":3,"name":"3C\u7535\u5b50"}]},{"@type":"WebSite","@id":"https:\/\/www.3dptek.com\/#website","url":"https:\/\/www.3dptek.com\/","name":"3D Printing Technology, Inc.","description":"","potentialAction":[{"@type":"SearchAction","target":{"@type":"EntryPoint","urlTemplate":"https:\/\/www.3dptek.com\/?s={search_term_string}"},"query-input":{"@type":"PropertyValueSpecification","valueRequired":true,"valueName":"search_term_string"}}],"inLanguage":"tr"}]}},"_links":{"self":[{"href":"https:\/\/www.3dptek.com\/tr\/wp-json\/wp\/v2\/pages\/288","targetHints":{"allow":["GET"]}}],"collection":[{"href":"https:\/\/www.3dptek.com\/tr\/wp-json\/wp\/v2\/pages"}],"about":[{"href":"https:\/\/www.3dptek.com\/tr\/wp-json\/wp\/v2\/types\/page"}],"author":[{"embeddable":true,"href":"https:\/\/www.3dptek.com\/tr\/wp-json\/wp\/v2\/users\/1"}],"replies":[{"embeddable":true,"href":"https:\/\/www.3dptek.com\/tr\/wp-json\/wp\/v2\/comments?post=288"}],"version-history":[{"count":3,"href":"https:\/\/www.3dptek.com\/tr\/wp-json\/wp\/v2\/pages\/288\/revisions"}],"predecessor-version":[{"id":872,"href":"https:\/\/www.3dptek.com\/tr\/wp-json\/wp\/v2\/pages\/288\/revisions\/872"}],"up":[{"embeddable":true,"href":"https:\/\/www.3dptek.com\/tr\/wp-json\/wp\/v2\/pages\/273"}],"wp:attachment":[{"href":"https:\/\/www.3dptek.com\/tr\/wp-json\/wp\/v2\/media?parent=288"}],"curies":[{"name":"wp","href":"https:\/\/api.w.org\/{rel}","templated":true}]}}