{"id":273,"date":"2024-04-07T10:17:20","date_gmt":"2024-04-07T02:17:20","guid":{"rendered":"https:\/\/test.3dptek.com\/?page_id=273"},"modified":"2024-05-21T20:01:56","modified_gmt":"2024-05-21T12:01:56","slug":"industry-applications","status":"publish","type":"page","link":"https:\/\/www.3dptek.com\/tr\/industry-applications\/","title":{"rendered":"End\u00fcstri Uygulamalar\u0131"},"content":{"rendered":"","protected":false},"excerpt":{"rendered":"","protected":false},"author":1,"featured_media":0,"parent":0,"menu_order":0,"comment_status":"closed","ping_status":"closed","template":"","meta":{"_yoast_wpseo_focuskw":"","_yoast_wpseo_title":"\u63a2\u7d223D\u6253\u5370\u7684\u65e0\u9650\u53ef\u80fd\uff1a\u884c\u4e1a\u5e94\u7528\u5168\u9762\u89e3\u6790 %%sep%% %%sitename%%","_yoast_wpseo_metadesc":"\u4e09\u5e1d\u79d1\u6280\u540c\u65f6\u62e5\u6709\u6fc0\u5149\u548c\u7c98\u7ed3\u5242\u55b7\u5c043D\u6253\u5370\u8bbe\u5907\u548c\u6750\u6599\u6280\u672f\u53ca\u5e94\u7528\u5de5\u827a\uff0c\u4e1a\u52a1\u6db5\u76d63D\u6253\u5370\u88c5\u5907\u3001\u539f\u6750\u6599\u7684\u7814\u53d1\u53ca\u751f\u4ea7\u3001\u91d1\u5c5e\u6210\u54c1\u4ef6\u5feb\u901f\u5236\u9020\u670d\u52a1\u30013D\u6253\u5370\u5de5\u827a\u6280\u672f\u652f\u6301\u670d\u52a1\u7b49\uff0c\u5efa\u7acb\u4e86\u5b8c\u6574\u76843D\u6253\u5370\u5feb\u901f\u5236\u9020\u4ea7\u4e1a\u94fe\uff0c\u5e7f\u6cdb\u5e94\u7528\u4e8e\u822a\u7a7a\u822a\u5929\u3001\u8239\u8236\u6cf5\u9600\u3001\u6c7d\u8f66\u3001\u80fd\u6e90\u52a8\u529b\u3001\u5de5\u4e1a\u673a\u68b0\u3001\u8f68\u9053\u4ea4\u901a\u30013C\u7535\u5b50\u3001\u6559\u80b2\u79d1\u7814\u3001\u96d5\u5851\u6587\u521b\u3001\u5eb7\u590d\u533b\u7597\u7b49\u884c\u4e1a\u3002","footnotes":""},"class_list":["post-273","page","type-page","status-publish","hentry"],"acf":[],"yoast_head":"\n\u63a2\u7d223D\u6253\u5370\u7684\u65e0\u9650\u53ef\u80fd\uff1a\u884c\u4e1a\u5e94\u7528\u5168\u9762\u89e3\u6790 - \u4e09\u5e1d\u79d1\u6280\u80a1\u4efd\u6709\u9650\u516c\u53f8<\/title>\n<meta name=\"description\" content=\"\u4e09\u5e1d\u79d1\u6280\u540c\u65f6\u62e5\u6709\u6fc0\u5149\u548c\u7c98\u7ed3\u5242\u55b7\u5c043D\u6253\u5370\u8bbe\u5907\u548c\u6750\u6599\u6280\u672f\u53ca\u5e94\u7528\u5de5\u827a\uff0c\u4e1a\u52a1\u6db5\u76d63D\u6253\u5370\u88c5\u5907\u3001\u539f\u6750\u6599\u7684\u7814\u53d1\u53ca\u751f\u4ea7\u3001\u91d1\u5c5e\u6210\u54c1\u4ef6\u5feb\u901f\u5236\u9020\u670d\u52a1\u30013D\u6253\u5370\u5de5\u827a\u6280\u672f\u652f\u6301\u670d\u52a1\u7b49\uff0c\u5efa\u7acb\u4e86\u5b8c\u6574\u76843D\u6253\u5370\u5feb\u901f\u5236\u9020\u4ea7\u4e1a\u94fe\uff0c\u5e7f\u6cdb\u5e94\u7528\u4e8e\u822a\u7a7a\u822a\u5929\u3001\u8239\u8236\u6cf5\u9600\u3001\u6c7d\u8f66\u3001\u80fd\u6e90\u52a8\u529b\u3001\u5de5\u4e1a\u673a\u68b0\u3001\u8f68\u9053\u4ea4\u901a\u30013C\u7535\u5b50\u3001\u6559\u80b2\u79d1\u7814\u3001\u96d5\u5851\u6587\u521b\u3001\u5eb7\u590d\u533b\u7597\u7b49\u884c\u4e1a\u3002\" \/>\n<meta name=\"robots\" content=\"index, follow, max-snippet:-1, max-image-preview:large, max-video-preview:-1\" \/>\n<link rel=\"canonical\" href=\"https:\/\/www.3dptek.com\/tr\/industry-applications\/\" \/>\n<meta property=\"og:locale\" content=\"tr_TR\" \/>\n<meta property=\"og:type\" content=\"article\" \/>\n<meta property=\"og:title\" content=\"\u884c\u4e1a\u5e94\u7528\" \/>\n<meta property=\"og:description\" content=\"\u4e09\u5e1d\u79d1\u6280\u540c\u65f6\u62e5\u6709\u6fc0\u5149\u548c\u7c98\u7ed3\u5242\u55b7\u5c043D\u6253\u5370\u8bbe\u5907\u548c\u6750\u6599\u6280\u672f\u53ca\u5e94\u7528\u5de5\u827a\uff0c\u4e1a\u52a1\u6db5\u76d63D\u6253\u5370\u88c5\u5907\u3001\u539f\u6750\u6599\u7684\u7814\u53d1\u53ca\u751f\u4ea7\u3001\u91d1\u5c5e\u6210\u54c1\u4ef6\u5feb\u901f\u5236\u9020\u670d\u52a1\u30013D\u6253\u5370\u5de5\u827a\u6280\u672f\u652f\u6301\u670d\u52a1\u7b49\uff0c\u5efa\u7acb\u4e86\u5b8c\u6574\u76843D\u6253\u5370\u5feb\u901f\u5236\u9020\u4ea7\u4e1a\u94fe\uff0c\u5e7f\u6cdb\u5e94\u7528\u4e8e\u822a\u7a7a\u822a\u5929\u3001\u8239\u8236\u6cf5\u9600\u3001\u6c7d\u8f66\u3001\u80fd\u6e90\u52a8\u529b\u3001\u5de5\u4e1a\u673a\u68b0\u3001\u8f68\u9053\u4ea4\u901a\u30013C\u7535\u5b50\u3001\u6559\u80b2\u79d1\u7814\u3001\u96d5\u5851\u6587\u521b\u3001\u5eb7\u590d\u533b\u7597\u7b49\u884c\u4e1a\u3002\" \/>\n<meta property=\"og:url\" content=\"https:\/\/www.3dptek.com\/tr\/industry-applications\/\" \/>\n<meta property=\"og:site_name\" content=\"\u4e09\u5e1d\u79d1\u6280\u80a1\u4efd\u6709\u9650\u516c\u53f8\" \/>\n<meta property=\"article:modified_time\" content=\"2024-05-21T12:01:56+00:00\" \/>\n<meta name=\"twitter:card\" content=\"summary_large_image\" \/>\n<meta name=\"twitter:label1\" content=\"Tahmini okuma s\u00fcresi\" \/>\n\t<meta name=\"twitter:data1\" content=\"2 dakika\" \/>\n<script type=\"application\/ld+json\" class=\"yoast-schema-graph\">{\"@context\":\"https:\/\/schema.org\",\"@graph\":[{\"@type\":\"WebPage\",\"@id\":\"https:\/\/www.3dptek.com\/industry-applications\/\",\"url\":\"https:\/\/www.3dptek.com\/industry-applications\/\",\"name\":\"\u63a2\u7d223D\u6253\u5370\u7684\u65e0\u9650\u53ef\u80fd\uff1a\u884c\u4e1a\u5e94\u7528\u5168\u9762\u89e3\u6790 - \u4e09\u5e1d\u79d1\u6280\u80a1\u4efd\u6709\u9650\u516c\u53f8\",\"isPartOf\":{\"@id\":\"https:\/\/www.3dptek.com\/#website\"},\"datePublished\":\"2024-04-07T02:17:20+00:00\",\"dateModified\":\"2024-05-21T12:01:56+00:00\",\"description\":\"\u4e09\u5e1d\u79d1\u6280\u540c\u65f6\u62e5\u6709\u6fc0\u5149\u548c\u7c98\u7ed3\u5242\u55b7\u5c043D\u6253\u5370\u8bbe\u5907\u548c\u6750\u6599\u6280\u672f\u53ca\u5e94\u7528\u5de5\u827a\uff0c\u4e1a\u52a1\u6db5\u76d63D\u6253\u5370\u88c5\u5907\u3001\u539f\u6750\u6599\u7684\u7814\u53d1\u53ca\u751f\u4ea7\u3001\u91d1\u5c5e\u6210\u54c1\u4ef6\u5feb\u901f\u5236\u9020\u670d\u52a1\u30013D\u6253\u5370\u5de5\u827a\u6280\u672f\u652f\u6301\u670d\u52a1\u7b49\uff0c\u5efa\u7acb\u4e86\u5b8c\u6574\u76843D\u6253\u5370\u5feb\u901f\u5236\u9020\u4ea7\u4e1a\u94fe\uff0c\u5e7f\u6cdb\u5e94\u7528\u4e8e\u822a\u7a7a\u822a\u5929\u3001\u8239\u8236\u6cf5\u9600\u3001\u6c7d\u8f66\u3001\u80fd\u6e90\u52a8\u529b\u3001\u5de5\u4e1a\u673a\u68b0\u3001\u8f68\u9053\u4ea4\u901a\u30013C\u7535\u5b50\u3001\u6559\u80b2\u79d1\u7814\u3001\u96d5\u5851\u6587\u521b\u3001\u5eb7\u590d\u533b\u7597\u7b49\u884c\u4e1a\u3002\",\"breadcrumb\":{\"@id\":\"https:\/\/www.3dptek.com\/industry-applications\/#breadcrumb\"},\"inLanguage\":\"tr\",\"potentialAction\":[{\"@type\":\"ReadAction\",\"target\":[\"https:\/\/www.3dptek.com\/industry-applications\/\"]}]},{\"@type\":\"BreadcrumbList\",\"@id\":\"https:\/\/www.3dptek.com\/industry-applications\/#breadcrumb\",\"itemListElement\":[{\"@type\":\"ListItem\",\"position\":1,\"name\":\"\u9996\u9875\",\"item\":\"https:\/\/www.3dptek.com\/\"},{\"@type\":\"ListItem\",\"position\":2,\"name\":\"\u884c\u4e1a\u5e94\u7528\"}]},{\"@type\":\"WebSite\",\"@id\":\"https:\/\/www.3dptek.com\/#website\",\"url\":\"https:\/\/www.3dptek.com\/\",\"name\":\"\u4e09\u5e1d\u79d1\u6280\u80a1\u4efd\u6709\u9650\u516c\u53f8\",\"description\":\"\",\"potentialAction\":[{\"@type\":\"SearchAction\",\"target\":{\"@type\":\"EntryPoint\",\"urlTemplate\":\"https:\/\/www.3dptek.com\/?s={search_term_string}\"},\"query-input\":{\"@type\":\"PropertyValueSpecification\",\"valueRequired\":true,\"valueName\":\"search_term_string\"}}],\"inLanguage\":\"tr\"}]}<\/script>\n<!-- \/ Yoast SEO Premium plugin. -->","yoast_head_json":{"title":"3D Bask\u0131n\u0131n Sonsuz Olanaklar\u0131n\u0131 Ke\u015ffetmek: Sekt\u00f6r Uygulamalar\u0131n\u0131n Kapsaml\u0131 Bir Analizi - SANDY TECHNOLOGY CO.","description":"SANDI Technology ayr\u0131ca lazer ve ba\u011flay\u0131c\u0131 jet 3D bask\u0131 ekipman\u0131 ve malzeme teknolojisi ve uygulama s\u00fcrecine sahiptir, i\u015f 3D bask\u0131 ekipman\u0131, hammadde geli\u015ftirme ve \u00fcretimi, metal par\u00e7alar h\u0131zl\u0131 \u00fcretim hizmetleri, 3D bask\u0131 s\u00fcreci teknolojisi destek hizmetleri vb. havac\u0131l\u0131k, gemi pompalar\u0131 ve vanalar\u0131, otomotiv, enerji ve g\u00fc\u00e7, end\u00fcstriyel makineler, demiryolu ta\u015f\u0131mac\u0131l\u0131\u011f\u0131, 3C elektronik, e\u011fitim ve bilimsel ara\u015ft\u0131rma, heykel, k\u00fclt\u00fcr ve yarat\u0131c\u0131l\u0131k, rehabilitasyon ve t\u0131p end\u00fcstrilerinde yayg\u0131n olarak kullan\u0131lan eksiksiz bir 3D bask\u0131 h\u0131zl\u0131 \u00fcretim end\u00fcstrisi zinciri kurmu\u015ftur. 3C elektronik, e\u011fitim ve bilimsel ara\u015ft\u0131rma, heykel ve k\u00fclt\u00fcrel yarat\u0131m, rehabilitasyon ve t\u0131bbi tedavi ve di\u011fer end\u00fcstriler.","robots":{"index":"index","follow":"follow","max-snippet":"max-snippet:-1","max-image-preview":"max-image-preview:large","max-video-preview":"max-video-preview:-1"},"canonical":"https:\/\/www.3dptek.com\/tr\/industry-applications\/","og_locale":"tr_TR","og_type":"article","og_title":"\u884c\u4e1a\u5e94\u7528","og_description":"\u4e09\u5e1d\u79d1\u6280\u540c\u65f6\u62e5\u6709\u6fc0\u5149\u548c\u7c98\u7ed3\u5242\u55b7\u5c043D\u6253\u5370\u8bbe\u5907\u548c\u6750\u6599\u6280\u672f\u53ca\u5e94\u7528\u5de5\u827a\uff0c\u4e1a\u52a1\u6db5\u76d63D\u6253\u5370\u88c5\u5907\u3001\u539f\u6750\u6599\u7684\u7814\u53d1\u53ca\u751f\u4ea7\u3001\u91d1\u5c5e\u6210\u54c1\u4ef6\u5feb\u901f\u5236\u9020\u670d\u52a1\u30013D\u6253\u5370\u5de5\u827a\u6280\u672f\u652f\u6301\u670d\u52a1\u7b49\uff0c\u5efa\u7acb\u4e86\u5b8c\u6574\u76843D\u6253\u5370\u5feb\u901f\u5236\u9020\u4ea7\u4e1a\u94fe\uff0c\u5e7f\u6cdb\u5e94\u7528\u4e8e\u822a\u7a7a\u822a\u5929\u3001\u8239\u8236\u6cf5\u9600\u3001\u6c7d\u8f66\u3001\u80fd\u6e90\u52a8\u529b\u3001\u5de5\u4e1a\u673a\u68b0\u3001\u8f68\u9053\u4ea4\u901a\u30013C\u7535\u5b50\u3001\u6559\u80b2\u79d1\u7814\u3001\u96d5\u5851\u6587\u521b\u3001\u5eb7\u590d\u533b\u7597\u7b49\u884c\u4e1a\u3002","og_url":"https:\/\/www.3dptek.com\/tr\/industry-applications\/","og_site_name":"\u4e09\u5e1d\u79d1\u6280\u80a1\u4efd\u6709\u9650\u516c\u53f8","article_modified_time":"2024-05-21T12:01:56+00:00","twitter_card":"summary_large_image","twitter_misc":{"Tahmini okuma s\u00fcresi":"2 dakika"},"schema":{"@context":"https:\/\/schema.org","@graph":[{"@type":"WebPage","@id":"https:\/\/www.3dptek.com\/industry-applications\/","url":"https:\/\/www.3dptek.com\/industry-applications\/","name":"3D Bask\u0131n\u0131n Sonsuz Olanaklar\u0131n\u0131 Ke\u015ffetmek: Sekt\u00f6r Uygulamalar\u0131n\u0131n Kapsaml\u0131 Bir Analizi - SANDY TECHNOLOGY CO.","isPartOf":{"@id":"https:\/\/www.3dptek.com\/#website"},"datePublished":"2024-04-07T02:17:20+00:00","dateModified":"2024-05-21T12:01:56+00:00","description":"SANDI Technology ayr\u0131ca lazer ve ba\u011flay\u0131c\u0131 jet 3D bask\u0131 ekipman\u0131 ve malzeme teknolojisi ve uygulama s\u00fcrecine sahiptir, i\u015f 3D bask\u0131 ekipman\u0131, hammadde geli\u015ftirme ve \u00fcretimi, metal par\u00e7alar h\u0131zl\u0131 \u00fcretim hizmetleri, 3D bask\u0131 s\u00fcreci teknolojisi destek hizmetleri vb. havac\u0131l\u0131k, gemi pompalar\u0131 ve vanalar\u0131, otomotiv, enerji ve g\u00fc\u00e7, end\u00fcstriyel makineler, demiryolu ta\u015f\u0131mac\u0131l\u0131\u011f\u0131, 3C elektronik, e\u011fitim ve bilimsel ara\u015ft\u0131rma, heykel, k\u00fclt\u00fcr ve yarat\u0131c\u0131l\u0131k, rehabilitasyon ve t\u0131p end\u00fcstrilerinde yayg\u0131n olarak kullan\u0131lan eksiksiz bir 3D bask\u0131 h\u0131zl\u0131 \u00fcretim end\u00fcstrisi zinciri kurmu\u015ftur. 3C elektronik, e\u011fitim ve bilimsel ara\u015ft\u0131rma, heykel ve k\u00fclt\u00fcrel yarat\u0131m, rehabilitasyon ve t\u0131bbi tedavi ve di\u011fer end\u00fcstriler.","breadcrumb":{"@id":"https:\/\/www.3dptek.com\/industry-applications\/#breadcrumb"},"inLanguage":"tr","potentialAction":[{"@type":"ReadAction","target":["https:\/\/www.3dptek.com\/industry-applications\/"]}]},{"@type":"BreadcrumbList","@id":"https:\/\/www.3dptek.com\/industry-applications\/#breadcrumb","itemListElement":[{"@type":"ListItem","position":1,"name":"\u9996\u9875","item":"https:\/\/www.3dptek.com\/"},{"@type":"ListItem","position":2,"name":"\u884c\u4e1a\u5e94\u7528"}]},{"@type":"WebSite","@id":"https:\/\/www.3dptek.com\/#website","url":"https:\/\/www.3dptek.com\/","name":"3D Printing Technology, Inc.","description":"","potentialAction":[{"@type":"SearchAction","target":{"@type":"EntryPoint","urlTemplate":"https:\/\/www.3dptek.com\/?s={search_term_string}"},"query-input":{"@type":"PropertyValueSpecification","valueRequired":true,"valueName":"search_term_string"}}],"inLanguage":"tr"}]}},"_links":{"self":[{"href":"https:\/\/www.3dptek.com\/tr\/wp-json\/wp\/v2\/pages\/273","targetHints":{"allow":["GET"]}}],"collection":[{"href":"https:\/\/www.3dptek.com\/tr\/wp-json\/wp\/v2\/pages"}],"about":[{"href":"https:\/\/www.3dptek.com\/tr\/wp-json\/wp\/v2\/types\/page"}],"author":[{"embeddable":true,"href":"https:\/\/www.3dptek.com\/tr\/wp-json\/wp\/v2\/users\/1"}],"replies":[{"embeddable":true,"href":"https:\/\/www.3dptek.com\/tr\/wp-json\/wp\/v2\/comments?post=273"}],"version-history":[{"count":1,"href":"https:\/\/www.3dptek.com\/tr\/wp-json\/wp\/v2\/pages\/273\/revisions"}],"predecessor-version":[{"id":274,"href":"https:\/\/www.3dptek.com\/tr\/wp-json\/wp\/v2\/pages\/273\/revisions\/274"}],"wp:attachment":[{"href":"https:\/\/www.3dptek.com\/tr\/wp-json\/wp\/v2\/media?parent=273"}],"curies":[{"name":"wp","href":"https:\/\/api.w.org\/{rel}","templated":true}]}}