{"id":47,"date":"2024-03-27T11:32:02","date_gmt":"2024-03-27T03:32:02","guid":{"rendered":"https:\/\/www.3dptek.com\/?page_id=47"},"modified":"2024-05-21T17:35:27","modified_gmt":"2024-05-21T09:35:27","slug":"3dptek","status":"publish","type":"page","link":"https:\/\/www.3dptek.com\/fr\/","title":{"rendered":"fig. d\u00e9but"},"content":{"rendered":"","protected":false},"excerpt":{"rendered":"","protected":false},"author":1,"featured_media":0,"parent":0,"menu_order":0,"comment_status":"closed","ping_status":"closed","template":"","meta":{"_yoast_wpseo_focuskw":"","_yoast_wpseo_title":"\u5de5\u4e1a3D\u6253\u5370\u88c5\u5907\u4e0e\u5feb\u901f\u5236\u9020\u670d\u52a1\u63d0\u4f9b\u5546\uff0c\u56fd\u5bb6\u9ad8\u65b0\u6280\u672f\u4f01\u4e1a\uff0c\u4e13\u7cbe\u7279\u65b0\u4f01\u4e1a\uff0c\u5de5\u4fe1\u90e8\u589e\u6750\u5236\u9020\u5178\u578b\u5e94\u7528\u573a\u666f\u4f9b\u5e94\u5546 %%sep%% %%sitename%%","_yoast_wpseo_metadesc":"\u4e09\u5e1d\u79d1\u6280\u662f\u4e00\u5bb63D\u6253\u5370\u88c5\u5907\u4e0e\u5feb\u901f\u5236\u9020\u670d\u52a1\u63d0\u4f9b\u5546\uff0c\u56fd\u5bb6\u9ad8\u65b0\u6280\u672f\u4f01\u4e1a\uff0c\u4e13\u7cbe\u7279\u65b0\u4f01\u4e1a\uff0c\u5de5\u4fe1\u90e8\u589e\u6750\u5236\u9020\u5178\u578b\u5e94\u7528\u573a\u666f\u4f9b\u5e94\u5546\u3002","footnotes":""},"class_list":["post-47","page","type-page","status-publish","hentry"],"acf":[],"yoast_head":"\n\u5de5\u4e1a3D\u6253\u5370\u88c5\u5907\u4e0e\u5feb\u901f\u5236\u9020\u670d\u52a1\u63d0\u4f9b\u5546\uff0c\u56fd\u5bb6\u9ad8\u65b0\u6280\u672f\u4f01\u4e1a\uff0c\u4e13\u7cbe\u7279\u65b0\u4f01\u4e1a\uff0c\u5de5\u4fe1\u90e8\u589e\u6750\u5236\u9020\u5178\u578b\u5e94\u7528\u573a\u666f\u4f9b\u5e94\u5546 - \u4e09\u5e1d\u79d1\u6280\u80a1\u4efd\u6709\u9650\u516c\u53f8<\/title>\n<meta name=\"description\" content=\"\u4e09\u5e1d\u79d1\u6280\u662f\u4e00\u5bb63D\u6253\u5370\u88c5\u5907\u4e0e\u5feb\u901f\u5236\u9020\u670d\u52a1\u63d0\u4f9b\u5546\uff0c\u56fd\u5bb6\u9ad8\u65b0\u6280\u672f\u4f01\u4e1a\uff0c\u4e13\u7cbe\u7279\u65b0\u4f01\u4e1a\uff0c\u5de5\u4fe1\u90e8\u589e\u6750\u5236\u9020\u5178\u578b\u5e94\u7528\u573a\u666f\u4f9b\u5e94\u5546\u3002\" \/>\n<meta name=\"robots\" content=\"index, follow, max-snippet:-1, max-image-preview:large, max-video-preview:-1\" \/>\n<link rel=\"canonical\" href=\"https:\/\/www.3dptek.com\/fr\/\" \/>\n<meta property=\"og:locale\" content=\"fr_FR\" \/>\n<meta property=\"og:type\" content=\"article\" \/>\n<meta property=\"og:title\" content=\"\u9996\u9875\" \/>\n<meta property=\"og:description\" content=\"\u4e09\u5e1d\u79d1\u6280\u662f\u4e00\u5bb63D\u6253\u5370\u88c5\u5907\u4e0e\u5feb\u901f\u5236\u9020\u670d\u52a1\u63d0\u4f9b\u5546\uff0c\u56fd\u5bb6\u9ad8\u65b0\u6280\u672f\u4f01\u4e1a\uff0c\u4e13\u7cbe\u7279\u65b0\u4f01\u4e1a\uff0c\u5de5\u4fe1\u90e8\u589e\u6750\u5236\u9020\u5178\u578b\u5e94\u7528\u573a\u666f\u4f9b\u5e94\u5546\u3002\" \/>\n<meta property=\"og:url\" content=\"https:\/\/www.3dptek.com\/fr\/\" \/>\n<meta property=\"og:site_name\" content=\"\u4e09\u5e1d\u79d1\u6280\u80a1\u4efd\u6709\u9650\u516c\u53f8\" \/>\n<meta property=\"article:modified_time\" content=\"2024-05-21T09:35:27+00:00\" \/>\n<meta name=\"twitter:card\" content=\"summary_large_image\" \/>\n<meta name=\"twitter:label1\" content=\"Dur\u00e9e de lecture estim\u00e9e\" \/>\n\t<meta name=\"twitter:data1\" content=\"7 minutes\" \/>\n<script type=\"application\/ld+json\" class=\"yoast-schema-graph\">{\"@context\":\"https:\/\/schema.org\",\"@graph\":[{\"@type\":\"WebPage\",\"@id\":\"https:\/\/www.3dptek.com\/\",\"url\":\"https:\/\/www.3dptek.com\/\",\"name\":\"\u5de5\u4e1a3D\u6253\u5370\u88c5\u5907\u4e0e\u5feb\u901f\u5236\u9020\u670d\u52a1\u63d0\u4f9b\u5546\uff0c\u56fd\u5bb6\u9ad8\u65b0\u6280\u672f\u4f01\u4e1a\uff0c\u4e13\u7cbe\u7279\u65b0\u4f01\u4e1a\uff0c\u5de5\u4fe1\u90e8\u589e\u6750\u5236\u9020\u5178\u578b\u5e94\u7528\u573a\u666f\u4f9b\u5e94\u5546 - \u4e09\u5e1d\u79d1\u6280\u80a1\u4efd\u6709\u9650\u516c\u53f8\",\"isPartOf\":{\"@id\":\"https:\/\/www.3dptek.com\/#website\"},\"datePublished\":\"2024-03-27T03:32:02+00:00\",\"dateModified\":\"2024-05-21T09:35:27+00:00\",\"description\":\"\u4e09\u5e1d\u79d1\u6280\u662f\u4e00\u5bb63D\u6253\u5370\u88c5\u5907\u4e0e\u5feb\u901f\u5236\u9020\u670d\u52a1\u63d0\u4f9b\u5546\uff0c\u56fd\u5bb6\u9ad8\u65b0\u6280\u672f\u4f01\u4e1a\uff0c\u4e13\u7cbe\u7279\u65b0\u4f01\u4e1a\uff0c\u5de5\u4fe1\u90e8\u589e\u6750\u5236\u9020\u5178\u578b\u5e94\u7528\u573a\u666f\u4f9b\u5e94\u5546\u3002\",\"breadcrumb\":{\"@id\":\"https:\/\/www.3dptek.com\/#breadcrumb\"},\"inLanguage\":\"fr-FR\",\"potentialAction\":[{\"@type\":\"ReadAction\",\"target\":[\"https:\/\/www.3dptek.com\/\"]}]},{\"@type\":\"BreadcrumbList\",\"@id\":\"https:\/\/www.3dptek.com\/#breadcrumb\",\"itemListElement\":[{\"@type\":\"ListItem\",\"position\":1,\"name\":\"\u9996\u9875\",\"item\":\"https:\/\/www.3dptek.com\/\"},{\"@type\":\"ListItem\",\"position\":2,\"name\":\"\u9996\u9875\"}]},{\"@type\":\"WebSite\",\"@id\":\"https:\/\/www.3dptek.com\/#website\",\"url\":\"https:\/\/www.3dptek.com\/\",\"name\":\"\u4e09\u5e1d\u79d1\u6280\u80a1\u4efd\u6709\u9650\u516c\u53f8\",\"description\":\"\",\"potentialAction\":[{\"@type\":\"SearchAction\",\"target\":{\"@type\":\"EntryPoint\",\"urlTemplate\":\"https:\/\/www.3dptek.com\/?s={search_term_string}\"},\"query-input\":{\"@type\":\"PropertyValueSpecification\",\"valueRequired\":true,\"valueName\":\"search_term_string\"}}],\"inLanguage\":\"fr-FR\"}]}<\/script>\n<!-- \/ Yoast SEO Premium plugin. -->","yoast_head_json":{"title":"Fournisseur d'\u00e9quipements industriels d'impression 3D et de services de fabrication rapide, entreprises nationales de haute technologie, sp\u00e9cialis\u00e9es dans les nouvelles entreprises, fournisseur de sc\u00e9narios d'application typiques de la fabrication additive du minist\u00e8re de l'industrie et des technologies de l'information - SANDI TECHNOLOGY CO.","description":"SANDI Technology est un fournisseur d'\u00e9quipements d'impression 3D et de services de fabrication rapide, une entreprise nationale de haute technologie, une entreprise sp\u00e9cialis\u00e9e et un fournisseur de sc\u00e9narios d'application typiques de la fabrication additive pour le minist\u00e8re de l'industrie et des technologies de l'information (MIIT).","robots":{"index":"index","follow":"follow","max-snippet":"max-snippet:-1","max-image-preview":"max-image-preview:large","max-video-preview":"max-video-preview:-1"},"canonical":"https:\/\/www.3dptek.com\/fr\/","og_locale":"fr_FR","og_type":"article","og_title":"\u9996\u9875","og_description":"\u4e09\u5e1d\u79d1\u6280\u662f\u4e00\u5bb63D\u6253\u5370\u88c5\u5907\u4e0e\u5feb\u901f\u5236\u9020\u670d\u52a1\u63d0\u4f9b\u5546\uff0c\u56fd\u5bb6\u9ad8\u65b0\u6280\u672f\u4f01\u4e1a\uff0c\u4e13\u7cbe\u7279\u65b0\u4f01\u4e1a\uff0c\u5de5\u4fe1\u90e8\u589e\u6750\u5236\u9020\u5178\u578b\u5e94\u7528\u573a\u666f\u4f9b\u5e94\u5546\u3002","og_url":"https:\/\/www.3dptek.com\/fr\/","og_site_name":"\u4e09\u5e1d\u79d1\u6280\u80a1\u4efd\u6709\u9650\u516c\u53f8","article_modified_time":"2024-05-21T09:35:27+00:00","twitter_card":"summary_large_image","twitter_misc":{"Dur\u00e9e de lecture estim\u00e9e":"7 minutes"},"schema":{"@context":"https:\/\/schema.org","@graph":[{"@type":"WebPage","@id":"https:\/\/www.3dptek.com\/","url":"https:\/\/www.3dptek.com\/","name":"Fournisseur d'\u00e9quipements industriels d'impression 3D et de services de fabrication rapide, entreprises nationales de haute technologie, sp\u00e9cialis\u00e9es dans les nouvelles entreprises, fournisseur de sc\u00e9narios d'application typiques de la fabrication additive du minist\u00e8re de l'industrie et des technologies de l'information - SANDI TECHNOLOGY CO.","isPartOf":{"@id":"https:\/\/www.3dptek.com\/#website"},"datePublished":"2024-03-27T03:32:02+00:00","dateModified":"2024-05-21T09:35:27+00:00","description":"SANDI Technology est un fournisseur d'\u00e9quipements d'impression 3D et de services de fabrication rapide, une entreprise nationale de haute technologie, une entreprise sp\u00e9cialis\u00e9e et un fournisseur de sc\u00e9narios d'application typiques de la fabrication additive pour le minist\u00e8re de l'industrie et des technologies de l'information (MIIT).","breadcrumb":{"@id":"https:\/\/www.3dptek.com\/#breadcrumb"},"inLanguage":"fr-FR","potentialAction":[{"@type":"ReadAction","target":["https:\/\/www.3dptek.com\/"]}]},{"@type":"BreadcrumbList","@id":"https:\/\/www.3dptek.com\/#breadcrumb","itemListElement":[{"@type":"ListItem","position":1,"name":"\u9996\u9875","item":"https:\/\/www.3dptek.com\/"},{"@type":"ListItem","position":2,"name":"\u9996\u9875"}]},{"@type":"WebSite","@id":"https:\/\/www.3dptek.com\/#website","url":"https:\/\/www.3dptek.com\/","name":"SANDY TECHNOLOGY CO.","description":"","potentialAction":[{"@type":"SearchAction","target":{"@type":"EntryPoint","urlTemplate":"https:\/\/www.3dptek.com\/?s={search_term_string}"},"query-input":{"@type":"PropertyValueSpecification","valueRequired":true,"valueName":"search_term_string"}}],"inLanguage":"fr-FR"}]}},"_links":{"self":[{"href":"https:\/\/www.3dptek.com\/fr\/wp-json\/wp\/v2\/pages\/47","targetHints":{"allow":["GET"]}}],"collection":[{"href":"https:\/\/www.3dptek.com\/fr\/wp-json\/wp\/v2\/pages"}],"about":[{"href":"https:\/\/www.3dptek.com\/fr\/wp-json\/wp\/v2\/types\/page"}],"author":[{"embeddable":true,"href":"https:\/\/www.3dptek.com\/fr\/wp-json\/wp\/v2\/users\/1"}],"replies":[{"embeddable":true,"href":"https:\/\/www.3dptek.com\/fr\/wp-json\/wp\/v2\/comments?post=47"}],"version-history":[{"count":1,"href":"https:\/\/www.3dptek.com\/fr\/wp-json\/wp\/v2\/pages\/47\/revisions"}],"predecessor-version":[{"id":48,"href":"https:\/\/www.3dptek.com\/fr\/wp-json\/wp\/v2\/pages\/47\/revisions\/48"}],"wp:attachment":[{"href":"https:\/\/www.3dptek.com\/fr\/wp-json\/wp\/v2\/media?parent=47"}],"curies":[{"name":"wp","href":"https:\/\/api.w.org\/{rel}","templated":true}]}}