{"id":417,"date":"2024-04-10T12:43:48","date_gmt":"2024-04-10T04:43:48","guid":{"rendered":"https:\/\/test.3dptek.com\/?page_id=417"},"modified":"2024-05-21T18:14:02","modified_gmt":"2024-05-21T10:14:02","slug":"afs-m300xas","status":"publish","type":"page","link":"https:\/\/www.3dptek.com\/fr\/industrial-3d-printers\/slm-metal-3d-printers\/afs-m300xas\/","title":{"rendered":"Imprimante 3D m\u00e9tal SLM : AFS-M300XAS"},"content":{"rendered":"","protected":false},"excerpt":{"rendered":"","protected":false},"author":1,"featured_media":0,"parent":409,"menu_order":0,"comment_status":"closed","ping_status":"closed","template":"","meta":{"_yoast_wpseo_focuskw":"","_yoast_wpseo_title":"AFS-m300xas\uff1a\u81ea\u4e3b\u7814\u53d1\u7684\u591a\u6750\u6599\u9009\u533a\u6fc0\u5149\u7194\u5316\u589e\u51cf\u6750\u5236\u9020\u8bbe\u5907 %%sep%% %%sitename%%","_yoast_wpseo_metadesc":"\u8fd9\u6b3e\u91d1\u5c5e3D\u6253\u5370\u673a\u5177\u6709\u6c34\u5e73\u8fde\u7eed\u68af\u5ea6\u3001\u5168\u5411\u4e09\u7ef4\u68af\u5ea6\u3001\u5c40\u90e8\u68af\u5ea6\u7b49\u529f\u80fd\uff0c\u53ef\u5b9e\u73b0\u5feb\u901f\u626b\u63cf\u3001\u9ad8\u6210\u578b\u7cbe\u5ea6\u3001\u9ad8\u6253\u5370\u6548\u7387\u3002\u6b22\u8fce\u8054\u7cfb\u62a5\u4ef7\uff01","footnotes":""},"class_list":["post-417","page","type-page","status-publish","hentry"],"acf":[],"yoast_head":"\nAFS-m300xas\uff1a\u81ea\u4e3b\u7814\u53d1\u7684\u591a\u6750\u6599\u9009\u533a\u6fc0\u5149\u7194\u5316\u589e\u51cf\u6750\u5236\u9020\u8bbe\u5907 - \u4e09\u5e1d\u79d1\u6280\u80a1\u4efd\u6709\u9650\u516c\u53f8<\/title>\n<meta name=\"description\" content=\"\u8fd9\u6b3e\u91d1\u5c5e3D\u6253\u5370\u673a\u5177\u6709\u6c34\u5e73\u8fde\u7eed\u68af\u5ea6\u3001\u5168\u5411\u4e09\u7ef4\u68af\u5ea6\u3001\u5c40\u90e8\u68af\u5ea6\u7b49\u529f\u80fd\uff0c\u53ef\u5b9e\u73b0\u5feb\u901f\u626b\u63cf\u3001\u9ad8\u6210\u578b\u7cbe\u5ea6\u3001\u9ad8\u6253\u5370\u6548\u7387\u3002\u6b22\u8fce\u8054\u7cfb\u62a5\u4ef7\uff01\" \/>\n<meta name=\"robots\" content=\"index, follow, max-snippet:-1, max-image-preview:large, max-video-preview:-1\" \/>\n<link rel=\"canonical\" href=\"https:\/\/www.3dptek.com\/fr\/industrial-3d-printers\/slm-metal-3d-printers\/afs-m300xas\/\" \/>\n<meta property=\"og:locale\" content=\"fr_FR\" \/>\n<meta property=\"og:type\" content=\"article\" \/>\n<meta property=\"og:title\" content=\"SLM\u91d1\u5c5e3D\u6253\u5370\u673a\uff1aAFS-M300XAS\" \/>\n<meta property=\"og:description\" content=\"\u8fd9\u6b3e\u91d1\u5c5e3D\u6253\u5370\u673a\u5177\u6709\u6c34\u5e73\u8fde\u7eed\u68af\u5ea6\u3001\u5168\u5411\u4e09\u7ef4\u68af\u5ea6\u3001\u5c40\u90e8\u68af\u5ea6\u7b49\u529f\u80fd\uff0c\u53ef\u5b9e\u73b0\u5feb\u901f\u626b\u63cf\u3001\u9ad8\u6210\u578b\u7cbe\u5ea6\u3001\u9ad8\u6253\u5370\u6548\u7387\u3002\u6b22\u8fce\u8054\u7cfb\u62a5\u4ef7\uff01\" \/>\n<meta property=\"og:url\" content=\"https:\/\/www.3dptek.com\/fr\/industrial-3d-printers\/slm-metal-3d-printers\/afs-m300xas\/\" \/>\n<meta property=\"og:site_name\" content=\"\u4e09\u5e1d\u79d1\u6280\u80a1\u4efd\u6709\u9650\u516c\u53f8\" \/>\n<meta property=\"article:modified_time\" content=\"2024-05-21T10:14:02+00:00\" \/>\n<meta name=\"twitter:card\" content=\"summary_large_image\" \/>\n<meta name=\"twitter:label1\" content=\"Dur\u00e9e de lecture estim\u00e9e\" \/>\n\t<meta name=\"twitter:data1\" content=\"2 minutes\" \/>\n<script type=\"application\/ld+json\" class=\"yoast-schema-graph\">{\"@context\":\"https:\/\/schema.org\",\"@graph\":[{\"@type\":\"WebPage\",\"@id\":\"https:\/\/www.3dptek.com\/industrial-3d-printers\/slm-metal-3d-printers\/afs-m300xas\/\",\"url\":\"https:\/\/www.3dptek.com\/industrial-3d-printers\/slm-metal-3d-printers\/afs-m300xas\/\",\"name\":\"AFS-m300xas\uff1a\u81ea\u4e3b\u7814\u53d1\u7684\u591a\u6750\u6599\u9009\u533a\u6fc0\u5149\u7194\u5316\u589e\u51cf\u6750\u5236\u9020\u8bbe\u5907 - \u4e09\u5e1d\u79d1\u6280\u80a1\u4efd\u6709\u9650\u516c\u53f8\",\"isPartOf\":{\"@id\":\"https:\/\/www.3dptek.com\/#website\"},\"datePublished\":\"2024-04-10T04:43:48+00:00\",\"dateModified\":\"2024-05-21T10:14:02+00:00\",\"description\":\"\u8fd9\u6b3e\u91d1\u5c5e3D\u6253\u5370\u673a\u5177\u6709\u6c34\u5e73\u8fde\u7eed\u68af\u5ea6\u3001\u5168\u5411\u4e09\u7ef4\u68af\u5ea6\u3001\u5c40\u90e8\u68af\u5ea6\u7b49\u529f\u80fd\uff0c\u53ef\u5b9e\u73b0\u5feb\u901f\u626b\u63cf\u3001\u9ad8\u6210\u578b\u7cbe\u5ea6\u3001\u9ad8\u6253\u5370\u6548\u7387\u3002\u6b22\u8fce\u8054\u7cfb\u62a5\u4ef7\uff01\",\"breadcrumb\":{\"@id\":\"https:\/\/www.3dptek.com\/industrial-3d-printers\/slm-metal-3d-printers\/afs-m300xas\/#breadcrumb\"},\"inLanguage\":\"fr-FR\",\"potentialAction\":[{\"@type\":\"ReadAction\",\"target\":[\"https:\/\/www.3dptek.com\/industrial-3d-printers\/slm-metal-3d-printers\/afs-m300xas\/\"]}]},{\"@type\":\"BreadcrumbList\",\"@id\":\"https:\/\/www.3dptek.com\/industrial-3d-printers\/slm-metal-3d-printers\/afs-m300xas\/#breadcrumb\",\"itemListElement\":[{\"@type\":\"ListItem\",\"position\":1,\"name\":\"\u9996\u9875\",\"item\":\"https:\/\/www.3dptek.com\/\"},{\"@type\":\"ListItem\",\"position\":2,\"name\":\"\u5de5\u4e1a3D\u6253\u5370\u673a\",\"item\":\"https:\/\/www.3dptek.com\/industrial-3d-printers\/\"},{\"@type\":\"ListItem\",\"position\":3,\"name\":\"SLM\u91d1\u5c5e3D\u6253\u5370\u673a\",\"item\":\"https:\/\/www.3dptek.com\/industrial-3d-printers\/slm-metal-3d-printers\/\"},{\"@type\":\"ListItem\",\"position\":4,\"name\":\"SLM\u91d1\u5c5e3D\u6253\u5370\u673a\uff1aAFS-M300XAS\"}]},{\"@type\":\"WebSite\",\"@id\":\"https:\/\/www.3dptek.com\/#website\",\"url\":\"https:\/\/www.3dptek.com\/\",\"name\":\"\u4e09\u5e1d\u79d1\u6280\u80a1\u4efd\u6709\u9650\u516c\u53f8\",\"description\":\"\",\"potentialAction\":[{\"@type\":\"SearchAction\",\"target\":{\"@type\":\"EntryPoint\",\"urlTemplate\":\"https:\/\/www.3dptek.com\/?s={search_term_string}\"},\"query-input\":{\"@type\":\"PropertyValueSpecification\",\"valueRequired\":true,\"valueName\":\"search_term_string\"}}],\"inLanguage\":\"fr-FR\"}]}<\/script>\n<!-- \/ Yoast SEO Premium plugin. -->","yoast_head_json":{"title":"AFS-m300xas : \u00e9quipement de fabrication additive et soustractive par fusion laser \u00e0 zone s\u00e9lective multi-mat\u00e9riaux d\u00e9velopp\u00e9 par l'entreprise - SANDY TECHNOLOGY CO.","description":"Cette imprimante 3D m\u00e9tal dispose d'un gradient continu horizontal, d'un gradient 3D omnidirectionnel et d'un gradient local, ce qui permet d'obtenir une num\u00e9risation rapide, une grande pr\u00e9cision de moulage et une grande efficacit\u00e9 d'impression. N'h\u00e9sitez pas \u00e0 nous contacter pour un devis !","robots":{"index":"index","follow":"follow","max-snippet":"max-snippet:-1","max-image-preview":"max-image-preview:large","max-video-preview":"max-video-preview:-1"},"canonical":"https:\/\/www.3dptek.com\/fr\/industrial-3d-printers\/slm-metal-3d-printers\/afs-m300xas\/","og_locale":"fr_FR","og_type":"article","og_title":"SLM\u91d1\u5c5e3D\u6253\u5370\u673a\uff1aAFS-M300XAS","og_description":"\u8fd9\u6b3e\u91d1\u5c5e3D\u6253\u5370\u673a\u5177\u6709\u6c34\u5e73\u8fde\u7eed\u68af\u5ea6\u3001\u5168\u5411\u4e09\u7ef4\u68af\u5ea6\u3001\u5c40\u90e8\u68af\u5ea6\u7b49\u529f\u80fd\uff0c\u53ef\u5b9e\u73b0\u5feb\u901f\u626b\u63cf\u3001\u9ad8\u6210\u578b\u7cbe\u5ea6\u3001\u9ad8\u6253\u5370\u6548\u7387\u3002\u6b22\u8fce\u8054\u7cfb\u62a5\u4ef7\uff01","og_url":"https:\/\/www.3dptek.com\/fr\/industrial-3d-printers\/slm-metal-3d-printers\/afs-m300xas\/","og_site_name":"\u4e09\u5e1d\u79d1\u6280\u80a1\u4efd\u6709\u9650\u516c\u53f8","article_modified_time":"2024-05-21T10:14:02+00:00","twitter_card":"summary_large_image","twitter_misc":{"Dur\u00e9e de lecture estim\u00e9e":"2 minutes"},"schema":{"@context":"https:\/\/schema.org","@graph":[{"@type":"WebPage","@id":"https:\/\/www.3dptek.com\/industrial-3d-printers\/slm-metal-3d-printers\/afs-m300xas\/","url":"https:\/\/www.3dptek.com\/industrial-3d-printers\/slm-metal-3d-printers\/afs-m300xas\/","name":"AFS-m300xas : \u00e9quipement de fabrication additive et soustractive par fusion laser \u00e0 zone s\u00e9lective multi-mat\u00e9riaux d\u00e9velopp\u00e9 par l'entreprise - SANDY TECHNOLOGY CO.","isPartOf":{"@id":"https:\/\/www.3dptek.com\/#website"},"datePublished":"2024-04-10T04:43:48+00:00","dateModified":"2024-05-21T10:14:02+00:00","description":"Cette imprimante 3D m\u00e9tal dispose d'un gradient continu horizontal, d'un gradient 3D omnidirectionnel et d'un gradient local, ce qui permet d'obtenir une num\u00e9risation rapide, une grande pr\u00e9cision de moulage et une grande efficacit\u00e9 d'impression. N'h\u00e9sitez pas \u00e0 nous contacter pour un devis !","breadcrumb":{"@id":"https:\/\/www.3dptek.com\/industrial-3d-printers\/slm-metal-3d-printers\/afs-m300xas\/#breadcrumb"},"inLanguage":"fr-FR","potentialAction":[{"@type":"ReadAction","target":["https:\/\/www.3dptek.com\/industrial-3d-printers\/slm-metal-3d-printers\/afs-m300xas\/"]}]},{"@type":"BreadcrumbList","@id":"https:\/\/www.3dptek.com\/industrial-3d-printers\/slm-metal-3d-printers\/afs-m300xas\/#breadcrumb","itemListElement":[{"@type":"ListItem","position":1,"name":"\u9996\u9875","item":"https:\/\/www.3dptek.com\/"},{"@type":"ListItem","position":2,"name":"\u5de5\u4e1a3D\u6253\u5370\u673a","item":"https:\/\/www.3dptek.com\/industrial-3d-printers\/"},{"@type":"ListItem","position":3,"name":"SLM\u91d1\u5c5e3D\u6253\u5370\u673a","item":"https:\/\/www.3dptek.com\/industrial-3d-printers\/slm-metal-3d-printers\/"},{"@type":"ListItem","position":4,"name":"SLM\u91d1\u5c5e3D\u6253\u5370\u673a\uff1aAFS-M300XAS"}]},{"@type":"WebSite","@id":"https:\/\/www.3dptek.com\/#website","url":"https:\/\/www.3dptek.com\/","name":"SANDY TECHNOLOGY CO.","description":"","potentialAction":[{"@type":"SearchAction","target":{"@type":"EntryPoint","urlTemplate":"https:\/\/www.3dptek.com\/?s={search_term_string}"},"query-input":{"@type":"PropertyValueSpecification","valueRequired":true,"valueName":"search_term_string"}}],"inLanguage":"fr-FR"}]}},"_links":{"self":[{"href":"https:\/\/www.3dptek.com\/fr\/wp-json\/wp\/v2\/pages\/417","targetHints":{"allow":["GET"]}}],"collection":[{"href":"https:\/\/www.3dptek.com\/fr\/wp-json\/wp\/v2\/pages"}],"about":[{"href":"https:\/\/www.3dptek.com\/fr\/wp-json\/wp\/v2\/types\/page"}],"author":[{"embeddable":true,"href":"https:\/\/www.3dptek.com\/fr\/wp-json\/wp\/v2\/users\/1"}],"replies":[{"embeddable":true,"href":"https:\/\/www.3dptek.com\/fr\/wp-json\/wp\/v2\/comments?post=417"}],"version-history":[{"count":6,"href":"https:\/\/www.3dptek.com\/fr\/wp-json\/wp\/v2\/pages\/417\/revisions"}],"predecessor-version":[{"id":976,"href":"https:\/\/www.3dptek.com\/fr\/wp-json\/wp\/v2\/pages\/417\/revisions\/976"}],"up":[{"embeddable":true,"href":"https:\/\/www.3dptek.com\/fr\/wp-json\/wp\/v2\/pages\/409"}],"wp:attachment":[{"href":"https:\/\/www.3dptek.com\/fr\/wp-json\/wp\/v2\/media?parent=417"}],"curies":[{"name":"wp","href":"https:\/\/api.w.org\/{rel}","templated":true}]}}