{"id":401,"date":"2024-04-10T11:56:19","date_gmt":"2024-04-10T03:56:19","guid":{"rendered":"https:\/\/test.3dptek.com\/?page_id=401"},"modified":"2024-11-08T16:37:38","modified_gmt":"2024-11-08T08:37:38","slug":"afs-500","status":"publish","type":"page","link":"https:\/\/www.3dptek.com\/fr\/industrial-3d-printers\/sls-wax-printers\/afs-500\/","title":{"rendered":"Machine d'impression 3D \u00e0 la cire SLS : AFS-500"},"content":{"rendered":"","protected":false},"excerpt":{"rendered":"","protected":false},"author":1,"featured_media":0,"parent":399,"menu_order":0,"comment_status":"closed","ping_status":"closed","template":"","meta":{"_yoast_wpseo_focuskw":"","_yoast_wpseo_title":"AFS-500: \u4e13\u4e1aSLS\u8721\u6a213D\u6253\u5370\u673a\uff0c\u7cbe\u5bc6\u94f8\u9020\u9996\u9009 %%sep%% %%sitename%%","_yoast_wpseo_metadesc":"\u901a\u8fc7AFS-500 SLS\u8721\u6a213D\u6253\u5370\u673a\uff0c\u53ef\u5b9e\u73b0\u7cbe\u5bc6\u94f8\u9020\uff0c\u4e3a\u9ad8\u7aef\u5e02\u573a\u63d0\u4f9b\u5b9a\u5236\u5316\u670d\u52a1\u3002\u4e0d\u4ec5\u80fd\u591f\u5feb\u901f\u5236\u9020\u590d\u6742\u7684\u8721\u6a21\uff0c\u8fd8\u80fd\u786e\u4fdd\u94f8\u9020\u8fc7\u7a0b\u7684\u9ad8\u7cbe\u5ea6\u548c\u53ef\u9760\u6027\u3002","footnotes":""},"class_list":["post-401","page","type-page","status-publish","hentry"],"acf":[],"yoast_head":"\nAFS-500: \u4e13\u4e1aSLS\u8721\u6a213D\u6253\u5370\u673a\uff0c\u7cbe\u5bc6\u94f8\u9020\u9996\u9009 - \u4e09\u5e1d\u79d1\u6280\u80a1\u4efd\u6709\u9650\u516c\u53f8<\/title>\n<meta name=\"description\" content=\"\u901a\u8fc7AFS-500 SLS\u8721\u6a213D\u6253\u5370\u673a\uff0c\u53ef\u5b9e\u73b0\u7cbe\u5bc6\u94f8\u9020\uff0c\u4e3a\u9ad8\u7aef\u5e02\u573a\u63d0\u4f9b\u5b9a\u5236\u5316\u670d\u52a1\u3002\u4e0d\u4ec5\u80fd\u591f\u5feb\u901f\u5236\u9020\u590d\u6742\u7684\u8721\u6a21\uff0c\u8fd8\u80fd\u786e\u4fdd\u94f8\u9020\u8fc7\u7a0b\u7684\u9ad8\u7cbe\u5ea6\u548c\u53ef\u9760\u6027\u3002\" \/>\n<meta name=\"robots\" content=\"index, follow, max-snippet:-1, max-image-preview:large, max-video-preview:-1\" \/>\n<link rel=\"canonical\" href=\"https:\/\/www.3dptek.com\/fr\/industrial-3d-printers\/sls-wax-printers\/afs-500\/\" \/>\n<meta property=\"og:locale\" content=\"fr_FR\" \/>\n<meta property=\"og:type\" content=\"article\" \/>\n<meta property=\"og:title\" content=\"SLS\u8721\u578b\u6253\u53703D\u673a\uff1aAFS-500\" \/>\n<meta property=\"og:description\" content=\"\u901a\u8fc7AFS-500 SLS\u8721\u6a213D\u6253\u5370\u673a\uff0c\u53ef\u5b9e\u73b0\u7cbe\u5bc6\u94f8\u9020\uff0c\u4e3a\u9ad8\u7aef\u5e02\u573a\u63d0\u4f9b\u5b9a\u5236\u5316\u670d\u52a1\u3002\u4e0d\u4ec5\u80fd\u591f\u5feb\u901f\u5236\u9020\u590d\u6742\u7684\u8721\u6a21\uff0c\u8fd8\u80fd\u786e\u4fdd\u94f8\u9020\u8fc7\u7a0b\u7684\u9ad8\u7cbe\u5ea6\u548c\u53ef\u9760\u6027\u3002\" \/>\n<meta property=\"og:url\" content=\"https:\/\/www.3dptek.com\/fr\/industrial-3d-printers\/sls-wax-printers\/afs-500\/\" \/>\n<meta property=\"og:site_name\" content=\"\u4e09\u5e1d\u79d1\u6280\u80a1\u4efd\u6709\u9650\u516c\u53f8\" \/>\n<meta property=\"article:modified_time\" content=\"2024-11-08T08:37:38+00:00\" \/>\n<meta name=\"twitter:card\" content=\"summary_large_image\" \/>\n<meta name=\"twitter:label1\" content=\"Dur\u00e9e de lecture estim\u00e9e\" \/>\n\t<meta name=\"twitter:data1\" content=\"3 minutes\" \/>\n<script type=\"application\/ld+json\" class=\"yoast-schema-graph\">{\"@context\":\"https:\/\/schema.org\",\"@graph\":[{\"@type\":\"WebPage\",\"@id\":\"https:\/\/www.3dptek.com\/industrial-3d-printers\/sls-wax-printers\/afs-500\/\",\"url\":\"https:\/\/www.3dptek.com\/industrial-3d-printers\/sls-wax-printers\/afs-500\/\",\"name\":\"AFS-500: \u4e13\u4e1aSLS\u8721\u6a213D\u6253\u5370\u673a\uff0c\u7cbe\u5bc6\u94f8\u9020\u9996\u9009 - \u4e09\u5e1d\u79d1\u6280\u80a1\u4efd\u6709\u9650\u516c\u53f8\",\"isPartOf\":{\"@id\":\"https:\/\/www.3dptek.com\/#website\"},\"datePublished\":\"2024-04-10T03:56:19+00:00\",\"dateModified\":\"2024-11-08T08:37:38+00:00\",\"description\":\"\u901a\u8fc7AFS-500 SLS\u8721\u6a213D\u6253\u5370\u673a\uff0c\u53ef\u5b9e\u73b0\u7cbe\u5bc6\u94f8\u9020\uff0c\u4e3a\u9ad8\u7aef\u5e02\u573a\u63d0\u4f9b\u5b9a\u5236\u5316\u670d\u52a1\u3002\u4e0d\u4ec5\u80fd\u591f\u5feb\u901f\u5236\u9020\u590d\u6742\u7684\u8721\u6a21\uff0c\u8fd8\u80fd\u786e\u4fdd\u94f8\u9020\u8fc7\u7a0b\u7684\u9ad8\u7cbe\u5ea6\u548c\u53ef\u9760\u6027\u3002\",\"breadcrumb\":{\"@id\":\"https:\/\/www.3dptek.com\/industrial-3d-printers\/sls-wax-printers\/afs-500\/#breadcrumb\"},\"inLanguage\":\"fr-FR\",\"potentialAction\":[{\"@type\":\"ReadAction\",\"target\":[\"https:\/\/www.3dptek.com\/industrial-3d-printers\/sls-wax-printers\/afs-500\/\"]}]},{\"@type\":\"BreadcrumbList\",\"@id\":\"https:\/\/www.3dptek.com\/industrial-3d-printers\/sls-wax-printers\/afs-500\/#breadcrumb\",\"itemListElement\":[{\"@type\":\"ListItem\",\"position\":1,\"name\":\"\u9996\u9875\",\"item\":\"https:\/\/www.3dptek.com\/\"},{\"@type\":\"ListItem\",\"position\":2,\"name\":\"\u5de5\u4e1a3D\u6253\u5370\u673a\",\"item\":\"https:\/\/www.3dptek.com\/industrial-3d-printers\/\"},{\"@type\":\"ListItem\",\"position\":3,\"name\":\"SLS\u8721\u578b\u6253\u5370\u673a\",\"item\":\"https:\/\/www.3dptek.com\/industrial-3d-printers\/sls-wax-printers\/\"},{\"@type\":\"ListItem\",\"position\":4,\"name\":\"SLS\u8721\u578b\u6253\u53703D\u673a\uff1aAFS-500\"}]},{\"@type\":\"WebSite\",\"@id\":\"https:\/\/www.3dptek.com\/#website\",\"url\":\"https:\/\/www.3dptek.com\/\",\"name\":\"\u4e09\u5e1d\u79d1\u6280\u80a1\u4efd\u6709\u9650\u516c\u53f8\",\"description\":\"\",\"potentialAction\":[{\"@type\":\"SearchAction\",\"target\":{\"@type\":\"EntryPoint\",\"urlTemplate\":\"https:\/\/www.3dptek.com\/?s={search_term_string}\"},\"query-input\":{\"@type\":\"PropertyValueSpecification\",\"valueRequired\":true,\"valueName\":\"search_term_string\"}}],\"inLanguage\":\"fr-FR\"}]}<\/script>\n<!-- \/ Yoast SEO Premium plugin. -->","yoast_head_json":{"title":"AFS-500 : Imprimante 3D professionnelle SLS Wax Mould, premier choix pour le moulage de pr\u00e9cision - SANDY TECHNOLOGY CO.","description":"L'imprimante 3D AFS-500 SLS Wax Mould permet de r\u00e9aliser des moulages de pr\u00e9cision et de les personnaliser pour le march\u00e9 haut de gamme. Elle permet non seulement de fabriquer rapidement des moules en cire complexes, mais aussi de garantir une pr\u00e9cision et une fiabilit\u00e9 \u00e9lev\u00e9es dans le processus de moulage.","robots":{"index":"index","follow":"follow","max-snippet":"max-snippet:-1","max-image-preview":"max-image-preview:large","max-video-preview":"max-video-preview:-1"},"canonical":"https:\/\/www.3dptek.com\/fr\/industrial-3d-printers\/sls-wax-printers\/afs-500\/","og_locale":"fr_FR","og_type":"article","og_title":"SLS\u8721\u578b\u6253\u53703D\u673a\uff1aAFS-500","og_description":"\u901a\u8fc7AFS-500 SLS\u8721\u6a213D\u6253\u5370\u673a\uff0c\u53ef\u5b9e\u73b0\u7cbe\u5bc6\u94f8\u9020\uff0c\u4e3a\u9ad8\u7aef\u5e02\u573a\u63d0\u4f9b\u5b9a\u5236\u5316\u670d\u52a1\u3002\u4e0d\u4ec5\u80fd\u591f\u5feb\u901f\u5236\u9020\u590d\u6742\u7684\u8721\u6a21\uff0c\u8fd8\u80fd\u786e\u4fdd\u94f8\u9020\u8fc7\u7a0b\u7684\u9ad8\u7cbe\u5ea6\u548c\u53ef\u9760\u6027\u3002","og_url":"https:\/\/www.3dptek.com\/fr\/industrial-3d-printers\/sls-wax-printers\/afs-500\/","og_site_name":"\u4e09\u5e1d\u79d1\u6280\u80a1\u4efd\u6709\u9650\u516c\u53f8","article_modified_time":"2024-11-08T08:37:38+00:00","twitter_card":"summary_large_image","twitter_misc":{"Dur\u00e9e de lecture estim\u00e9e":"3 minutes"},"schema":{"@context":"https:\/\/schema.org","@graph":[{"@type":"WebPage","@id":"https:\/\/www.3dptek.com\/industrial-3d-printers\/sls-wax-printers\/afs-500\/","url":"https:\/\/www.3dptek.com\/industrial-3d-printers\/sls-wax-printers\/afs-500\/","name":"AFS-500 : Imprimante 3D professionnelle SLS Wax Mould, premier choix pour le moulage de pr\u00e9cision - SANDY TECHNOLOGY CO.","isPartOf":{"@id":"https:\/\/www.3dptek.com\/#website"},"datePublished":"2024-04-10T03:56:19+00:00","dateModified":"2024-11-08T08:37:38+00:00","description":"L'imprimante 3D AFS-500 SLS Wax Mould permet de r\u00e9aliser des moulages de pr\u00e9cision et de les personnaliser pour le march\u00e9 haut de gamme. Elle permet non seulement de fabriquer rapidement des moules en cire complexes, mais aussi de garantir une pr\u00e9cision et une fiabilit\u00e9 \u00e9lev\u00e9es dans le processus de moulage.","breadcrumb":{"@id":"https:\/\/www.3dptek.com\/industrial-3d-printers\/sls-wax-printers\/afs-500\/#breadcrumb"},"inLanguage":"fr-FR","potentialAction":[{"@type":"ReadAction","target":["https:\/\/www.3dptek.com\/industrial-3d-printers\/sls-wax-printers\/afs-500\/"]}]},{"@type":"BreadcrumbList","@id":"https:\/\/www.3dptek.com\/industrial-3d-printers\/sls-wax-printers\/afs-500\/#breadcrumb","itemListElement":[{"@type":"ListItem","position":1,"name":"\u9996\u9875","item":"https:\/\/www.3dptek.com\/"},{"@type":"ListItem","position":2,"name":"\u5de5\u4e1a3D\u6253\u5370\u673a","item":"https:\/\/www.3dptek.com\/industrial-3d-printers\/"},{"@type":"ListItem","position":3,"name":"SLS\u8721\u578b\u6253\u5370\u673a","item":"https:\/\/www.3dptek.com\/industrial-3d-printers\/sls-wax-printers\/"},{"@type":"ListItem","position":4,"name":"SLS\u8721\u578b\u6253\u53703D\u673a\uff1aAFS-500"}]},{"@type":"WebSite","@id":"https:\/\/www.3dptek.com\/#website","url":"https:\/\/www.3dptek.com\/","name":"SANDY TECHNOLOGY CO.","description":"","potentialAction":[{"@type":"SearchAction","target":{"@type":"EntryPoint","urlTemplate":"https:\/\/www.3dptek.com\/?s={search_term_string}"},"query-input":{"@type":"PropertyValueSpecification","valueRequired":true,"valueName":"search_term_string"}}],"inLanguage":"fr-FR"}]}},"_links":{"self":[{"href":"https:\/\/www.3dptek.com\/fr\/wp-json\/wp\/v2\/pages\/401","targetHints":{"allow":["GET"]}}],"collection":[{"href":"https:\/\/www.3dptek.com\/fr\/wp-json\/wp\/v2\/pages"}],"about":[{"href":"https:\/\/www.3dptek.com\/fr\/wp-json\/wp\/v2\/types\/page"}],"author":[{"embeddable":true,"href":"https:\/\/www.3dptek.com\/fr\/wp-json\/wp\/v2\/users\/1"}],"replies":[{"embeddable":true,"href":"https:\/\/www.3dptek.com\/fr\/wp-json\/wp\/v2\/comments?post=401"}],"version-history":[{"count":5,"href":"https:\/\/www.3dptek.com\/fr\/wp-json\/wp\/v2\/pages\/401\/revisions"}],"predecessor-version":[{"id":1771,"href":"https:\/\/www.3dptek.com\/fr\/wp-json\/wp\/v2\/pages\/401\/revisions\/1771"}],"up":[{"embeddable":true,"href":"https:\/\/www.3dptek.com\/fr\/wp-json\/wp\/v2\/pages\/399"}],"wp:attachment":[{"href":"https:\/\/www.3dptek.com\/fr\/wp-json\/wp\/v2\/media?parent=401"}],"curies":[{"name":"wp","href":"https:\/\/api.w.org\/{rel}","templated":true}]}}