{"id":311,"date":"2024-04-07T14:19:51","date_gmt":"2024-04-07T06:19:51","guid":{"rendered":"https:\/\/test.3dptek.com\/?page_id=311"},"modified":"2024-07-18T13:52:49","modified_gmt":"2024-07-18T05:52:49","slug":"3d-printing-materials-and-processes","status":"publish","type":"page","link":"https:\/\/www.3dptek.com\/fr\/materials\/3d-printing-materials-and-processes\/","title":{"rendered":"Mat\u00e9riaux et proc\u00e9d\u00e9s d'impression 3D"},"content":{"rendered":"","protected":false},"excerpt":{"rendered":"","protected":false},"author":1,"featured_media":0,"parent":309,"menu_order":0,"comment_status":"closed","ping_status":"closed","template":"","meta":{"_yoast_wpseo_focuskw":"","_yoast_wpseo_title":"\u7c98\u7ed3\u5242\u30013D\u6253\u5370\u539f\u6599\uff0c\u79cd\u7c7b\u9f50\u5168\u76843D\u6253\u5370\u6750\u6599\u5382\u5bb6 %%sep%% %%sitename%%","_yoast_wpseo_metadesc":"\u4e09\u5e1d\u79d1\u6280\u6df1\u5ea6\u5f00\u53d1\u4e86\u9002\u7528\u4e8e\u94f8\u94dd\u3001\u94f8\u94dc\u3001\u94f8\u94c1\u3001\u94f8\u9541\u3001\u94f8\u94a2\u7b49\u94f8\u9020\u9886\u57df\u8fd1 30 \u79cd\u7684\u6750\u6599\u5de5\u827a\u914d\u65b9\u53ca\u9488\u5bf9\u4e0d\u9508\u94a2\u3001\u6a21\u5177\u94a2\u3001SiC \u9676\u74f7\u7b49 BJ\u6210\u578b\u7c89\u672b\u6750\u6599\u7684\u9002\u914d\u6027\u5de5\u827a\u914d\u65b9\u3002","footnotes":""},"class_list":["post-311","page","type-page","status-publish","hentry"],"acf":[],"yoast_head":"\n\u7c98\u7ed3\u5242\u30013D\u6253\u5370\u539f\u6599\uff0c\u79cd\u7c7b\u9f50\u5168\u76843D\u6253\u5370\u6750\u6599\u5382\u5bb6 - \u4e09\u5e1d\u79d1\u6280\u80a1\u4efd\u6709\u9650\u516c\u53f8<\/title>\n<meta name=\"description\" content=\"\u4e09\u5e1d\u79d1\u6280\u6df1\u5ea6\u5f00\u53d1\u4e86\u9002\u7528\u4e8e\u94f8\u94dd\u3001\u94f8\u94dc\u3001\u94f8\u94c1\u3001\u94f8\u9541\u3001\u94f8\u94a2\u7b49\u94f8\u9020\u9886\u57df\u8fd1 30 \u79cd\u7684\u6750\u6599\u5de5\u827a\u914d\u65b9\u53ca\u9488\u5bf9\u4e0d\u9508\u94a2\u3001\u6a21\u5177\u94a2\u3001SiC \u9676\u74f7\u7b49 BJ\u6210\u578b\u7c89\u672b\u6750\u6599\u7684\u9002\u914d\u6027\u5de5\u827a\u914d\u65b9\u3002\" \/>\n<meta name=\"robots\" content=\"index, follow, max-snippet:-1, max-image-preview:large, max-video-preview:-1\" \/>\n<link rel=\"canonical\" href=\"https:\/\/www.3dptek.com\/fr\/materials\/3d-printing-materials-and-processes\/\" \/>\n<meta property=\"og:locale\" content=\"fr_FR\" \/>\n<meta property=\"og:type\" content=\"article\" \/>\n<meta property=\"og:title\" content=\"3D\u6253\u5370\u6750\u6599\u53ca\u5de5\u827a\" \/>\n<meta property=\"og:description\" content=\"\u4e09\u5e1d\u79d1\u6280\u6df1\u5ea6\u5f00\u53d1\u4e86\u9002\u7528\u4e8e\u94f8\u94dd\u3001\u94f8\u94dc\u3001\u94f8\u94c1\u3001\u94f8\u9541\u3001\u94f8\u94a2\u7b49\u94f8\u9020\u9886\u57df\u8fd1 30 \u79cd\u7684\u6750\u6599\u5de5\u827a\u914d\u65b9\u53ca\u9488\u5bf9\u4e0d\u9508\u94a2\u3001\u6a21\u5177\u94a2\u3001SiC \u9676\u74f7\u7b49 BJ\u6210\u578b\u7c89\u672b\u6750\u6599\u7684\u9002\u914d\u6027\u5de5\u827a\u914d\u65b9\u3002\" \/>\n<meta property=\"og:url\" content=\"https:\/\/www.3dptek.com\/fr\/materials\/3d-printing-materials-and-processes\/\" \/>\n<meta property=\"og:site_name\" content=\"\u4e09\u5e1d\u79d1\u6280\u80a1\u4efd\u6709\u9650\u516c\u53f8\" \/>\n<meta property=\"article:modified_time\" content=\"2024-07-18T05:52:49+00:00\" \/>\n<meta name=\"twitter:card\" content=\"summary_large_image\" \/>\n<meta name=\"twitter:label1\" content=\"Dur\u00e9e de lecture estim\u00e9e\" \/>\n\t<meta name=\"twitter:data1\" content=\"1 minute\" \/>\n<script type=\"application\/ld+json\" class=\"yoast-schema-graph\">{\"@context\":\"https:\/\/schema.org\",\"@graph\":[{\"@type\":\"WebPage\",\"@id\":\"https:\/\/www.3dptek.com\/materials\/3d-printing-materials-and-processes\/\",\"url\":\"https:\/\/www.3dptek.com\/materials\/3d-printing-materials-and-processes\/\",\"name\":\"\u7c98\u7ed3\u5242\u30013D\u6253\u5370\u539f\u6599\uff0c\u79cd\u7c7b\u9f50\u5168\u76843D\u6253\u5370\u6750\u6599\u5382\u5bb6 - \u4e09\u5e1d\u79d1\u6280\u80a1\u4efd\u6709\u9650\u516c\u53f8\",\"isPartOf\":{\"@id\":\"https:\/\/www.3dptek.com\/#website\"},\"datePublished\":\"2024-04-07T06:19:51+00:00\",\"dateModified\":\"2024-07-18T05:52:49+00:00\",\"description\":\"\u4e09\u5e1d\u79d1\u6280\u6df1\u5ea6\u5f00\u53d1\u4e86\u9002\u7528\u4e8e\u94f8\u94dd\u3001\u94f8\u94dc\u3001\u94f8\u94c1\u3001\u94f8\u9541\u3001\u94f8\u94a2\u7b49\u94f8\u9020\u9886\u57df\u8fd1 30 \u79cd\u7684\u6750\u6599\u5de5\u827a\u914d\u65b9\u53ca\u9488\u5bf9\u4e0d\u9508\u94a2\u3001\u6a21\u5177\u94a2\u3001SiC \u9676\u74f7\u7b49 BJ\u6210\u578b\u7c89\u672b\u6750\u6599\u7684\u9002\u914d\u6027\u5de5\u827a\u914d\u65b9\u3002\",\"breadcrumb\":{\"@id\":\"https:\/\/www.3dptek.com\/materials\/3d-printing-materials-and-processes\/#breadcrumb\"},\"inLanguage\":\"fr-FR\",\"potentialAction\":[{\"@type\":\"ReadAction\",\"target\":[\"https:\/\/www.3dptek.com\/materials\/3d-printing-materials-and-processes\/\"]}]},{\"@type\":\"BreadcrumbList\",\"@id\":\"https:\/\/www.3dptek.com\/materials\/3d-printing-materials-and-processes\/#breadcrumb\",\"itemListElement\":[{\"@type\":\"ListItem\",\"position\":1,\"name\":\"\u9996\u9875\",\"item\":\"https:\/\/www.3dptek.com\/\"},{\"@type\":\"ListItem\",\"position\":2,\"name\":\"\u6750\u6599\",\"item\":\"https:\/\/www.3dptek.com\/materials\/\"},{\"@type\":\"ListItem\",\"position\":3,\"name\":\"3D\u6253\u5370\u6750\u6599\u53ca\u5de5\u827a\"}]},{\"@type\":\"WebSite\",\"@id\":\"https:\/\/www.3dptek.com\/#website\",\"url\":\"https:\/\/www.3dptek.com\/\",\"name\":\"\u4e09\u5e1d\u79d1\u6280\u80a1\u4efd\u6709\u9650\u516c\u53f8\",\"description\":\"\",\"potentialAction\":[{\"@type\":\"SearchAction\",\"target\":{\"@type\":\"EntryPoint\",\"urlTemplate\":\"https:\/\/www.3dptek.com\/?s={search_term_string}\"},\"query-input\":{\"@type\":\"PropertyValueSpecification\",\"valueRequired\":true,\"valueName\":\"search_term_string\"}}],\"inLanguage\":\"fr-FR\"}]}<\/script>\n<!-- \/ Yoast SEO Premium plugin. -->","yoast_head_json":{"title":"Liant, mati\u00e8res premi\u00e8res pour l'impression 3D, une large gamme de fabricants de mat\u00e9riaux d'impression 3D - SANDY TECHNOLOGY CO.","description":"SANDI a mis au point pr\u00e8s de 30 types de formules de mat\u00e9riaux pour la fonte d'aluminium, la fonte de cuivre, la fonte de fer, la fonte de magn\u00e9sium, la fonte d'acier et d'autres domaines de la fonte, ainsi que des formules de processus adaptables pour l'acier inoxydable, l'acier de moulage, les c\u00e9ramiques SiC et d'autres mat\u00e9riaux en poudre pour le moulage de BJ.","robots":{"index":"index","follow":"follow","max-snippet":"max-snippet:-1","max-image-preview":"max-image-preview:large","max-video-preview":"max-video-preview:-1"},"canonical":"https:\/\/www.3dptek.com\/fr\/materials\/3d-printing-materials-and-processes\/","og_locale":"fr_FR","og_type":"article","og_title":"3D\u6253\u5370\u6750\u6599\u53ca\u5de5\u827a","og_description":"\u4e09\u5e1d\u79d1\u6280\u6df1\u5ea6\u5f00\u53d1\u4e86\u9002\u7528\u4e8e\u94f8\u94dd\u3001\u94f8\u94dc\u3001\u94f8\u94c1\u3001\u94f8\u9541\u3001\u94f8\u94a2\u7b49\u94f8\u9020\u9886\u57df\u8fd1 30 \u79cd\u7684\u6750\u6599\u5de5\u827a\u914d\u65b9\u53ca\u9488\u5bf9\u4e0d\u9508\u94a2\u3001\u6a21\u5177\u94a2\u3001SiC \u9676\u74f7\u7b49 BJ\u6210\u578b\u7c89\u672b\u6750\u6599\u7684\u9002\u914d\u6027\u5de5\u827a\u914d\u65b9\u3002","og_url":"https:\/\/www.3dptek.com\/fr\/materials\/3d-printing-materials-and-processes\/","og_site_name":"\u4e09\u5e1d\u79d1\u6280\u80a1\u4efd\u6709\u9650\u516c\u53f8","article_modified_time":"2024-07-18T05:52:49+00:00","twitter_card":"summary_large_image","twitter_misc":{"Dur\u00e9e de lecture estim\u00e9e":"1 minute"},"schema":{"@context":"https:\/\/schema.org","@graph":[{"@type":"WebPage","@id":"https:\/\/www.3dptek.com\/materials\/3d-printing-materials-and-processes\/","url":"https:\/\/www.3dptek.com\/materials\/3d-printing-materials-and-processes\/","name":"Liant, mati\u00e8res premi\u00e8res pour l'impression 3D, une large gamme de fabricants de mat\u00e9riaux d'impression 3D - SANDY TECHNOLOGY CO.","isPartOf":{"@id":"https:\/\/www.3dptek.com\/#website"},"datePublished":"2024-04-07T06:19:51+00:00","dateModified":"2024-07-18T05:52:49+00:00","description":"SANDI a mis au point pr\u00e8s de 30 types de formules de mat\u00e9riaux pour la fonte d'aluminium, la fonte de cuivre, la fonte de fer, la fonte de magn\u00e9sium, la fonte d'acier et d'autres domaines de la fonte, ainsi que des formules de processus adaptables pour l'acier inoxydable, l'acier de moulage, les c\u00e9ramiques SiC et d'autres mat\u00e9riaux en poudre pour le moulage de BJ.","breadcrumb":{"@id":"https:\/\/www.3dptek.com\/materials\/3d-printing-materials-and-processes\/#breadcrumb"},"inLanguage":"fr-FR","potentialAction":[{"@type":"ReadAction","target":["https:\/\/www.3dptek.com\/materials\/3d-printing-materials-and-processes\/"]}]},{"@type":"BreadcrumbList","@id":"https:\/\/www.3dptek.com\/materials\/3d-printing-materials-and-processes\/#breadcrumb","itemListElement":[{"@type":"ListItem","position":1,"name":"\u9996\u9875","item":"https:\/\/www.3dptek.com\/"},{"@type":"ListItem","position":2,"name":"\u6750\u6599","item":"https:\/\/www.3dptek.com\/materials\/"},{"@type":"ListItem","position":3,"name":"3D\u6253\u5370\u6750\u6599\u53ca\u5de5\u827a"}]},{"@type":"WebSite","@id":"https:\/\/www.3dptek.com\/#website","url":"https:\/\/www.3dptek.com\/","name":"SANDY TECHNOLOGY CO.","description":"","potentialAction":[{"@type":"SearchAction","target":{"@type":"EntryPoint","urlTemplate":"https:\/\/www.3dptek.com\/?s={search_term_string}"},"query-input":{"@type":"PropertyValueSpecification","valueRequired":true,"valueName":"search_term_string"}}],"inLanguage":"fr-FR"}]}},"_links":{"self":[{"href":"https:\/\/www.3dptek.com\/fr\/wp-json\/wp\/v2\/pages\/311","targetHints":{"allow":["GET"]}}],"collection":[{"href":"https:\/\/www.3dptek.com\/fr\/wp-json\/wp\/v2\/pages"}],"about":[{"href":"https:\/\/www.3dptek.com\/fr\/wp-json\/wp\/v2\/types\/page"}],"author":[{"embeddable":true,"href":"https:\/\/www.3dptek.com\/fr\/wp-json\/wp\/v2\/users\/1"}],"replies":[{"embeddable":true,"href":"https:\/\/www.3dptek.com\/fr\/wp-json\/wp\/v2\/comments?post=311"}],"version-history":[{"count":2,"href":"https:\/\/www.3dptek.com\/fr\/wp-json\/wp\/v2\/pages\/311\/revisions"}],"predecessor-version":[{"id":1578,"href":"https:\/\/www.3dptek.com\/fr\/wp-json\/wp\/v2\/pages\/311\/revisions\/1578"}],"up":[{"embeddable":true,"href":"https:\/\/www.3dptek.com\/fr\/wp-json\/wp\/v2\/pages\/309"}],"wp:attachment":[{"href":"https:\/\/www.3dptek.com\/fr\/wp-json\/wp\/v2\/media?parent=311"}],"curies":[{"name":"wp","href":"https:\/\/api.w.org\/{rel}","templated":true}]}}