{"id":282,"date":"2024-04-07T10:42:56","date_gmt":"2024-04-07T02:42:56","guid":{"rendered":"https:\/\/test.3dptek.com\/?page_id=282"},"modified":"2024-05-21T20:07:14","modified_gmt":"2024-05-21T12:07:14","slug":"industrial-machinery","status":"publish","type":"page","link":"https:\/\/www.3dptek.com\/fr\/industry-applications\/industrial-machinery\/","title":{"rendered":"Machines industrielles\/pompes et valves marines"},"content":{"rendered":"","protected":false},"excerpt":{"rendered":"","protected":false},"author":1,"featured_media":0,"parent":273,"menu_order":0,"comment_status":"closed","ping_status":"closed","template":"","meta":{"_yoast_wpseo_focuskw":"","_yoast_wpseo_title":"3D\u6253\u5370\u5728\u5de5\u4e1a\u673a\u68b0\u4e0e\u8239\u8236\u6cf5\u9600\u884c\u4e1a\uff1a\u65b0\u6280\u672f\u63a8\u52a8\u521b\u65b0\u53d1\u5c55 %%sep%% %%sitename%%","_yoast_wpseo_metadesc":"3D\u6253\u5370\u6280\u672f\u4e3a\u5de5\u4e1a\u673a\u68b0\/\u8239\u8236\u6cf5\u9600\u884c\u4e1a\u63d0\u4f9b\u4e86\u8010\u7528\u3001\u590d\u6742\u548c\u6210\u672c\u6548\u76ca\u7684\u89e3\u51b3\u65b9\u6848\u3002\u5e2e\u52a9\u5ba2\u6237\u5b9e\u73b0\u4e86\u5c0f\u6279\u91cf\u591a\u54c1\u79cd\u3001\u590d\u6742\u7ed3\u6784\u4ea7\u54c1\u7684\u4e00\u4f53\u6210\u578b\uff0c\u65e0\u9700\u5f00\u6a21\uff0c\u7f29\u77ed\u4ea4\u671f\uff0c\u964d\u4f4e\u6210\u672c\u3002\u4e0e\u4f20\u7edf\u94f8\u9020\u5de5\u827a\u76f8\u6bd4\uff0c3D\u6253\u5370\u6280\u672f\u4e0d\u4ec5\u80fd\u591f\u89e3\u51b3\u6210\u54c1\u7387\u4f4e\u7b49\u95ee\u9898\uff0c\u8fd8\u80fd\u591f\u5e94\u5bf9\u5404\u79cd\u590d\u6742\u7684\u8bbe\u8ba1\u8981\u6c42\uff0c\u4e3a\u5ba2\u6237\u63d0\u4f9b\u66f4\u7075\u6d3b\u3001\u9ad8\u6548\u7684\u751f\u4ea7\u65b9\u6848\u3002","footnotes":""},"class_list":["post-282","page","type-page","status-publish","hentry"],"acf":[],"yoast_head":"\n3D\u6253\u5370\u5728\u5de5\u4e1a\u673a\u68b0\u4e0e\u8239\u8236\u6cf5\u9600\u884c\u4e1a\uff1a\u65b0\u6280\u672f\u63a8\u52a8\u521b\u65b0\u53d1\u5c55 - \u4e09\u5e1d\u79d1\u6280\u80a1\u4efd\u6709\u9650\u516c\u53f8<\/title>\n<meta name=\"description\" content=\"3D\u6253\u5370\u6280\u672f\u4e3a\u5de5\u4e1a\u673a\u68b0\/\u8239\u8236\u6cf5\u9600\u884c\u4e1a\u63d0\u4f9b\u4e86\u8010\u7528\u3001\u590d\u6742\u548c\u6210\u672c\u6548\u76ca\u7684\u89e3\u51b3\u65b9\u6848\u3002\u5e2e\u52a9\u5ba2\u6237\u5b9e\u73b0\u4e86\u5c0f\u6279\u91cf\u591a\u54c1\u79cd\u3001\u590d\u6742\u7ed3\u6784\u4ea7\u54c1\u7684\u4e00\u4f53\u6210\u578b\uff0c\u65e0\u9700\u5f00\u6a21\uff0c\u7f29\u77ed\u4ea4\u671f\uff0c\u964d\u4f4e\u6210\u672c\u3002\u4e0e\u4f20\u7edf\u94f8\u9020\u5de5\u827a\u76f8\u6bd4\uff0c3D\u6253\u5370\u6280\u672f\u4e0d\u4ec5\u80fd\u591f\u89e3\u51b3\u6210\u54c1\u7387\u4f4e\u7b49\u95ee\u9898\uff0c\u8fd8\u80fd\u591f\u5e94\u5bf9\u5404\u79cd\u590d\u6742\u7684\u8bbe\u8ba1\u8981\u6c42\uff0c\u4e3a\u5ba2\u6237\u63d0\u4f9b\u66f4\u7075\u6d3b\u3001\u9ad8\u6548\u7684\u751f\u4ea7\u65b9\u6848\u3002\" \/>\n<meta name=\"robots\" content=\"index, follow, max-snippet:-1, max-image-preview:large, max-video-preview:-1\" \/>\n<link rel=\"canonical\" href=\"https:\/\/www.3dptek.com\/fr\/industry-applications\/industrial-machinery\/\" \/>\n<meta property=\"og:locale\" content=\"fr_FR\" \/>\n<meta property=\"og:type\" content=\"article\" \/>\n<meta property=\"og:title\" content=\"\u5de5\u4e1a\u673a\u68b0\/\u8239\u8236\u6cf5\u9600\" \/>\n<meta property=\"og:description\" content=\"3D\u6253\u5370\u6280\u672f\u4e3a\u5de5\u4e1a\u673a\u68b0\/\u8239\u8236\u6cf5\u9600\u884c\u4e1a\u63d0\u4f9b\u4e86\u8010\u7528\u3001\u590d\u6742\u548c\u6210\u672c\u6548\u76ca\u7684\u89e3\u51b3\u65b9\u6848\u3002\u5e2e\u52a9\u5ba2\u6237\u5b9e\u73b0\u4e86\u5c0f\u6279\u91cf\u591a\u54c1\u79cd\u3001\u590d\u6742\u7ed3\u6784\u4ea7\u54c1\u7684\u4e00\u4f53\u6210\u578b\uff0c\u65e0\u9700\u5f00\u6a21\uff0c\u7f29\u77ed\u4ea4\u671f\uff0c\u964d\u4f4e\u6210\u672c\u3002\u4e0e\u4f20\u7edf\u94f8\u9020\u5de5\u827a\u76f8\u6bd4\uff0c3D\u6253\u5370\u6280\u672f\u4e0d\u4ec5\u80fd\u591f\u89e3\u51b3\u6210\u54c1\u7387\u4f4e\u7b49\u95ee\u9898\uff0c\u8fd8\u80fd\u591f\u5e94\u5bf9\u5404\u79cd\u590d\u6742\u7684\u8bbe\u8ba1\u8981\u6c42\uff0c\u4e3a\u5ba2\u6237\u63d0\u4f9b\u66f4\u7075\u6d3b\u3001\u9ad8\u6548\u7684\u751f\u4ea7\u65b9\u6848\u3002\" \/>\n<meta property=\"og:url\" content=\"https:\/\/www.3dptek.com\/fr\/industry-applications\/industrial-machinery\/\" \/>\n<meta property=\"og:site_name\" content=\"\u4e09\u5e1d\u79d1\u6280\u80a1\u4efd\u6709\u9650\u516c\u53f8\" \/>\n<meta property=\"article:modified_time\" content=\"2024-05-21T12:07:14+00:00\" \/>\n<meta name=\"twitter:card\" content=\"summary_large_image\" \/>\n<meta name=\"twitter:label1\" content=\"Dur\u00e9e de lecture estim\u00e9e\" \/>\n\t<meta name=\"twitter:data1\" content=\"1 minute\" \/>\n<script type=\"application\/ld+json\" class=\"yoast-schema-graph\">{\"@context\":\"https:\/\/schema.org\",\"@graph\":[{\"@type\":\"WebPage\",\"@id\":\"https:\/\/www.3dptek.com\/industry-applications\/industrial-machinery\/\",\"url\":\"https:\/\/www.3dptek.com\/industry-applications\/industrial-machinery\/\",\"name\":\"3D\u6253\u5370\u5728\u5de5\u4e1a\u673a\u68b0\u4e0e\u8239\u8236\u6cf5\u9600\u884c\u4e1a\uff1a\u65b0\u6280\u672f\u63a8\u52a8\u521b\u65b0\u53d1\u5c55 - \u4e09\u5e1d\u79d1\u6280\u80a1\u4efd\u6709\u9650\u516c\u53f8\",\"isPartOf\":{\"@id\":\"https:\/\/www.3dptek.com\/#website\"},\"datePublished\":\"2024-04-07T02:42:56+00:00\",\"dateModified\":\"2024-05-21T12:07:14+00:00\",\"description\":\"3D\u6253\u5370\u6280\u672f\u4e3a\u5de5\u4e1a\u673a\u68b0\/\u8239\u8236\u6cf5\u9600\u884c\u4e1a\u63d0\u4f9b\u4e86\u8010\u7528\u3001\u590d\u6742\u548c\u6210\u672c\u6548\u76ca\u7684\u89e3\u51b3\u65b9\u6848\u3002\u5e2e\u52a9\u5ba2\u6237\u5b9e\u73b0\u4e86\u5c0f\u6279\u91cf\u591a\u54c1\u79cd\u3001\u590d\u6742\u7ed3\u6784\u4ea7\u54c1\u7684\u4e00\u4f53\u6210\u578b\uff0c\u65e0\u9700\u5f00\u6a21\uff0c\u7f29\u77ed\u4ea4\u671f\uff0c\u964d\u4f4e\u6210\u672c\u3002\u4e0e\u4f20\u7edf\u94f8\u9020\u5de5\u827a\u76f8\u6bd4\uff0c3D\u6253\u5370\u6280\u672f\u4e0d\u4ec5\u80fd\u591f\u89e3\u51b3\u6210\u54c1\u7387\u4f4e\u7b49\u95ee\u9898\uff0c\u8fd8\u80fd\u591f\u5e94\u5bf9\u5404\u79cd\u590d\u6742\u7684\u8bbe\u8ba1\u8981\u6c42\uff0c\u4e3a\u5ba2\u6237\u63d0\u4f9b\u66f4\u7075\u6d3b\u3001\u9ad8\u6548\u7684\u751f\u4ea7\u65b9\u6848\u3002\",\"breadcrumb\":{\"@id\":\"https:\/\/www.3dptek.com\/industry-applications\/industrial-machinery\/#breadcrumb\"},\"inLanguage\":\"fr-FR\",\"potentialAction\":[{\"@type\":\"ReadAction\",\"target\":[\"https:\/\/www.3dptek.com\/industry-applications\/industrial-machinery\/\"]}]},{\"@type\":\"BreadcrumbList\",\"@id\":\"https:\/\/www.3dptek.com\/industry-applications\/industrial-machinery\/#breadcrumb\",\"itemListElement\":[{\"@type\":\"ListItem\",\"position\":1,\"name\":\"\u9996\u9875\",\"item\":\"https:\/\/www.3dptek.com\/\"},{\"@type\":\"ListItem\",\"position\":2,\"name\":\"\u884c\u4e1a\u5e94\u7528\",\"item\":\"https:\/\/www.3dptek.com\/industry-applications\/\"},{\"@type\":\"ListItem\",\"position\":3,\"name\":\"\u5de5\u4e1a\u673a\u68b0\/\u8239\u8236\u6cf5\u9600\"}]},{\"@type\":\"WebSite\",\"@id\":\"https:\/\/www.3dptek.com\/#website\",\"url\":\"https:\/\/www.3dptek.com\/\",\"name\":\"\u4e09\u5e1d\u79d1\u6280\u80a1\u4efd\u6709\u9650\u516c\u53f8\",\"description\":\"\",\"potentialAction\":[{\"@type\":\"SearchAction\",\"target\":{\"@type\":\"EntryPoint\",\"urlTemplate\":\"https:\/\/www.3dptek.com\/?s={search_term_string}\"},\"query-input\":{\"@type\":\"PropertyValueSpecification\",\"valueRequired\":true,\"valueName\":\"search_term_string\"}}],\"inLanguage\":\"fr-FR\"}]}<\/script>\n<!-- \/ Yoast SEO Premium plugin. -->","yoast_head_json":{"title":"L'impression 3D dans l'industrie des machines industrielles et des vannes de pompes marines : une nouvelle technologie pour promouvoir l'innovation et le d\u00e9veloppement - SANDY TECHNOLOGY CO.","description":"La technologie de l'impression 3D offre des solutions durables, complexes et rentables pour l'industrie des machines industrielles, des pompes marines et des vannes. Elle permet aux clients de mouler en une seule pi\u00e8ce des produits structurels complexes, de petite taille et de grande vari\u00e9t\u00e9, sans avoir \u00e0 ouvrir les moules, de raccourcir les d\u00e9lais de livraison et de r\u00e9duire les co\u00fbts. Par rapport au processus de moulage traditionnel, la technologie d'impression 3D permet non seulement de r\u00e9soudre des probl\u00e8mes tels que le faible rendement, mais aussi de r\u00e9pondre \u00e0 une vari\u00e9t\u00e9 d'exigences de conception complexes, offrant ainsi aux clients des solutions de production plus souples et plus efficaces.","robots":{"index":"index","follow":"follow","max-snippet":"max-snippet:-1","max-image-preview":"max-image-preview:large","max-video-preview":"max-video-preview:-1"},"canonical":"https:\/\/www.3dptek.com\/fr\/industry-applications\/industrial-machinery\/","og_locale":"fr_FR","og_type":"article","og_title":"\u5de5\u4e1a\u673a\u68b0\/\u8239\u8236\u6cf5\u9600","og_description":"3D\u6253\u5370\u6280\u672f\u4e3a\u5de5\u4e1a\u673a\u68b0\/\u8239\u8236\u6cf5\u9600\u884c\u4e1a\u63d0\u4f9b\u4e86\u8010\u7528\u3001\u590d\u6742\u548c\u6210\u672c\u6548\u76ca\u7684\u89e3\u51b3\u65b9\u6848\u3002\u5e2e\u52a9\u5ba2\u6237\u5b9e\u73b0\u4e86\u5c0f\u6279\u91cf\u591a\u54c1\u79cd\u3001\u590d\u6742\u7ed3\u6784\u4ea7\u54c1\u7684\u4e00\u4f53\u6210\u578b\uff0c\u65e0\u9700\u5f00\u6a21\uff0c\u7f29\u77ed\u4ea4\u671f\uff0c\u964d\u4f4e\u6210\u672c\u3002\u4e0e\u4f20\u7edf\u94f8\u9020\u5de5\u827a\u76f8\u6bd4\uff0c3D\u6253\u5370\u6280\u672f\u4e0d\u4ec5\u80fd\u591f\u89e3\u51b3\u6210\u54c1\u7387\u4f4e\u7b49\u95ee\u9898\uff0c\u8fd8\u80fd\u591f\u5e94\u5bf9\u5404\u79cd\u590d\u6742\u7684\u8bbe\u8ba1\u8981\u6c42\uff0c\u4e3a\u5ba2\u6237\u63d0\u4f9b\u66f4\u7075\u6d3b\u3001\u9ad8\u6548\u7684\u751f\u4ea7\u65b9\u6848\u3002","og_url":"https:\/\/www.3dptek.com\/fr\/industry-applications\/industrial-machinery\/","og_site_name":"\u4e09\u5e1d\u79d1\u6280\u80a1\u4efd\u6709\u9650\u516c\u53f8","article_modified_time":"2024-05-21T12:07:14+00:00","twitter_card":"summary_large_image","twitter_misc":{"Dur\u00e9e de lecture estim\u00e9e":"1 minute"},"schema":{"@context":"https:\/\/schema.org","@graph":[{"@type":"WebPage","@id":"https:\/\/www.3dptek.com\/industry-applications\/industrial-machinery\/","url":"https:\/\/www.3dptek.com\/industry-applications\/industrial-machinery\/","name":"L'impression 3D dans l'industrie des machines industrielles et des vannes de pompes marines : une nouvelle technologie pour promouvoir l'innovation et le d\u00e9veloppement - SANDY TECHNOLOGY CO.","isPartOf":{"@id":"https:\/\/www.3dptek.com\/#website"},"datePublished":"2024-04-07T02:42:56+00:00","dateModified":"2024-05-21T12:07:14+00:00","description":"La technologie de l'impression 3D offre des solutions durables, complexes et rentables pour l'industrie des machines industrielles, des pompes marines et des vannes. Elle permet aux clients de mouler en une seule pi\u00e8ce des produits structurels complexes, de petite taille et de grande vari\u00e9t\u00e9, sans avoir \u00e0 ouvrir les moules, de raccourcir les d\u00e9lais de livraison et de r\u00e9duire les co\u00fbts. Par rapport au processus de moulage traditionnel, la technologie d'impression 3D permet non seulement de r\u00e9soudre des probl\u00e8mes tels que le faible rendement, mais aussi de r\u00e9pondre \u00e0 une vari\u00e9t\u00e9 d'exigences de conception complexes, offrant ainsi aux clients des solutions de production plus souples et plus efficaces.","breadcrumb":{"@id":"https:\/\/www.3dptek.com\/industry-applications\/industrial-machinery\/#breadcrumb"},"inLanguage":"fr-FR","potentialAction":[{"@type":"ReadAction","target":["https:\/\/www.3dptek.com\/industry-applications\/industrial-machinery\/"]}]},{"@type":"BreadcrumbList","@id":"https:\/\/www.3dptek.com\/industry-applications\/industrial-machinery\/#breadcrumb","itemListElement":[{"@type":"ListItem","position":1,"name":"\u9996\u9875","item":"https:\/\/www.3dptek.com\/"},{"@type":"ListItem","position":2,"name":"\u884c\u4e1a\u5e94\u7528","item":"https:\/\/www.3dptek.com\/industry-applications\/"},{"@type":"ListItem","position":3,"name":"\u5de5\u4e1a\u673a\u68b0\/\u8239\u8236\u6cf5\u9600"}]},{"@type":"WebSite","@id":"https:\/\/www.3dptek.com\/#website","url":"https:\/\/www.3dptek.com\/","name":"SANDY TECHNOLOGY CO.","description":"","potentialAction":[{"@type":"SearchAction","target":{"@type":"EntryPoint","urlTemplate":"https:\/\/www.3dptek.com\/?s={search_term_string}"},"query-input":{"@type":"PropertyValueSpecification","valueRequired":true,"valueName":"search_term_string"}}],"inLanguage":"fr-FR"}]}},"_links":{"self":[{"href":"https:\/\/www.3dptek.com\/fr\/wp-json\/wp\/v2\/pages\/282","targetHints":{"allow":["GET"]}}],"collection":[{"href":"https:\/\/www.3dptek.com\/fr\/wp-json\/wp\/v2\/pages"}],"about":[{"href":"https:\/\/www.3dptek.com\/fr\/wp-json\/wp\/v2\/types\/page"}],"author":[{"embeddable":true,"href":"https:\/\/www.3dptek.com\/fr\/wp-json\/wp\/v2\/users\/1"}],"replies":[{"embeddable":true,"href":"https:\/\/www.3dptek.com\/fr\/wp-json\/wp\/v2\/comments?post=282"}],"version-history":[{"count":2,"href":"https:\/\/www.3dptek.com\/fr\/wp-json\/wp\/v2\/pages\/282\/revisions"}],"predecessor-version":[{"id":870,"href":"https:\/\/www.3dptek.com\/fr\/wp-json\/wp\/v2\/pages\/282\/revisions\/870"}],"up":[{"embeddable":true,"href":"https:\/\/www.3dptek.com\/fr\/wp-json\/wp\/v2\/pages\/273"}],"wp:attachment":[{"href":"https:\/\/www.3dptek.com\/fr\/wp-json\/wp\/v2\/media?parent=282"}],"curies":[{"name":"wp","href":"https:\/\/api.w.org\/{rel}","templated":true}]}}