{"id":184,"date":"2024-04-01T14:07:55","date_gmt":"2024-04-01T06:07:55","guid":{"rendered":"https:\/\/test.3dptek.com\/?page_id=184"},"modified":"2024-05-21T17:54:00","modified_gmt":"2024-05-21T09:54:00","slug":"smart-centre","status":"publish","type":"page","link":"https:\/\/www.3dptek.com\/es\/3d-printed-manufacturing\/smart-centre\/","title":{"rendered":"Centro Nacional de Fabricaci\u00f3n 3D"},"content":{"rendered":"","protected":false},"excerpt":{"rendered":"","protected":false},"author":1,"featured_media":0,"parent":49,"menu_order":0,"comment_status":"closed","ping_status":"closed","template":"","meta":{"_yoast_wpseo_focuskw":"","_yoast_wpseo_title":"\u5168\u56fd3D\u6253\u5370\u5236\u9020\u4e2d\u5fc3 | \u5168\u6d41\u7a0b\u4e00\u7ad9\u5f0f\u670d\u52a1\u4e28\u667a\u80fd\u5316\u3001\u7eff\u8272\u5316\u3001\u9ad8\u7aef\u5316\u3001\u878d\u5408\u5316\u52a0\u5de5\u4e2d\u5fc3 %%sep%% %%sitename%%","_yoast_wpseo_metadesc":"\u4e09\u5e1d\u79d1\u6280\u901a\u8fc7\u5168\u56fd10\u4f59\u5bb6\u5236\u9020\u4e2d\u5fc3\uff0c\u53ca\u9655\u897f\u54b8\u9633\u3001\u5c71\u4e1c\u65e5\u7167\u3001\u5b89\u5fbd\u94dc\u9675\u3001\u6cb3\u5317\u5927\u540d\u3001\u5e7f\u897f\u7389\u6797\u7b49\u5730\u76843D\u6253\u5370\u5feb\u901f\u94f8\u9020\u793a\u8303\u5de5\u5382\uff0c\u5efa\u7acb\u4e86\u5168\u5c3a\u5bf8\u3001\u591a\u6750\u6599\u3001\u5168\u94fe\u8def\u7684\u5feb\u901f\u5236\u9020\u670d\u52a1\u80fd\u529b\uff0c\u53ef\u4e3a\u7528\u6237\u63d0\u4f9b\u5feb\u901f\u6210\u54c1\u4ef6\u5236\u9020\uff0c\u590d\u6742\u7802\u578b\u3001\u7802\u82af\u3001\u8721\u578b\u6253\u5370\uff0c\u7802\u578b\u6253\u5370\u5feb\u901f\u94f8\u9020\uff0c\u8721\u578b\u6253\u5370\u7cbe\u5bc6\u94f8\u9020\u7b49\u670d\u52a1\u3002","footnotes":""},"class_list":["post-184","page","type-page","status-publish","hentry"],"acf":[],"yoast_head":"\n\u5168\u56fd3D\u6253\u5370\u5236\u9020\u4e2d\u5fc3 | \u5168\u6d41\u7a0b\u4e00\u7ad9\u5f0f\u670d\u52a1\u4e28\u667a\u80fd\u5316\u3001\u7eff\u8272\u5316\u3001\u9ad8\u7aef\u5316\u3001\u878d\u5408\u5316\u52a0\u5de5\u4e2d\u5fc3 - \u4e09\u5e1d\u79d1\u6280\u80a1\u4efd\u6709\u9650\u516c\u53f8<\/title>\n<meta name=\"description\" content=\"\u4e09\u5e1d\u79d1\u6280\u901a\u8fc7\u5168\u56fd10\u4f59\u5bb6\u5236\u9020\u4e2d\u5fc3\uff0c\u53ca\u9655\u897f\u54b8\u9633\u3001\u5c71\u4e1c\u65e5\u7167\u3001\u5b89\u5fbd\u94dc\u9675\u3001\u6cb3\u5317\u5927\u540d\u3001\u5e7f\u897f\u7389\u6797\u7b49\u5730\u76843D\u6253\u5370\u5feb\u901f\u94f8\u9020\u793a\u8303\u5de5\u5382\uff0c\u5efa\u7acb\u4e86\u5168\u5c3a\u5bf8\u3001\u591a\u6750\u6599\u3001\u5168\u94fe\u8def\u7684\u5feb\u901f\u5236\u9020\u670d\u52a1\u80fd\u529b\uff0c\u53ef\u4e3a\u7528\u6237\u63d0\u4f9b\u5feb\u901f\u6210\u54c1\u4ef6\u5236\u9020\uff0c\u590d\u6742\u7802\u578b\u3001\u7802\u82af\u3001\u8721\u578b\u6253\u5370\uff0c\u7802\u578b\u6253\u5370\u5feb\u901f\u94f8\u9020\uff0c\u8721\u578b\u6253\u5370\u7cbe\u5bc6\u94f8\u9020\u7b49\u670d\u52a1\u3002\" \/>\n<meta name=\"robots\" content=\"index, follow, max-snippet:-1, max-image-preview:large, max-video-preview:-1\" \/>\n<link rel=\"canonical\" href=\"https:\/\/www.3dptek.com\/es\/3d-printed-manufacturing\/smart-centre\/\" \/>\n<meta property=\"og:locale\" content=\"es_ES\" \/>\n<meta property=\"og:type\" content=\"article\" \/>\n<meta property=\"og:title\" content=\"\u5168\u56fd3D\u5236\u9020\u4e2d\u5fc3\" \/>\n<meta property=\"og:description\" content=\"\u4e09\u5e1d\u79d1\u6280\u901a\u8fc7\u5168\u56fd10\u4f59\u5bb6\u5236\u9020\u4e2d\u5fc3\uff0c\u53ca\u9655\u897f\u54b8\u9633\u3001\u5c71\u4e1c\u65e5\u7167\u3001\u5b89\u5fbd\u94dc\u9675\u3001\u6cb3\u5317\u5927\u540d\u3001\u5e7f\u897f\u7389\u6797\u7b49\u5730\u76843D\u6253\u5370\u5feb\u901f\u94f8\u9020\u793a\u8303\u5de5\u5382\uff0c\u5efa\u7acb\u4e86\u5168\u5c3a\u5bf8\u3001\u591a\u6750\u6599\u3001\u5168\u94fe\u8def\u7684\u5feb\u901f\u5236\u9020\u670d\u52a1\u80fd\u529b\uff0c\u53ef\u4e3a\u7528\u6237\u63d0\u4f9b\u5feb\u901f\u6210\u54c1\u4ef6\u5236\u9020\uff0c\u590d\u6742\u7802\u578b\u3001\u7802\u82af\u3001\u8721\u578b\u6253\u5370\uff0c\u7802\u578b\u6253\u5370\u5feb\u901f\u94f8\u9020\uff0c\u8721\u578b\u6253\u5370\u7cbe\u5bc6\u94f8\u9020\u7b49\u670d\u52a1\u3002\" \/>\n<meta property=\"og:url\" content=\"https:\/\/www.3dptek.com\/es\/3d-printed-manufacturing\/smart-centre\/\" \/>\n<meta property=\"og:site_name\" content=\"\u4e09\u5e1d\u79d1\u6280\u80a1\u4efd\u6709\u9650\u516c\u53f8\" \/>\n<meta property=\"article:modified_time\" content=\"2024-05-21T09:54:00+00:00\" \/>\n<meta name=\"twitter:card\" content=\"summary_large_image\" \/>\n<meta name=\"twitter:label1\" content=\"Tiempo de lectura\" \/>\n\t<meta name=\"twitter:data1\" content=\"5 minutos\" \/>\n<script type=\"application\/ld+json\" class=\"yoast-schema-graph\">{\"@context\":\"https:\/\/schema.org\",\"@graph\":[{\"@type\":\"WebPage\",\"@id\":\"https:\/\/www.3dptek.com\/3d-printed-manufacturing\/smart-centre\/\",\"url\":\"https:\/\/www.3dptek.com\/3d-printed-manufacturing\/smart-centre\/\",\"name\":\"\u5168\u56fd3D\u6253\u5370\u5236\u9020\u4e2d\u5fc3 | \u5168\u6d41\u7a0b\u4e00\u7ad9\u5f0f\u670d\u52a1\u4e28\u667a\u80fd\u5316\u3001\u7eff\u8272\u5316\u3001\u9ad8\u7aef\u5316\u3001\u878d\u5408\u5316\u52a0\u5de5\u4e2d\u5fc3 - \u4e09\u5e1d\u79d1\u6280\u80a1\u4efd\u6709\u9650\u516c\u53f8\",\"isPartOf\":{\"@id\":\"https:\/\/www.3dptek.com\/#website\"},\"datePublished\":\"2024-04-01T06:07:55+00:00\",\"dateModified\":\"2024-05-21T09:54:00+00:00\",\"description\":\"\u4e09\u5e1d\u79d1\u6280\u901a\u8fc7\u5168\u56fd10\u4f59\u5bb6\u5236\u9020\u4e2d\u5fc3\uff0c\u53ca\u9655\u897f\u54b8\u9633\u3001\u5c71\u4e1c\u65e5\u7167\u3001\u5b89\u5fbd\u94dc\u9675\u3001\u6cb3\u5317\u5927\u540d\u3001\u5e7f\u897f\u7389\u6797\u7b49\u5730\u76843D\u6253\u5370\u5feb\u901f\u94f8\u9020\u793a\u8303\u5de5\u5382\uff0c\u5efa\u7acb\u4e86\u5168\u5c3a\u5bf8\u3001\u591a\u6750\u6599\u3001\u5168\u94fe\u8def\u7684\u5feb\u901f\u5236\u9020\u670d\u52a1\u80fd\u529b\uff0c\u53ef\u4e3a\u7528\u6237\u63d0\u4f9b\u5feb\u901f\u6210\u54c1\u4ef6\u5236\u9020\uff0c\u590d\u6742\u7802\u578b\u3001\u7802\u82af\u3001\u8721\u578b\u6253\u5370\uff0c\u7802\u578b\u6253\u5370\u5feb\u901f\u94f8\u9020\uff0c\u8721\u578b\u6253\u5370\u7cbe\u5bc6\u94f8\u9020\u7b49\u670d\u52a1\u3002\",\"breadcrumb\":{\"@id\":\"https:\/\/www.3dptek.com\/3d-printed-manufacturing\/smart-centre\/#breadcrumb\"},\"inLanguage\":\"es\",\"potentialAction\":[{\"@type\":\"ReadAction\",\"target\":[\"https:\/\/www.3dptek.com\/3d-printed-manufacturing\/smart-centre\/\"]}]},{\"@type\":\"BreadcrumbList\",\"@id\":\"https:\/\/www.3dptek.com\/3d-printed-manufacturing\/smart-centre\/#breadcrumb\",\"itemListElement\":[{\"@type\":\"ListItem\",\"position\":1,\"name\":\"\u9996\u9875\",\"item\":\"https:\/\/www.3dptek.com\/\"},{\"@type\":\"ListItem\",\"position\":2,\"name\":\"3D\u5236\u9020\",\"item\":\"https:\/\/www.3dptek.com\/3d-printed-manufacturing\/\"},{\"@type\":\"ListItem\",\"position\":3,\"name\":\"\u5168\u56fd3D\u5236\u9020\u4e2d\u5fc3\"}]},{\"@type\":\"WebSite\",\"@id\":\"https:\/\/www.3dptek.com\/#website\",\"url\":\"https:\/\/www.3dptek.com\/\",\"name\":\"\u4e09\u5e1d\u79d1\u6280\u80a1\u4efd\u6709\u9650\u516c\u53f8\",\"description\":\"\",\"potentialAction\":[{\"@type\":\"SearchAction\",\"target\":{\"@type\":\"EntryPoint\",\"urlTemplate\":\"https:\/\/www.3dptek.com\/?s={search_term_string}\"},\"query-input\":{\"@type\":\"PropertyValueSpecification\",\"valueRequired\":true,\"valueName\":\"search_term_string\"}}],\"inLanguage\":\"es\"}]}<\/script>\n<!-- \/ Yoast SEO Premium plugin. -->","yoast_head_json":{"title":"Centro nacional de fabricaci\u00f3n por impresi\u00f3n 3D | Servicio integral\u4e28Centro de procesamiento inteligente, ecol\u00f3gico, de alta gama y convergente - SANDY TECHNOLOGY CO.","description":"A trav\u00e9s de m\u00e1s de 10 centros de fabricaci\u00f3n en todo el pa\u00eds, y f\u00e1bricas de demostraci\u00f3n de fundici\u00f3n r\u00e1pida de impresi\u00f3n 3D en Xianyang, Shaanxi, Rizhao, Shandong, Tongling, Anhui, Daiming, Hebei, Yulin, Guangxi, etc., SANDY Technology ha establecido la capacidad de servicios de fabricaci\u00f3n r\u00e1pida de tama\u00f1o completo, multimaterial y cadena completa, y puede proporcionar a los usuarios servicios de fabricaci\u00f3n r\u00e1pida de piezas acabadas, arena compleja, n\u00facleo de arena e impresi\u00f3n de cera, fundici\u00f3n r\u00e1pida de impresi\u00f3n de arena y fundici\u00f3n de precisi\u00f3n de impresi\u00f3n de cera.","robots":{"index":"index","follow":"follow","max-snippet":"max-snippet:-1","max-image-preview":"max-image-preview:large","max-video-preview":"max-video-preview:-1"},"canonical":"https:\/\/www.3dptek.com\/es\/3d-printed-manufacturing\/smart-centre\/","og_locale":"es_ES","og_type":"article","og_title":"\u5168\u56fd3D\u5236\u9020\u4e2d\u5fc3","og_description":"\u4e09\u5e1d\u79d1\u6280\u901a\u8fc7\u5168\u56fd10\u4f59\u5bb6\u5236\u9020\u4e2d\u5fc3\uff0c\u53ca\u9655\u897f\u54b8\u9633\u3001\u5c71\u4e1c\u65e5\u7167\u3001\u5b89\u5fbd\u94dc\u9675\u3001\u6cb3\u5317\u5927\u540d\u3001\u5e7f\u897f\u7389\u6797\u7b49\u5730\u76843D\u6253\u5370\u5feb\u901f\u94f8\u9020\u793a\u8303\u5de5\u5382\uff0c\u5efa\u7acb\u4e86\u5168\u5c3a\u5bf8\u3001\u591a\u6750\u6599\u3001\u5168\u94fe\u8def\u7684\u5feb\u901f\u5236\u9020\u670d\u52a1\u80fd\u529b\uff0c\u53ef\u4e3a\u7528\u6237\u63d0\u4f9b\u5feb\u901f\u6210\u54c1\u4ef6\u5236\u9020\uff0c\u590d\u6742\u7802\u578b\u3001\u7802\u82af\u3001\u8721\u578b\u6253\u5370\uff0c\u7802\u578b\u6253\u5370\u5feb\u901f\u94f8\u9020\uff0c\u8721\u578b\u6253\u5370\u7cbe\u5bc6\u94f8\u9020\u7b49\u670d\u52a1\u3002","og_url":"https:\/\/www.3dptek.com\/es\/3d-printed-manufacturing\/smart-centre\/","og_site_name":"\u4e09\u5e1d\u79d1\u6280\u80a1\u4efd\u6709\u9650\u516c\u53f8","article_modified_time":"2024-05-21T09:54:00+00:00","twitter_card":"summary_large_image","twitter_misc":{"Tiempo de lectura":"5 minutos"},"schema":{"@context":"https:\/\/schema.org","@graph":[{"@type":"WebPage","@id":"https:\/\/www.3dptek.com\/3d-printed-manufacturing\/smart-centre\/","url":"https:\/\/www.3dptek.com\/3d-printed-manufacturing\/smart-centre\/","name":"Centro nacional de fabricaci\u00f3n por impresi\u00f3n 3D | Servicio integral\u4e28Centro de procesamiento inteligente, ecol\u00f3gico, de alta gama y convergente - SANDY TECHNOLOGY CO.","isPartOf":{"@id":"https:\/\/www.3dptek.com\/#website"},"datePublished":"2024-04-01T06:07:55+00:00","dateModified":"2024-05-21T09:54:00+00:00","description":"A trav\u00e9s de m\u00e1s de 10 centros de fabricaci\u00f3n en todo el pa\u00eds, y f\u00e1bricas de demostraci\u00f3n de fundici\u00f3n r\u00e1pida de impresi\u00f3n 3D en Xianyang, Shaanxi, Rizhao, Shandong, Tongling, Anhui, Daiming, Hebei, Yulin, Guangxi, etc., SANDY Technology ha establecido la capacidad de servicios de fabricaci\u00f3n r\u00e1pida de tama\u00f1o completo, multimaterial y cadena completa, y puede proporcionar a los usuarios servicios de fabricaci\u00f3n r\u00e1pida de piezas acabadas, arena compleja, n\u00facleo de arena e impresi\u00f3n de cera, fundici\u00f3n r\u00e1pida de impresi\u00f3n de arena y fundici\u00f3n de precisi\u00f3n de impresi\u00f3n de cera.","breadcrumb":{"@id":"https:\/\/www.3dptek.com\/3d-printed-manufacturing\/smart-centre\/#breadcrumb"},"inLanguage":"es","potentialAction":[{"@type":"ReadAction","target":["https:\/\/www.3dptek.com\/3d-printed-manufacturing\/smart-centre\/"]}]},{"@type":"BreadcrumbList","@id":"https:\/\/www.3dptek.com\/3d-printed-manufacturing\/smart-centre\/#breadcrumb","itemListElement":[{"@type":"ListItem","position":1,"name":"\u9996\u9875","item":"https:\/\/www.3dptek.com\/"},{"@type":"ListItem","position":2,"name":"3D\u5236\u9020","item":"https:\/\/www.3dptek.com\/3d-printed-manufacturing\/"},{"@type":"ListItem","position":3,"name":"\u5168\u56fd3D\u5236\u9020\u4e2d\u5fc3"}]},{"@type":"WebSite","@id":"https:\/\/www.3dptek.com\/#website","url":"https:\/\/www.3dptek.com\/","name":"SANDY TECHNOLOGY CO.","description":"","potentialAction":[{"@type":"SearchAction","target":{"@type":"EntryPoint","urlTemplate":"https:\/\/www.3dptek.com\/?s={search_term_string}"},"query-input":{"@type":"PropertyValueSpecification","valueRequired":true,"valueName":"search_term_string"}}],"inLanguage":"es"}]}},"_links":{"self":[{"href":"https:\/\/www.3dptek.com\/es\/wp-json\/wp\/v2\/pages\/184","targetHints":{"allow":["GET"]}}],"collection":[{"href":"https:\/\/www.3dptek.com\/es\/wp-json\/wp\/v2\/pages"}],"about":[{"href":"https:\/\/www.3dptek.com\/es\/wp-json\/wp\/v2\/types\/page"}],"author":[{"embeddable":true,"href":"https:\/\/www.3dptek.com\/es\/wp-json\/wp\/v2\/users\/1"}],"replies":[{"embeddable":true,"href":"https:\/\/www.3dptek.com\/es\/wp-json\/wp\/v2\/comments?post=184"}],"version-history":[{"count":2,"href":"https:\/\/www.3dptek.com\/es\/wp-json\/wp\/v2\/pages\/184\/revisions"}],"predecessor-version":[{"id":1176,"href":"https:\/\/www.3dptek.com\/es\/wp-json\/wp\/v2\/pages\/184\/revisions\/1176"}],"up":[{"embeddable":true,"href":"https:\/\/www.3dptek.com\/es\/wp-json\/wp\/v2\/pages\/49"}],"wp:attachment":[{"href":"https:\/\/www.3dptek.com\/es\/wp-json\/wp\/v2\/media?parent=184"}],"curies":[{"name":"wp","href":"https:\/\/api.w.org\/{rel}","templated":true}]}}